{"id":4750,"date":"2021-11-02T19:49:44","date_gmt":"2021-11-02T19:49:44","guid":{"rendered":"https:\/\/boydmoving.com\/?page_id=4750"},"modified":"2021-11-24T16:25:13","modified_gmt":"2021-11-24T16:25:13","slug":"boites-de-demenagement-et-fournitures-demballage","status":"publish","type":"page","link":"https:\/\/boydmoving.com\/fr\/equipements-fournitures\/boites-de-demenagement-et-fournitures-demballage\/","title":{"rendered":"Fournitures de D\u00e9m\u00e9nagement"},"content":{"rendered":"<p class=\"p1\">Nous offrons une vaste gamme de produits de d\u00e9m\u00e9nagement, d\u2019emballage et d\u2019exp\u00e9dition, y compris des caisses, des bo\u00eetes, des emballages \u00e0 bulles et en plastique. Nous avons tout ce dont vous avez besoin pour vos besoins de d\u00e9m\u00e9nagement ou de stockage!<\/p>\n<p class=\"p1\">Remplissez notre formulaire de commande et un repr\u00e9sentant vous contactera dans les 2 heures ouvrables.<\/p>\n","protected":false},"excerpt":{"rendered":"<p>Nous offrons une vaste gamme de produits de d\u00e9m\u00e9nagement, d\u2019emballage et d\u2019exp\u00e9dition, y compris des caisses, des bo\u00eetes, des emballages \u00e0 bulles et en plastique. Nous avons tout ce dont vous avez besoin pour vos besoins de d\u00e9m\u00e9nagement ou de stockage! Remplissez notre formulaire de commande et un repr\u00e9sentant vous contactera dans les 2 heures [&hellip;]<\/p>\n","protected":false},"author":2,"featured_media":4778,"parent":3937,"menu_order":0,"comment_status":"closed","ping_status":"closed","template":"page_service.php","meta":{"_acf_changed":false,"footnotes":""},"class_list":["post-4750","page","type-page","status-publish","has-post-thumbnail","hentry"],"acf":[],"_links":{"self":[{"href":"https:\/\/boydmoving.com\/fr\/wp-json\/wp\/v2\/pages\/4750","targetHints":{"allow":["GET"]}}],"collection":[{"href":"https:\/\/boydmoving.com\/fr\/wp-json\/wp\/v2\/pages"}],"about":[{"href":"https:\/\/boydmoving.com\/fr\/wp-json\/wp\/v2\/types\/page"}],"author":[{"embeddable":true,"href":"https:\/\/boydmoving.com\/fr\/wp-json\/wp\/v2\/users\/2"}],"replies":[{"embeddable":true,"href":"https:\/\/boydmoving.com\/fr\/wp-json\/wp\/v2\/comments?post=4750"}],"version-history":[{"count":0,"href":"https:\/\/boydmoving.com\/fr\/wp-json\/wp\/v2\/pages\/4750\/revisions"}],"up":[{"embeddable":true,"href":"https:\/\/boydmoving.com\/fr\/wp-json\/wp\/v2\/pages\/3937"}],"wp:featuredmedia":[{"embeddable":true,"href":"https:\/\/boydmoving.com\/fr\/wp-json\/wp\/v2\/media\/4778"}],"wp:attachment":[{"href":"https:\/\/boydmoving.com\/fr\/wp-json\/wp\/v2\/media?parent=4750"}],"curies":[{"name":"wp","href":"https:\/\/api.w.org\/{rel}","templated":true}]}}