{"id":3990,"date":"2020-09-11T20:15:58","date_gmt":"2020-09-11T20:15:58","guid":{"rendered":"https:\/\/boydmoving.com\/?page_id=3990"},"modified":"2021-11-24T16:43:56","modified_gmt":"2021-11-24T16:43:56","slug":"commerciaux","status":"publish","type":"page","link":"https:\/\/boydmoving.com\/fr\/commerciaux\/","title":{"rendered":"D\u00e9m\u00e9nagements et services commerciaux"},"content":{"rendered":"<h2><b>Du d\u00e9marrage \u00e0 la r\u00e9ussite &#8211; Nous vous aidons \u00e0 vous rendre l\u00e0 o\u00f9 vous allez \u00a0\u00a0<\/b><\/h2>\n<p>&nbsp;<\/p>\n<p>Boyd d\u00e9m\u00e9nage les petites entreprises de la r\u00e9gion d\u2019Ottawa. Nos services de d\u00e9m\u00e9nagement commercial comprennent ce qui suit:<\/p>\n<ul>\n<li>D\u00e9m\u00e9nagement commercial et planification du d\u00e9m\u00e9nagement<\/li>\n<li>Stockage et entreposage de meubles<\/li>\n<\/ul>\n<p>Nous fournissons \u00e9galement aux entreprises des services pour les aider \u00e0 g\u00e9rer l&rsquo;entreposage et les stocks:<\/p>\n<ul>\n<li><a href=\"https:\/\/boydmoving.com\/fr\/commerciaux\/gestion-dinventaire\/\"><strong>La gestion des stocks<\/strong><\/a>, pr\u00e9lever et emballer (pick and pack), le pr\u00e9 assemblage (kitting) et le transbordement (cross-decking)<\/li>\n<li><a href=\"https:\/\/boydmoving.com\/fr\/commerciaux\/entreposage-stockage\/\"><strong>Entreposage, distribution, et exp\u00e9dition internationale<\/strong><\/a><\/li>\n<li><a href=\"https:\/\/boydmoving.com\/fr\/commerciaux\/mise-en-caisse-sur-mesure\/\"><strong>Mise en caisse sur mesure<\/strong><\/a><\/li>\n<\/ul>\n<p>Sur le site principal de Boyd, vous trouverez des milliers de pieds carr\u00e9s d&rsquo;entrep\u00f4ts climatis\u00e9s, bien entretenus et prot\u00e9g\u00e9s par un syst\u00e8me d\u2019alarme. Nos services d&rsquo;entreposage et d&rsquo;inventaire sont assur\u00e9s par une \u00e9quipe form\u00e9e pour manipuler les chariots \u00e9l\u00e9vateurs et autres \u00e9quipements en toute s\u00e9curit\u00e9. Ils aident les entreprises \u00e0 gagner du temps, \u00e0 \u00e9viter les risques et \u00e0 se concentrer sur ce qu&rsquo;elles font de mieux.<\/p>\n<p>&nbsp;<\/p>\n<h2><b>Notre service de d\u00e9m\u00e9nagement commercial<\/b><\/h2>\n<p>Le d\u00e9m\u00e9nagement d&rsquo;une organisation peut \u00eatre une d\u00e9marche tr\u00e8s complexe. Si elle n&rsquo;est pas correctement g\u00e9r\u00e9e par des d\u00e9m\u00e9nageurs commerciaux exp\u00e9riment\u00e9s et sp\u00e9cialis\u00e9s, elle peut finir par co\u00fbter \u00e0 la fois du temps et de l&rsquo;argent en terme de perte de productivit\u00e9 et de d\u00e9penses non pr\u00e9vues au budget.<\/p>\n<p>Boyd a g\u00e9r\u00e9 de nombreux d\u00e9m\u00e9nagements complexes pour des entreprises, des minist\u00e8res et des agences gouvernementales, des organisations \u00e0 but non lucratif et d&rsquo;autres organisations de toute taille et de toute nature. Notre exp\u00e9rience nous permet d&rsquo;anticiper les d\u00e9fis qui peuvent se pr\u00e9senter, et de proposer des solutions cr\u00e9atives et des m\u00e9thodes \u00e9prouv\u00e9es pour assurer une transition r\u00e9ussie toute en douceur.<\/p>\n<p><a class=\"boyd-button blue-bg uppercase\" href=\"#sect_form\">Demandez une estimation de d\u00e9m\u00e9nagement pour votre petite entreprise<\/a><\/p>\n<p>&nbsp;<\/p>\n<h3><b>Une exp\u00e9rience \u00e0 laquelle vous pouvez faire confiance <\/b><b><br \/>\n<\/b><\/h3>\n<p>Afin de garantir une perturbation minimale de votre activit\u00e9 commerciale et une transition r\u00e9ussie toute en douceur, chaque aspect de votre d\u00e9m\u00e9nagement doit \u00eatre g\u00e9r\u00e9 avec soin. En \u00e9troite collaboration avec vous, nous planifierons et coordonnerons chaque d\u00e9tail et \u00e9laborerons des solutions cr\u00e9atives, y compris des d\u00e9m\u00e9nagements en soir\u00e9e ou le week-end, pour vous aider \u00e0 r\u00e9duire les temps d&rsquo;arr\u00eat.<\/p>\n<h2><b>Choisissez Boyd pour le d\u00e9m\u00e9nagement de votre entreprise<\/b><b><br \/>\n<\/b><\/h2>\n<p>Que vous d\u00e9m\u00e9nagiez votre entreprise ou vos stocks \u00e0 quelques pas d\u2019o\u00f9 vous \u00eates, \u00e0 travers le Canada ou \u00e0 l&rsquo;\u00e9tranger, Boyd poss\u00e8de l&rsquo;exp\u00e9rience et les processus n\u00e9cessaires pour garantir que tout se passe bien. Demandez une estimation ci-dessous ou t\u00e9l\u00e9phonez-nous d\u00e8s aujourd&rsquo;hui au <a href=\"tel:6132444444\">613-244-4444<\/a> (sans frais au <a href=\"tel:18002681469\">1-800-268-1469<\/a>).<\/p>\n","protected":false},"excerpt":{"rendered":"<p>Du d\u00e9marrage \u00e0 la r\u00e9ussite &#8211; Nous vous aidons \u00e0 vous rendre l\u00e0 o\u00f9 vous allez \u00a0\u00a0 &nbsp; Boyd d\u00e9m\u00e9nage les petites entreprises de la r\u00e9gion d\u2019Ottawa. Nos services de d\u00e9m\u00e9nagement commercial comprennent ce qui suit: D\u00e9m\u00e9nagement commercial et planification du d\u00e9m\u00e9nagement Stockage et entreposage de meubles Nous fournissons \u00e9galement aux entreprises des services pour [&hellip;]<\/p>\n","protected":false},"author":2,"featured_media":4374,"parent":0,"menu_order":4,"comment_status":"closed","ping_status":"closed","template":"page_service.php","meta":{"_acf_changed":false,"footnotes":""},"class_list":["post-3990","page","type-page","status-publish","has-post-thumbnail","hentry"],"acf":[],"_links":{"self":[{"href":"https:\/\/boydmoving.com\/fr\/wp-json\/wp\/v2\/pages\/3990","targetHints":{"allow":["GET"]}}],"collection":[{"href":"https:\/\/boydmoving.com\/fr\/wp-json\/wp\/v2\/pages"}],"about":[{"href":"https:\/\/boydmoving.com\/fr\/wp-json\/wp\/v2\/types\/page"}],"author":[{"embeddable":true,"href":"https:\/\/boydmoving.com\/fr\/wp-json\/wp\/v2\/users\/2"}],"replies":[{"embeddable":true,"href":"https:\/\/boydmoving.com\/fr\/wp-json\/wp\/v2\/comments?post=3990"}],"version-history":[{"count":0,"href":"https:\/\/boydmoving.com\/fr\/wp-json\/wp\/v2\/pages\/3990\/revisions"}],"wp:featuredmedia":[{"embeddable":true,"href":"https:\/\/boydmoving.com\/fr\/wp-json\/wp\/v2\/media\/4374"}],"wp:attachment":[{"href":"https:\/\/boydmoving.com\/fr\/wp-json\/wp\/v2\/media?parent=3990"}],"curies":[{"name":"wp","href":"https:\/\/api.w.org\/{rel}","templated":true}]}}