{"id":3958,"date":"2020-09-13T21:12:24","date_gmt":"2020-09-13T21:12:24","guid":{"rendered":"https:\/\/boydmoving.com\/home-moves\/"},"modified":"2023-02-08T20:12:31","modified_gmt":"2023-02-08T20:12:31","slug":"home-moves","status":"publish","type":"page","link":"https:\/\/boydmoving.com\/fr\/residentiels\/","title":{"rendered":"D\u00e9m\u00e9nagement r\u00e9sidentiel\u00a0"},"content":{"rendered":"<h2><b>On d\u00e9m\u00e9nage Ottawa depuis 1947<\/b><b><\/b><\/h2>\n<p>Du plus petit appartement \u00e0 la plus grande maison, toutes les r\u00e9sidences sont uniques. C&rsquo;est pourquoi nous traitons chaque d\u00e9m\u00e9nagement d\u2019une mani\u00e8re professionnelle.<\/p>\n<p>Voici comment nous le faisons:<\/p>\n<ul>\n<li><b>Des \u00e9quipes de d\u00e9m\u00e9nagement chaleureuses et fiables.<\/b> Nous n&rsquo;avons pas rat\u00e9 un seul d\u00e9m\u00e9nagement en plus de 35 ans, et notre personnel est cautionn\u00e9, form\u00e9 de mani\u00e8re experte et a une habilitation de s\u00e9curit\u00e9<\/li>\n<li><b>La tranquillit\u00e9 d&rsquo;esprit gr\u00e2ce \u00e0 des d\u00e9m\u00e9nagements planifi\u00e9s professionnellement.<\/b> Votre consultant vous guidera \u00e0 travers les diff\u00e9rentes options offertes et vous aidera \u00e0 choisir le camion et le personnel les mieux adapt\u00e9s<\/li>\n<li><b>Des estimations claires, enti\u00e8rement d\u00e9taill\u00e9es et fournies \u00e0 l&rsquo;avance. <\/b>Il n&rsquo;y a aucune obligation, et nos estimations sont garanties \u00e0 10 % pr\u00e8s de la facture finale*<\/li>\n<li><b>Des camions propres comportant le bon mat\u00e9riel de d\u00e9m\u00e9nagement. <\/b>Nous prot\u00e9geons vos planchers et vos rampes, et apportons tout ce dont nous avons besoin pour effectuer votre d\u00e9m\u00e9nagement efficacement.<\/li>\n<li><b>Un emballage expert, avec une touche de tendresse et d\u2019amour en surplus.<\/b> Nous utilisons les bons mat\u00e9riaux et les bonnes techniques pour prot\u00e9ger vos biens chaque fois que nous emballons une bo\u00eete.<\/li>\n<li><b>Agr\u00e9\u00e9 BBB.<\/b><\/li>\n<li><b>De bonnes critiques sur Google <\/b>\u2014<a href=\"https:\/\/www.google.ca\/search?hl=en&amp;_ga=2.153265592.1683148491.1593716013-4677999.1557164817&amp;q=Boyd+Moving+%26+Storage+Ltd&amp;ludocid=9964153934398123344&amp;lsig=AB86z5UADlI90-t5Lf_XynPJz3ln\"> consultez-les maintenant<\/a>.<\/li>\n<li><b>Un entreposage \u00e0 court ou \u00e0 long terme <\/b>dans notre entrep\u00f4t s\u00e9curis\u00e9 et climatis\u00e9.<\/li>\n<li><b>Nous respectons les pratiques de s\u00e9curit\u00e9 sur la COVID-19<\/b> pour tous nous garder en s\u00e9curit\u00e9.<\/li>\n<\/ul>\n<p>T\u00e9l\u00e9phonez-nous au <a href=\"tel:6132444444\">613-244-4444<\/a> \u00e0 Ottawa ou sans frais au <a href=\"tel:18002681469\">1-800-268-1469<\/a>, ou lancez le processus en ligne!<\/p>\n<p>&nbsp;<\/p>\n<p><a class=\"boyd-button blue-bg uppercase\" href=\"#sect_form\">Demandez votre estimation gratuite<\/a><\/p>\n<h2><\/h2>\n<h2><b>Nos services de d\u00e9m\u00e9nagement r\u00e9sidentiel<\/b><b><br \/>\n<\/b><\/h2>\n<p>Boyd est le guichet unique \u00e0 Ottawa pour tout ce dont vous avez besoin pour votre d\u00e9m\u00e9nagement r\u00e9sidentiel ou votre entreposage.<\/p>\n<h3><b>Le d\u00e9m\u00e9nagement local \u00e0 Ottawa<\/b><b><\/b><\/h3>\n<p>Si votre nouveau domicile se trouve \u00e0 moins de deux heures de route d&rsquo;Ottawa, vous pouvez vous y installer en une journ\u00e9e. En savoir plus\u00a0 &gt;<\/p>\n<h3><b>Le d\u00e9m\u00e9nagement longue distance <\/b><b><\/b><\/h3>\n<p>Nous nous associons \u00e0 la United Van Lines pour d\u00e9placer votre famille \u00e0 travers le Canada ou aux \u00c9tats-Unis. United poss\u00e8de le plus grand r\u00e9seau de d\u00e9m\u00e9nagement en Am\u00e9rique du Nord et a r\u00e9cemment \u00e9t\u00e9 nomm\u00e9e l&rsquo;une des soci\u00e9t\u00e9s les mieux g\u00e9r\u00e9es au Canada. Notre centre d&rsquo;exp\u00e9dition surveille votre envoi pour s&rsquo;assurer que vos d\u00e9lais de livraison sont respect\u00e9s.\u00a0 En savoir plus &gt;<\/p>\n<h3><b>Le d\u00e9m\u00e9nagement international<\/b><b><\/b><\/h3>\n<p>Un d\u00e9m\u00e9nagement international a toujours des exigences sp\u00e9cifiques en mati\u00e8re de documentation et de processus qui varient d&rsquo;un pays \u00e0 l&rsquo;autre. Il est essentiel de choisir une entreprise qui poss\u00e8de une solide exp\u00e9rience dans une grande vari\u00e9t\u00e9 de destinations et qui est pr\u00eate \u00e0 vous guider \u00e0 chaque \u00e9tape.<\/p>\n<p>Les experts de Boyd ne se contentent pas de pr\u00e9venir les maux de t\u00eate et les retards inutiles; ils fournissent \u00e9galement des r\u00e9ponses plus rapidement gr\u00e2ce \u00e0 son r\u00e9seau mondial de partenaires. En savoir plus<\/p>\n<h3><b>Nos services d\u2019emballage flexibles<\/b><\/h3>\n<p>Vous avez le choix entre un emballage partiel, un emballage complet et une s\u00e9lection de services de d\u00e9ballage. Il s&rsquo;agit de savoir ce qui vous convient le mieux. En savoir plus &gt;<\/p>\n<h3><b>Le service de relocalisation ex\u00e9cutif <\/b><b><\/b><\/h3>\n<p>Si votre emploi du temps est tr\u00e8s charg\u00e9 et que vous souhaitez que nous g\u00e9rions tous les aspects de votre d\u00e9m\u00e9nagement, nous pouvons vous aider \u00e0 tout organiser, de la recherche d&rsquo;un d\u00e9corateur \u00e0 la cr\u00e9ation de votre compte Netflix. En savoir plus &gt;<\/p>\n<h3><b>Conteneurs d\u2019exp\u00e9dition \u00ab faites-le par vous-m\u00eame \u00bb (DIY) <\/b><b><\/b><\/h3>\n<p>Vous avez besoin d&rsquo;un entreposage temporaire pour une valorisation de votre maison ou des r\u00e9novations r\u00e9sidentielles ? Nos conteneurs d&rsquo;exp\u00e9dition s\u00e9curis\u00e9s et r\u00e9sistants aux intemp\u00e9ries sont la solution id\u00e9ale. Ils sont \u00e9galement parfaits pour les personnes qui souhaitent emballer eux-m\u00eames et le faire \u00e0 leur propre rythme. En savoir plus<\/p>\n<h3><b>Des questions? Consultez notre FAQ <\/b><b><br \/>\n<\/b><\/h3>\n<p>D\u00e9couvrez les r\u00e9ponses aux questions les plus fr\u00e9quentes de nos clients. <a href=\"https:\/\/boydmoving.com\/fr\/residentiels\/faq-sur-le-demenagement\/\">Consultez notre FAQ<\/a><\/p>\n<h2><b>D\u00e9m\u00e9nagez en toute confiance: choisissez Boyd <\/b><b><\/b><\/h2>\n<p>Peu importe o\u00f9 vous allez, Boyd vous d\u00e9m\u00e9nagera. Nous faisons dispara\u00eetre le stress et le tracas du d\u00e9m\u00e9nagement pour que vous puissiez savourer l&rsquo;exp\u00e9rience.<\/p>\n<p>T\u00e9l\u00e9phonez-nous au <a href=\"tel:6132444444\">613-244-4444<\/a> \u00e0 Ottawa ou sans frais au <a href=\"tel:18002681469\">1-800-268-1469<\/a>, ou lancez le processus en ligne.<\/p>\n<p>&nbsp;<\/p>\n<p><a class=\"boyd-button blue-bg uppercase\" href=\"#sect_form\">Demandez votre estimation gratuite<\/a><\/p>\n<p>&nbsp;<\/p>\n<p><i>* Rien de plus vrai! Votre co\u00fbt final sera dans les 10 % de l&rsquo;estimation initiale, \u00e0 condition que vous n&rsquo;ajoutiez pas d&rsquo;\u00e9l\u00e9ments suppl\u00e9mentaires \u00e0 votre d\u00e9m\u00e9nagement.<\/i><\/p>\n","protected":false},"excerpt":{"rendered":"<p>On d\u00e9m\u00e9nage Ottawa depuis 1947 Du plus petit appartement \u00e0 la plus grande maison, toutes les r\u00e9sidences sont uniques. C&rsquo;est pourquoi nous traitons chaque d\u00e9m\u00e9nagement d\u2019une mani\u00e8re professionnelle. Voici comment nous le faisons: Des \u00e9quipes de d\u00e9m\u00e9nagement chaleureuses et fiables. Nous n&rsquo;avons pas rat\u00e9 un seul d\u00e9m\u00e9nagement en plus de 35 ans, et notre personnel [&hellip;]<\/p>\n","protected":false},"author":2,"featured_media":4419,"parent":0,"menu_order":3,"comment_status":"closed","ping_status":"closed","template":"page_service.php","meta":{"_acf_changed":false,"footnotes":""},"class_list":["post-3958","page","type-page","status-publish","has-post-thumbnail","hentry"],"acf":[],"_links":{"self":[{"href":"https:\/\/boydmoving.com\/fr\/wp-json\/wp\/v2\/pages\/3958","targetHints":{"allow":["GET"]}}],"collection":[{"href":"https:\/\/boydmoving.com\/fr\/wp-json\/wp\/v2\/pages"}],"about":[{"href":"https:\/\/boydmoving.com\/fr\/wp-json\/wp\/v2\/types\/page"}],"author":[{"embeddable":true,"href":"https:\/\/boydmoving.com\/fr\/wp-json\/wp\/v2\/users\/2"}],"replies":[{"embeddable":true,"href":"https:\/\/boydmoving.com\/fr\/wp-json\/wp\/v2\/comments?post=3958"}],"version-history":[{"count":1,"href":"https:\/\/boydmoving.com\/fr\/wp-json\/wp\/v2\/pages\/3958\/revisions"}],"predecessor-version":[{"id":7986,"href":"https:\/\/boydmoving.com\/fr\/wp-json\/wp\/v2\/pages\/3958\/revisions\/7986"}],"wp:featuredmedia":[{"embeddable":true,"href":"https:\/\/boydmoving.com\/fr\/wp-json\/wp\/v2\/media\/4419"}],"wp:attachment":[{"href":"https:\/\/boydmoving.com\/fr\/wp-json\/wp\/v2\/media?parent=3958"}],"curies":[{"name":"wp","href":"https:\/\/api.w.org\/{rel}","templated":true}]}}