{"id":3937,"date":"2020-09-17T13:55:54","date_gmt":"2020-09-17T13:55:54","guid":{"rendered":"https:\/\/boydmoving.com\/moving-supplies\/"},"modified":"2024-07-02T18:15:33","modified_gmt":"2024-07-02T18:15:33","slug":"moving-supplies","status":"publish","type":"page","link":"https:\/\/boydmoving.com\/fr\/equipements-fournitures\/","title":{"rendered":"Bo\u00eetes de d\u00e9m\u00e9nagement et fournitures d\u2019emballage"},"content":{"rendered":"<p>Boyd est le chef de file des fournisseurs d\u2019Ottawa pour les fournitures de d\u00e9m\u00e9nagement. Nous vendons et louons tout ce que vous pourriez avoir besoin pour empaqueter et d\u00e9m\u00e9nager vos biens de fa\u00e7on s\u00e9curitaire et efficace.<\/p>\n<p>Nous allons bien au-del\u00e0 des offres de base de \u00ab bo\u00eetes et rubans \u00bb que d\u2019autres fournisseurs vous offrent. Boyd offre une plus grande gamme de fournitures dans de plus grandes quantit\u00e9s que toute autre compagnie.<\/p>\n<p>Il est encore plus avantageux de choisir Boyd pour vos fournitures pour les raisons suivantes :<\/p>\n<ul>\n<li>Bo\u00eetes en carton de plus haut calibre qui prot\u00e8gent mieux<\/li>\n<li>C\u2019est moins cher que d\u2019en faire l\u2019achat par l\u2019entremise de compagnies d\u2019entreposage<\/li>\n<li>Livraison gratuite \u00e0 peu pr\u00e8s partout \u00e0 Ottawa (voir ci-apr\u00e8s pour les d\u00e9tails)<\/li>\n<li>Nous ramassons l\u2019\u00e9quipement lou\u00e9 une fois que vous avez termin\u00e9 (frais de 25 $) (dans un rayon de 10 km et avec une commande minimum de 100 $)<\/li>\n<li>Aucuns frais pour les fins de semaine (lorsque vous louez pour une semaine ou plus)<\/li>\n<\/ul>\n<p>Nos bo\u00eetes et nos fournitures sont toujours neuves pour des raisons d\u2019hygi\u00e8ne. Nous les entreposons dans notre entrep\u00f4t tr\u00e8s propre et temp\u00e9r\u00e9.<\/p>\n<p>Profitez de la commodit\u00e9 d\u2019obtenir tout ce dont vous avez besoin d\u2019un seul coup!<\/p>\n<p>&nbsp;<\/p>\n<h2>Nos bo\u00eetes de d\u00e9m\u00e9nagements et nos fournitures<\/h2>\n<p>Prot\u00e9gez et empaquetez vos biens gr\u00e2ce \u00e0 :<\/p>\n<ul>\n<li>Sacs de plastique et housse de mobilier<\/li>\n<li>Papier-bulle et billes de styromousse de protection<\/li>\n<li>Bo\u00eetes en carton de 2, 4, 5 et 6 pieds cubes de grandeur<\/li>\n<li>Bo\u00eetes sp\u00e9ciales notamment les bo\u00eetes pour les \u00e9crans plats, les cartons pour la vaisselle, les bo\u00eetes garde-robe comprenant des barres porte-cintre et des bo\u00eetes pour miroirs dans diff\u00e9rentes grandeurs.<\/li>\n<li>\u00e9tiquettes<\/li>\n<\/ul>\n<p>Vous pouvez \u00e9galement faire l\u2019achat de tout \u00e9quipement de d\u00e9m\u00e9nagement r\u00e9utilisable que nous offrons, notamment les chariots, les couvertures et les sangles.<\/p>\n<p>Vous pouvez visionner tout ce que nous offrons sur notre page de formulaire de commande.<\/p>\n<p><a class=\"button\" href=\"https:\/\/boydmoving.com\/fr\/equipements-fournitures\/boites-de-demenagement-et-fournitures-demballage\/\" target=\"_blank\" rel=\"noopener\">Commandez vos bo\u00eetes de d\u00e9m\u00e9nagement et vos fournitures en ligne<\/a><\/p>\n<p>&nbsp;<\/p>\n<h2>Location des \u00e9quipements de d\u00e9m\u00e9nagement<\/h2>\n<p>Si vous planifiez un d\u00e9m\u00e9nagement par vous-m\u00eame, il vous serait profitable d\u2019investir dans de l\u2019\u00e9quipement de d\u00e9m\u00e9nagement bien con\u00e7u qui non seulement vous fera gagner du temps, mais \u00e9galement vous \u00e9pargnera des efforts et pr\u00e9viendra les blessures. Notre s\u00e9lection d\u2019\u00e9quipements comprend ce qui suit:<\/p>\n<ul>\n<li>Des bacs de d\u00e9m\u00e9nagement en plastique, comprenant de grands bacs sur roulettes de 3\u2019 x 4\u2019 que vous pouvez pousser directement dans le camion de d\u00e9m\u00e9nagement<\/li>\n<li>Des chariots, des diables et des paniers pour ordinateurs, comprenant \u00e9galement des diables \u00e0 r\u00e9frig\u00e9rateur pour les grands appareils m\u00e9nagers<\/li>\n<li>Des sangles de d\u00e9m\u00e9nagement de toute sorte, comprenant les sangles de levage \u00ab forearm forklift \u00bb, qui permettent \u00e0 deux personnes de soulever les plus gros articles<\/li>\n<li>Les fournitures de d\u00e9m\u00e9nagement de pianos<\/li>\n<li>Les planches et les rampes de marche<\/li>\n<\/ul>\n<p>Nous louons \u00e9galement les tapis de plancher et les couvertures de d\u00e9m\u00e9nagement pour prot\u00e9ger votre maison et votre mobilier.<\/p>\n<p>Nous sommes tr\u00e8s flexibles en ce qui a trait \u00e0 nos d\u00e9lais de location. Vous payez \u00e0 la journ\u00e9e; il n\u2019y aura donc pas d\u2019autres frais si vous avez besoin de l\u2019\u00e9quipement pour une plus longue p\u00e9riode.<\/p>\n<p>Vous pouvez visionner notre liste compl\u00e8te d\u2019\u00e9quipements de d\u00e9m\u00e9nagement que vous pouvez louer en ligne.<\/p>\n<p><a class=\"button\" href=\"https:\/\/boydmoving.com\/fr\/equipements-fournitures\/location-dequipement\/\">Louez l\u2019\u00e9quipement en ligne<\/a><\/p>\n<p>&nbsp;<\/p>\n<h2>Des questions? Nous sommes l\u00e0 pour vous aider<\/h2>\n<p>Si vous avez besoin de plus amples informations au sujet de la commande des fournitures de d\u00e9m\u00e9nagement par notre entremise, sentez-vous libre de nous contacter.<\/p>\n<p>T\u00e9l\u00e9phonez-nous au 613-244-4444 (sans-frais: 1-800-268-1469), ou communiquez avec nous en ligne.<\/p>\n<p><a class=\"button\" href=\"https:\/\/boydmoving.com\/fr\/informations-de-contact\/\">Contactez-nous<\/a><\/p>\n<p>&nbsp;<\/p>\n<hr \/>\n<p><em><small>*La livraison gratuite des fournitures et de l\u2019\u00e9quipement d\u00e9pend de la valeur totale de la commande:<\/small><\/em><\/p>\n<ul>\n<li><em><small>Pour une commande de 100 $, nous livrons dans un rayon de 10 km. Pour une commande de 200 $, nous livrons dans un rayon de 15 km.<\/small><\/em><\/li>\n<li><em><small>D\u00e9sol\u00e9, mais nous n\u2019offrons pas la livraison durant les fins de semaine et les jours f\u00e9ri\u00e9s.<\/small><\/em><\/li>\n<\/ul>\n","protected":false},"excerpt":{"rendered":"<p>Boyd est le chef de file des fournisseurs d\u2019Ottawa pour les fournitures de d\u00e9m\u00e9nagement. Nous vendons et louons tout ce que vous pourriez avoir besoin pour empaqueter et d\u00e9m\u00e9nager vos biens de fa\u00e7on s\u00e9curitaire et efficace. Nous allons bien au-del\u00e0 des offres de base de \u00ab bo\u00eetes et rubans \u00bb que d\u2019autres fournisseurs vous offrent. [&hellip;]<\/p>\n","protected":false},"author":2,"featured_media":4778,"parent":0,"menu_order":7,"comment_status":"closed","ping_status":"closed","template":"page_service.php","meta":{"_acf_changed":false,"footnotes":""},"class_list":["post-3937","page","type-page","status-publish","has-post-thumbnail","hentry"],"acf":[],"_links":{"self":[{"href":"https:\/\/boydmoving.com\/fr\/wp-json\/wp\/v2\/pages\/3937","targetHints":{"allow":["GET"]}}],"collection":[{"href":"https:\/\/boydmoving.com\/fr\/wp-json\/wp\/v2\/pages"}],"about":[{"href":"https:\/\/boydmoving.com\/fr\/wp-json\/wp\/v2\/types\/page"}],"author":[{"embeddable":true,"href":"https:\/\/boydmoving.com\/fr\/wp-json\/wp\/v2\/users\/2"}],"replies":[{"embeddable":true,"href":"https:\/\/boydmoving.com\/fr\/wp-json\/wp\/v2\/comments?post=3937"}],"version-history":[{"count":1,"href":"https:\/\/boydmoving.com\/fr\/wp-json\/wp\/v2\/pages\/3937\/revisions"}],"predecessor-version":[{"id":8508,"href":"https:\/\/boydmoving.com\/fr\/wp-json\/wp\/v2\/pages\/3937\/revisions\/8508"}],"wp:featuredmedia":[{"embeddable":true,"href":"https:\/\/boydmoving.com\/fr\/wp-json\/wp\/v2\/media\/4778"}],"wp:attachment":[{"href":"https:\/\/boydmoving.com\/fr\/wp-json\/wp\/v2\/media?parent=3937"}],"curies":[{"name":"wp","href":"https:\/\/api.w.org\/{rel}","templated":true}]}}