{"id":3698,"date":"2020-05-01T20:16:06","date_gmt":"2020-05-01T20:16:06","guid":{"rendered":"https:\/\/boydmoving.com\/residentiels\/long-distance-moving\/"},"modified":"2023-02-08T20:11:25","modified_gmt":"2023-02-08T20:11:25","slug":"demenagement-a-longue-distance","status":"publish","type":"page","link":"https:\/\/boydmoving.com\/fr\/residentiels\/demenagement-a-longue-distance\/","title":{"rendered":"D\u00e9m\u00e9nagement \u00e0 longue distance"},"content":{"rendered":"<p>Boyd fournit des services de d\u00e9m\u00e9nagement longue distance sans souci depuis 1947. Nos clients appr\u00e9cient notre professionnalisme et tous les suppl\u00e9ments que nous fournissons.<\/p>\n<ul>\n<li><strong>Une \u00e9quipe d&rsquo;experts en d\u00e9m\u00e9nagement<\/strong> : des d\u00e9m\u00e9nageurs cautionn\u00e9s et agr\u00e9\u00e9s manipulent vos biens avec soin.<\/li>\n<li><strong>Estimations garanties*<\/strong>: votre envoi final sera \u00e0 10 % pr\u00e8s de notre estimation, ce qui rend les prix plus pr\u00e9visibles.<\/li>\n<li><strong>Transparence<\/strong>: vous recevrez une estimation d\u00e9taill\u00e9e, avec tous les co\u00fbts expliqu\u00e9s \u00e0 l&rsquo;avance.<\/li>\n<li><strong>Aide pour les formalit\u00e9s douani\u00e8res<\/strong>: nous pouvons vous conseiller sur les proc\u00e9dures et les formulaires pour n&rsquo;importe quel pays.<\/li>\n<li><strong>Dates de livraison garanties<\/strong> pour les chargements de 5 000 livres et plus**.<\/li>\n<li><strong>Taux garantis sur l\u2019entreposage<\/strong> lorsque vous entreposez vos biens dans nos installations.<\/li>\n<li><strong>Services flexibles<\/strong>: nous disposons de nombreuses possibilit\u00e9s d\u2019entreposage et d&#8217;emballage.<\/li>\n<\/ul>\n<p>D\u00e9couvrez pourquoi nous gardons Ottawa en mouvement \u2014 que ce soit au coin de la rue ou partout au monde.<\/p>\n<p>Composez le <a href=\"tel:613-244-4444\">613-244-4444<\/a> \u00e0 Ottawa ou le <a href=\"tel:800-268-1469\">800-268-1469<\/a> (sans frais), ou d\u00e9butez en ligne.<\/p>\n<p><a class=\"button\" href=\"#sect_form\">Demander une estimation gratuite<\/a><\/p>\n<p>&nbsp;<\/p>\n<h2>D\u00e9m\u00e9nager partout au monde en toute confiance<\/h2>\n<p>Pour les d\u00e9m\u00e9nagements en dehors de la r\u00e9gion d&rsquo;Ottawa, nous nous associons \u00e0 United Van Lines pour nous assurer que tout arrive \u00e0 bon port. Nous avons \u00e9t\u00e9 l&rsquo;un des membres fondateurs de United dans les ann\u00e9es 1950, et nous continuons de collaborer avec eux parce qu&rsquo;ils continuent \u00e0 prendre soin de nos clients.<\/p>\n<h3>D\u00e9m\u00e9nager partout au Canada<\/h3>\n<p>United Van Lines poss\u00e8de la plus grande flotte de transport au Canada, avec la couverture la plus \u00e9tendue d&rsquo;un oc\u00e9an \u00e0 l&rsquo;autre. Boyd organise le d\u00e9m\u00e9nagement, s&rsquo;assure que l&#8217;emballage et le chargement sont effectu\u00e9s et surveille l&rsquo;exp\u00e9dition pour veiller \u00e0 ce que tout se passe bien.<\/p>\n<h4>Option d&rsquo;exp\u00e9dition par conteneur<\/h4>\n<p>Personne d&rsquo;autre au Canada ne peut vous fournir votre propre conteneur d&rsquo;exp\u00e9dition pour votre d\u00e9m\u00e9nagement. Les conteneurs sont \u00e9tanches, \u00e0 l&rsquo;\u00e9preuve de la vermine et de la poussi\u00e8re. Ils peuvent m\u00eame flotter si n\u00e9cessaire.<\/p>\n<h3>D\u00e9m\u00e9nager aux \u00c9tats-Unis d\u2019Am\u00e9rique<\/h3>\n<p>Lorsque vous d\u00e9m\u00e9nagez de l\u2019autre c\u00f4t\u00e9 de la fronti\u00e8re, vous pouvez compter sur votre conseiller en d\u00e9m\u00e9nagement Boyd pour vous aider \u00e0 comprendre le processus et les documents dont vous avez besoin. Nos clients sont g\u00e9n\u00e9ralement soulag\u00e9s d&rsquo;apprendre qu&rsquo;ils n&rsquo;ont pas besoin d&rsquo;\u00eatre pr\u00e9sents \u00e0 la fronti\u00e8re lorsque leurs biens traversent, pour autant qu&rsquo;ils soient d\u00e9j\u00e0 entr\u00e9s au pays.<\/p>\n<p><em><strong>Saviez-vous<\/strong>: Pour commencer \u00e0 r\u00e9server votre d\u00e9m\u00e9nagement aux \u00c9tats-Unis, nous avons besoin d&rsquo;une copie de votre visa de travail et de votre lettre d&#8217;emploi. Si votre nouvel employeur aux \u00c9tats-Unis dispose d&rsquo;un avocat sp\u00e9cialis\u00e9 dans les questions d&rsquo;immigration, il peut s&rsquo;occuper du visa pour vous.<\/em><\/p>\n<h3>D\u00e9m\u00e9nagement international<\/h3>\n<p>Boyd assure le transport maritime de vos biens, ainsi que le transport a\u00e9rien des biens de premi\u00e8re n\u00e9cessit\u00e9.<br \/>\nTout comme nous le faisons pour nos d\u00e9m\u00e9nagements aux \u00c9tats-Unis, nous fournissons des conseils d&rsquo;experts sur les formalit\u00e9s et la proc\u00e9dure \u00e0 suivre pour le pays de votre choix.<\/p>\n<p>Nous \u00e9liminons les incertitudes relativement aux taux de fret maritime, gr\u00e2ce \u00e0 notre r\u00e9seau de partenaires internationaux qui fournissent des estimations rapides et pr\u00e9cises.<\/p>\n<p>Boyd est \u00e9galement plus rapide &#8211; nous pouvons vous fournir des r\u00e9ponses en quelques heures, et non en quelques jours, gr\u00e2ce \u00e0 notre excellent r\u00e9seau de contacts dans le domaine du d\u00e9m\u00e9nagement international.<\/p>\n<p>&nbsp;<\/p>\n<h2>\u00c0 propos de notre processus et de nos estimations de prix<\/h2>\n<p>Nos estimations sont tr\u00e8s pr\u00e9cises parce que nous envoyons un consultant en d\u00e9m\u00e9nagement Boyd chez vous pour faire un examen de ce dont vous avez besoin pour d\u00e9m\u00e9nager et les services que vous souhaitez. Par exemple, la plupart des clients souhaitent des services d&#8217;emballage, et certains veulent des caisses sur mesure pour des antiquit\u00e9s ou des \u0153uvres d&rsquo;art de valeur.<\/p>\n<p>La plupart des entreprises de d\u00e9m\u00e9nagement fournissent une estimation forfaitaire, mais Boyd offre une transparence totale gr\u00e2ce \u00e0 une estimation d\u00e9taill\u00e9e. Nous d\u00e9taillons des \u00e9l\u00e9ments tels que le co\u00fbt du plan de protection, le co\u00fbt du transport, etc. Nous vous expliquons tous les d\u00e9tails et r\u00e9pondons \u00e0 toutes vos questions.<\/p>\n<h3>Comment fonctionnent la tarification et les estimations<\/h3>\n<p>En bref, le co\u00fbt de votre d\u00e9m\u00e9nagement est calcul\u00e9 en multipliant le poids de vos biens par la distance.<br \/>\nPour simplifier les choses, la distance est calcul\u00e9e de centre-ville \u00e0 centre-ville.<\/p>\n<p>* L&rsquo;estimation finale est garantie d\u2019\u00eatre \u00e0 10 % pr\u00e8s de l&rsquo;estimation initiale (\u00e0 moins, bien s\u00fbr, que des articles suppl\u00e9mentaires soient ajout\u00e9s \u00e0 l&rsquo;inventaire).<\/p>\n<p>&nbsp;<\/p>\n<h2>Options d\u2019entreposage<\/h2>\n<p>Pour les personnes qui souhaitent entreposer des biens pendant quelques ann\u00e9es, nous vous recommandons de les entreposer chez nous. Cela nous permet de contr\u00f4ler le co\u00fbt et de garantir que votre tarif ne changera pas pendant cette p\u00e9riode.<\/p>\n<p>Boyd propose un entreposage s\u00fbr et int\u00e9rieur dans notre entrep\u00f4t climatis\u00e9.<\/p>\n<p>&nbsp;<\/p>\n<h2>Profitez de l&rsquo;aventure du d\u00e9m\u00e9nagement<\/h2>\n<p>L&rsquo;\u00e9quipe de d\u00e9m\u00e9nagement \u00e0 service complet de Boyd s&rsquo;engage \u00e0 fournir le meilleur service de sa cat\u00e9gorie \u00e0 des prix raisonnables.<\/p>\n<p>Nos d\u00e9m\u00e9nageurs sont des employ\u00e9s de longue date, certains ayant de 10 \u00e0 20 ans d&rsquo;exp\u00e9rience. Lorsque nous engageons de nouveaux d\u00e9m\u00e9nageurs, nous les jumelons avec une personne exp\u00e9riment\u00e9e pour nous assurer qu\u2019on prend bon soin de vos biens et qu\u2019ils sont correctement manipul\u00e9s.<\/p>\n<p>Faites l&rsquo;exp\u00e9rience de l&rsquo;excellent service qui nous a valu tant de r\u00e9f\u00e9rences et tant de fid\u00e9lisation de la client\u00e8le!<\/p>\n<p><a class=\"button\" href=\"#sect_form\">Demander une estimation de d\u00e9m\u00e9nagement r\u00e9sidentiel<\/a><\/p>\n<hr \/>\n<p>*L&rsquo;estimation finale est garantie d\u2019\u00eatre \u00e0 10 % pr\u00e8s de l&rsquo;estimation initiale (\u00e0 moins, bien s\u00fbr, que des articles suppl\u00e9mentaires soient ajout\u00e9s \u00e0 l&rsquo;inventaire).<br \/>\n** \u00e0 l\u2019exclusion de la haute saison.<\/p>\n","protected":false},"excerpt":{"rendered":"<p>Boyd fournit des services de d\u00e9m\u00e9nagement longue distance sans souci depuis 1947. Nos clients appr\u00e9cient notre professionnalisme et tous les suppl\u00e9ments que nous fournissons. Une \u00e9quipe d&rsquo;experts en d\u00e9m\u00e9nagement : des d\u00e9m\u00e9nageurs cautionn\u00e9s et agr\u00e9\u00e9s manipulent vos biens avec soin. Estimations garanties*: votre envoi final sera \u00e0 10 % pr\u00e8s de notre estimation, ce qui [&hellip;]<\/p>\n","protected":false},"author":2,"featured_media":4443,"parent":3958,"menu_order":2,"comment_status":"closed","ping_status":"closed","template":"page_service.php","meta":{"_acf_changed":false,"footnotes":""},"class_list":["post-3698","page","type-page","status-publish","has-post-thumbnail","hentry"],"acf":[],"_links":{"self":[{"href":"https:\/\/boydmoving.com\/fr\/wp-json\/wp\/v2\/pages\/3698","targetHints":{"allow":["GET"]}}],"collection":[{"href":"https:\/\/boydmoving.com\/fr\/wp-json\/wp\/v2\/pages"}],"about":[{"href":"https:\/\/boydmoving.com\/fr\/wp-json\/wp\/v2\/types\/page"}],"author":[{"embeddable":true,"href":"https:\/\/boydmoving.com\/fr\/wp-json\/wp\/v2\/users\/2"}],"replies":[{"embeddable":true,"href":"https:\/\/boydmoving.com\/fr\/wp-json\/wp\/v2\/comments?post=3698"}],"version-history":[{"count":1,"href":"https:\/\/boydmoving.com\/fr\/wp-json\/wp\/v2\/pages\/3698\/revisions"}],"predecessor-version":[{"id":7984,"href":"https:\/\/boydmoving.com\/fr\/wp-json\/wp\/v2\/pages\/3698\/revisions\/7984"}],"up":[{"embeddable":true,"href":"https:\/\/boydmoving.com\/fr\/wp-json\/wp\/v2\/pages\/3958"}],"wp:featuredmedia":[{"embeddable":true,"href":"https:\/\/boydmoving.com\/fr\/wp-json\/wp\/v2\/media\/4443"}],"wp:attachment":[{"href":"https:\/\/boydmoving.com\/fr\/wp-json\/wp\/v2\/media?parent=3698"}],"curies":[{"name":"wp","href":"https:\/\/api.w.org\/{rel}","templated":true}]}}