{"id":3536,"date":"2019-08-01T17:57:52","date_gmt":"2019-08-01T17:57:52","guid":{"rendered":"https:\/\/boydmoving.com\/?page_id=3536"},"modified":"2021-11-01T18:31:39","modified_gmt":"2021-11-01T18:31:39","slug":"relogement-executifs","status":"publish","type":"page","link":"https:\/\/boydmoving.com\/fr\/residentiels\/relogement-executifs\/","title":{"rendered":"Services de relogement ex\u00e9cutifs"},"content":{"rendered":"<p>Imaginez ouvrir la porte de votre nouvelle demeure pour d\u00e9couvrir que tout a \u00e9t\u00e9 install\u00e9 \u00e0 votre go\u00fbt. La disposition des meubles et le d\u00e9cor sont parfaits \u2013 m\u00eame votre compte Netflix a \u00e9t\u00e9 configur\u00e9 lorsque vous allumez la t\u00e9l\u00e9. C\u2019est d\u00e9j\u00e0 pr\u00eat sans que vous ayez perdu un temps pr\u00e9cieux \u00e0 le faire.<\/p>\n<p>Boyd offre des services de relogement ex\u00e9cutifs depuis sa fondation en 1947. Nous avons d\u00e9m\u00e9nag\u00e9 des centaines de cadres et autres personnes \u00e0 haute valeur nette \u2013 comprenant plusieurs premiers ministres.<\/p>\n<p>Votre concierge est votre adjoint personnel pour tout ce qui concerne votre d\u00e9m\u00e9nagement. Ils peuvent s\u2019occuper de tous les d\u00e9tails, allant de prendre rendez-vous avec un technicien pour votre syst\u00e8me de s\u00e9curit\u00e9 de la maison, \u00e0 faire nettoyer votre ancienne maison et s\u2019occuper des r\u00e9parations. Ils supervisent personnellement le d\u00e9m\u00e9nagement pour s\u2019assurer que notre \u00e9quipe sait o\u00f9 d\u00e9poser vos effets personnels dans votre maison.<\/p>\n<p>Nos concierges sont des experts <strong>enti\u00e8rement cautionn\u00e9s<\/strong>, tout comme le sont nos \u00e9quipes de d\u00e9m\u00e9nageurs tri\u00e9s sur le volet.<\/p>\n<p>T\u00e9l\u00e9phonez-nous au <a href=\"tel:6132444444\">613-244-4444<\/a> (sans-frais: <a href=\"tel:18002681469\">1-800-268-1469<\/a>), ou communiquez avec nous en ligne pour de plus amples informations.<\/p>\n<p><a class=\"button\" href=\"#sect_form\">Demandez une consultation d\u00e8s aujourd\u2019hui<\/a><\/p>\n<p>&nbsp;<\/p>\n<h2>Nos services de relogement ex\u00e9cutifs vous permettent de gagner du temps<\/h2>\n<p>Nos services de relogement ex\u00e9cutifs sont offerts \u00e0 la carte et peuvent comprendre tout d\u00e9tail dont vous avez besoin d\u2019aide \u00e0 g\u00e9rer. Par exemple :<\/p>\n<ul>\n<li>Mettre les derni\u00e8res touches au d\u00e9cor de votre nouvelle maison<\/li>\n<li>G\u00e9rer les corps de m\u00e9tier pour les r\u00e9parations et les r\u00e9novations<\/li>\n<li>Installation des syst\u00e8mes de domotique et de s\u00e9curit\u00e9<\/li>\n<li>Installation des appareils \u00e9lectroniques et configuration des comptes<\/li>\n<\/ul>\n<p>Nous avons des partenariats avec des experts locaux en qui nous avons confiance, notamment :<\/p>\n<ul>\n<li>D\u00e9cor int\u00e9rieur<\/li>\n<li>Peinture<\/li>\n<li>Nettoyage<\/li>\n<li>Construction<\/li>\n<li>Am\u00e9nagement paysager<\/li>\n<li>S\u2019occuper du d\u00e9neigement<\/li>\n<li>Mise en caisse des appareils \u00e9lectroniques et leur installation<\/li>\n<\/ul>\n<p>Vous n\u2019avez pas \u00e0 vous inqui\u00e9ter concernant la diligence raisonnable suppl\u00e9mentaire. Boyd a des ann\u00e9es d\u2019exp\u00e9rience avec ses fournisseurs. Dans les rares cas o\u00f9 nous avons besoin de recruter un nouveau fournisseur, ils auront \u00e9t\u00e9 enti\u00e8rement pass\u00e9s en entrevue et contr\u00f4l\u00e9s pour s\u2019assurer qu\u2019ils peuvent offrir le niveau de services auquel nos clients s\u2019attendent.<\/p>\n<p>&nbsp;<\/p>\n<h2>Comment notre processus de concierge fonctionne-t-il?<\/h2>\n<p>On a perfectionn\u00e9 tous les d\u00e9tails du processus de gestion du relogement ex\u00e9cutif de Boyd durant nos d\u00e9cennies d\u2019exp\u00e9rience.<\/p>\n<ol>\n<li><strong>Consultation<\/strong> \u2013 Notre concierge passe vous voir pour discuter de vos besoins. Ils passent en revue avec vous la gamme compl\u00e8te de services que nous offrons, pour \u00e9tablir les d\u00e9tails que vous aimeriez g\u00e9rer personnellement et ceux dont vous pr\u00e9f\u00e9reriez que nous nous occupions.<\/li>\n<li><strong>Estimation<\/strong> &#8211; Le concierge coordonne vos besoins en d\u00e9coration, d\u2019am\u00e9lioration de votre maison et tout autre service avec nos partenaires et vous fournit une estimation.<\/li>\n<li><strong>\u00c9ch\u00e9ancier<\/strong> \u2013 Une fois que vous aurez approuv\u00e9 l\u2019estimation, le concierge prend des arrangements avec vous et vous fournit les d\u00e9tails des \u00e9ch\u00e9anciers \u00e0 titre de r\u00e9f\u00e9rence.<\/li>\n<li><strong>Mise en \u0153uvre<\/strong> &#8211; Le concierge g\u00e8re enti\u00e8rement le d\u00e9m\u00e9nagement ainsi que les services suppl\u00e9mentaires, vous gardant inform\u00e9 selon vos pr\u00e9f\u00e9rences.<\/li>\n<\/ol>\n<p>Vous ne ferez pas face \u00e0 des surprises ou des approximations, les services \u00e9tant personnalis\u00e9s pour r\u00e9pondre \u00e0 vos besoins.<\/p>\n<p>&nbsp;<\/p>\n<h2>\u00c9conomisez vos forces et profitez d\u2019un d\u00e9m\u00e9nagement sans inqui\u00e9tude<\/h2>\n<p>Disons-le, m\u00eame les individus les plus performants peuvent se sentir d\u00e9pass\u00e9s par tous les d\u00e9tails d\u2019un d\u00e9m\u00e9nagement. Nos services de relogement ex\u00e9cutifs vous aideront \u00e0 maintenir votre efficacit\u00e9 personnelle, sachant les exigences de votre vie bien remplie.<\/p>\n<p>T\u00e9l\u00e9phonez-nous au <a href=\"tel:\/\/613-244-4444\">613-244-4444<\/a> (sans-frais: <a href=\"tel:\/\/1-800-268-1469\">1-800-268-1469<\/a>), ou <a href=\"https:\/\/boydmoving.com\/fr\/informations-de-contact\/\">communiquez avec nous<\/a>.<\/p>\n<p><a class=\"button\" href=\"#sect_form\">Demandez une consultation d\u00e8s aujourd\u2019hui<\/a><\/p>\n","protected":false},"excerpt":{"rendered":"<p>Imaginez ouvrir la porte de votre nouvelle demeure pour d\u00e9couvrir que tout a \u00e9t\u00e9 install\u00e9 \u00e0 votre go\u00fbt. La disposition des meubles et le d\u00e9cor sont parfaits \u2013 m\u00eame votre compte Netflix a \u00e9t\u00e9 configur\u00e9 lorsque vous allumez la t\u00e9l\u00e9. C\u2019est d\u00e9j\u00e0 pr\u00eat sans que vous ayez perdu un temps pr\u00e9cieux \u00e0 le faire. Boyd [&hellip;]<\/p>\n","protected":false},"author":2,"featured_media":3556,"parent":3958,"menu_order":4,"comment_status":"closed","ping_status":"closed","template":"page_service.php","meta":{"_acf_changed":false,"footnotes":""},"class_list":["post-3536","page","type-page","status-publish","has-post-thumbnail","hentry"],"acf":[],"_links":{"self":[{"href":"https:\/\/boydmoving.com\/fr\/wp-json\/wp\/v2\/pages\/3536","targetHints":{"allow":["GET"]}}],"collection":[{"href":"https:\/\/boydmoving.com\/fr\/wp-json\/wp\/v2\/pages"}],"about":[{"href":"https:\/\/boydmoving.com\/fr\/wp-json\/wp\/v2\/types\/page"}],"author":[{"embeddable":true,"href":"https:\/\/boydmoving.com\/fr\/wp-json\/wp\/v2\/users\/2"}],"replies":[{"embeddable":true,"href":"https:\/\/boydmoving.com\/fr\/wp-json\/wp\/v2\/comments?post=3536"}],"version-history":[{"count":0,"href":"https:\/\/boydmoving.com\/fr\/wp-json\/wp\/v2\/pages\/3536\/revisions"}],"up":[{"embeddable":true,"href":"https:\/\/boydmoving.com\/fr\/wp-json\/wp\/v2\/pages\/3958"}],"wp:featuredmedia":[{"embeddable":true,"href":"https:\/\/boydmoving.com\/fr\/wp-json\/wp\/v2\/media\/3556"}],"wp:attachment":[{"href":"https:\/\/boydmoving.com\/fr\/wp-json\/wp\/v2\/media?parent=3536"}],"curies":[{"name":"wp","href":"https:\/\/api.w.org\/{rel}","templated":true}]}}