{"id":3328,"date":"2019-06-04T14:20:07","date_gmt":"2019-06-04T14:20:07","guid":{"rendered":"http:\/\/www.boydmoving.com\/?page_id=3328"},"modified":"2021-12-15T15:52:14","modified_gmt":"2021-12-15T15:52:14","slug":"mise-en-caisse-sur-mesure","status":"publish","type":"page","link":"https:\/\/boydmoving.com\/fr\/commerciaux\/mise-en-caisse-sur-mesure\/","title":{"rendered":"Mise en caisse sur mesure"},"content":{"rendered":"<h2>Quand il faut absolument que tout arrive en bon \u00e9tat<\/h2>\n<p>Boyd cr\u00e9\u00e9, depuis 1947, des caisses sur mesure pour exp\u00e9dier des biens fragiles \u00e0 grande valeur. D\u2019appareils \u00e9lectroniques dispendieux \u00e0 des \u0153uvres d\u2019art, la mise en caisse sur mesure et le service d\u2019exp\u00e9dition de Boyd est le choix intelligent pour que tout arrive intact \u00e0 bon port.<\/p>\n<ul>\n<li>Pour les entreprises et les particuliers<\/li>\n<li>Nous respectons les d\u00e9lais serr\u00e9s<\/li>\n<li>Une estimation compl\u00e8te du prix \u00e0 l\u2019avance<\/li>\n<li>Diagramme sur mesure<\/li>\n<li>R\u00e9sultats \u00e9prouv\u00e9s<\/li>\n<li>Enti\u00e8rement assur\u00e9s<\/li>\n<\/ul>\n<p>Nos caisses r\u00e9pondent aux normes du Gouvernement du Canada pour l\u2019exp\u00e9dition \u00e0 des destinations internationales. Par exemple, les niveaux d\u2019humidit\u00e9 de certains pays tropicaux exigent des caisses imperm\u00e9ables.<\/p>\n<p>Vous avez des questions? Contactez votre sympathique consultant en d\u00e9m\u00e9nagement. Vous pouvez nous joindre au 613-244-4444 <a href=\"tel:613-244-4444\">613-244-4444<\/a> (sans frais: <a href=\"tel:1-800-268-1469\">1-800-268-1469<\/a>), ou <a href=\"https:\/\/boydmoving.com\/fr\/informations-de-contact\/\">nous contacter en ligne<\/a>.<\/p>\n<p><a class=\"boyd-button blue-bg uppercase\" href=\"#sect_form\">Demandez d\u00e8s aujourd&rsquo;hui une estimation gratuite<\/a><\/p>\n<h3>Notre processus \u00e9prouv\u00e9<\/h3>\n<p>Nous avons eu plus de 70 ann\u00e9es pour mettre au point notre construction de caisses et notre processus d\u2019exp\u00e9dition. Nous pouvons nous vanter d\u2019un taux de succ\u00e8s incroyables, ce qui veut dire que vos biens arrivent \u00e0 temps et en bon \u00e9tat.<\/p>\n<p>Nous d\u00e9crivons, ci-apr\u00e8s, la mani\u00e8re dont la conception des caisses fonctionne:<\/p>\n<ol>\n<li><strong>Consultation.<\/strong> Nos consultants vous rencontrent pour \u00e9tablir vos besoins en mati\u00e8re de mise en caisses. Nous discutons avec vous du type d\u2019objet (s) que vous exp\u00e9diez, et l\u2019endroit o\u00f9 vous l\u2019exp\u00e9diez.<\/li>\n<li><strong>Planification.<\/strong> Notre personnel qualifi\u00e9 de mise en caisse cr\u00e9e un plan pour s\u2019assurer que vos biens arrivent \u00e0 destination de fa\u00e7on s\u00e9curitaire, choisissant par ailleurs les bons mat\u00e9riaux et concevant une caisse \u00e0 partir de z\u00e9ro. Par exemple, certains articles pourraient avoir besoin d\u2019\u00eatre fix\u00e9s dans la caisse au moyen de sangles pour les emp\u00eacher de se d\u00e9placer. \u00c0 l\u2019int\u00e9rieur de la caisse, nous choisissons parmi les diff\u00e9rentes options de rembourrage, notamment une mousse douce, une mousse plus dense, des billes styromousse libre et le papier \u00e0 bulles.<\/li>\n<li><strong>Diagramme sur mesure.<\/strong> Nous cr\u00e9ons un diagramme de sp\u00e9cifications sur mesure dans un programme architectural qui d\u00e9crit en d\u00e9tail les dimensions et les mat\u00e9riaux d\u2019emballage exacts que nous allons utiliser.<\/li>\n<li><strong>Approbation finale.<\/strong> Consultez l\u2019estimation et le diagramme et posez les questions finales que vous pourriez avoir.<\/li>\n<\/ol>\n<p>Une fois que vous aurez approuv\u00e9 l\u2019estimation finale, nos sp\u00e9cialistes d\u00e9buteront le travail de construire la caisse parfaite pour votre article fragile. Notre d\u00e9partement de l\u2019exp\u00e9dition s\u2019assurera ensuite de la logistique.<\/p>\n<h2>Utilisation de la mise en caisse sur mesure<\/h2>\n<p>Voici quelques-uns des articles dont nous avons fait l\u2019exp\u00e9dition, avec succ\u00e8s, en utilisant nos caisses faites sur mesure:<\/p>\n<ul>\n<li>Des appareils \u00e9lectroniques, notamment des ordinateurs et des \u00e9crans de toute grandeur<\/li>\n<li>L\u2019exp\u00e9dition d\u2019\u0153uvres d\u2019art, notamment des sculptures et des tableaux<\/li>\n<li>Des instruments musicaux<\/li>\n<li>Des ordinateurs sur mesure<\/li>\n<li>Des tables en verre<\/li>\n<li>Des antiquit\u00e9s<\/li>\n<li>Des objets faits de marbre<\/li>\n<li>Des collections de vins<\/li>\n<li>De l\u2019\u00e9quipement scientifique<\/li>\n<\/ul>\n<p>Si vous n\u2019\u00eates pas s\u00fbr si on peut exp\u00e9dier vos biens, veuillez entrer en contact avec nous pour v\u00e9rifier &#8211; nous le pouvons!<\/p>\n<h2>Les experts d\u2019Ottawa pour l\u2019exp\u00e9dition de caisses sur mesure<\/h2>\n<p>Pour toute combinaison d\u2019objets lourds et d\u00e9licats, c\u2019est le temps de discuter avec les experts de mise en caisse de Boyd. Nous cr\u00e9ons des caisses sur mesure faites en bois pour l\u2019exp\u00e9dition d\u2019articles d\u2019entreprises, de collecteurs, d\u2019artistes, de propri\u00e9taires d\u2019antiquit\u00e9s &#8211; et m\u00eame d\u2019un premier ministre ou deux.<\/p>\n<p>Par voie terrestre, maritime ou a\u00e9rienne: nous exp\u00e9dions de fa\u00e7on s\u00e9curitaire partout au Canada et \u00e0 travers le monde.<\/p>\n<p>T\u00e9l\u00e9phonez-nous au 613-244-4444 <a href=\"tel:613-244-4444\">613-244-4444<\/a> (sans frais: <a href=\"tel:1-800-268-1469\">1-800-268-1469<\/a>), ou <a href=\"http:\/\/boydmoving.com\/commercial\/quote-commercial\/\">contactez-nous en ligne.<\/a>.<\/p>\n<p><a class=\"boyd-button blue-bg uppercase\" href=\"#sect_form\">Demandez d\u00e8s aujourd&rsquo;hui une estimation gratuite<\/a><\/p>\n<p>&nbsp;<\/p>\n<hr \/>\n<p>&nbsp;<\/p>\n","protected":false},"excerpt":{"rendered":"<p>Quand il faut absolument que tout arrive en bon \u00e9tat Boyd cr\u00e9\u00e9, depuis 1947, des caisses sur mesure pour exp\u00e9dier des biens fragiles \u00e0 grande valeur. D\u2019appareils \u00e9lectroniques dispendieux \u00e0 des \u0153uvres d\u2019art, la mise en caisse sur mesure et le service d\u2019exp\u00e9dition de Boyd est le choix intelligent pour que tout arrive intact \u00e0 [&hellip;]<\/p>\n","protected":false},"author":2,"featured_media":3408,"parent":3990,"menu_order":0,"comment_status":"closed","ping_status":"closed","template":"page_service.php","meta":{"_acf_changed":false,"footnotes":""},"class_list":["post-3328","page","type-page","status-publish","has-post-thumbnail","hentry"],"acf":[],"_links":{"self":[{"href":"https:\/\/boydmoving.com\/fr\/wp-json\/wp\/v2\/pages\/3328","targetHints":{"allow":["GET"]}}],"collection":[{"href":"https:\/\/boydmoving.com\/fr\/wp-json\/wp\/v2\/pages"}],"about":[{"href":"https:\/\/boydmoving.com\/fr\/wp-json\/wp\/v2\/types\/page"}],"author":[{"embeddable":true,"href":"https:\/\/boydmoving.com\/fr\/wp-json\/wp\/v2\/users\/2"}],"replies":[{"embeddable":true,"href":"https:\/\/boydmoving.com\/fr\/wp-json\/wp\/v2\/comments?post=3328"}],"version-history":[{"count":0,"href":"https:\/\/boydmoving.com\/fr\/wp-json\/wp\/v2\/pages\/3328\/revisions"}],"up":[{"embeddable":true,"href":"https:\/\/boydmoving.com\/fr\/wp-json\/wp\/v2\/pages\/3990"}],"wp:featuredmedia":[{"embeddable":true,"href":"https:\/\/boydmoving.com\/fr\/wp-json\/wp\/v2\/media\/3408"}],"wp:attachment":[{"href":"https:\/\/boydmoving.com\/fr\/wp-json\/wp\/v2\/media?parent=3328"}],"curies":[{"name":"wp","href":"https:\/\/api.w.org\/{rel}","templated":true}]}}