{"id":2731,"date":"2017-10-11T19:46:36","date_gmt":"2017-10-11T19:46:36","guid":{"rendered":"http:\/\/www.boydmoving.com\/?page_id=2731\/"},"modified":"2021-11-01T17:41:39","modified_gmt":"2021-11-01T17:41:39","slug":"location-dequipement","status":"publish","type":"page","link":"https:\/\/boydmoving.com\/fr\/equipements-fournitures\/location-dequipement\/","title":{"rendered":"Location d&rsquo;\u00e9quipement"},"content":{"rendered":"<h2>Compl\u00e9tez notre formulaire d&rsquo;\u00e9quipement pour r\u00e9server ou demander un \u00e9quipement<\/h2>\n<div class=\"light-blue-bg padding\">\n<div class=\"wpcf7 no-js\" id=\"wpcf7-f2418-o1\" lang=\"en-US\" dir=\"ltr\" data-wpcf7-id=\"2418\">\n<div class=\"screen-reader-response\"><p role=\"status\" aria-live=\"polite\" aria-atomic=\"true\"><\/p> <ul><\/ul><\/div>\n<form action=\"\/fr\/wp-json\/wp\/v2\/pages\/2731#wpcf7-f2418-o1\" method=\"post\" class=\"wpcf7-form init\" aria-label=\"Contact form\" novalidate=\"novalidate\" data-status=\"init\">\n<fieldset class=\"hidden-fields-container\"><input type=\"hidden\" name=\"_wpcf7\" value=\"2418\" \/><input type=\"hidden\" name=\"_wpcf7_version\" value=\"6.1.5\" \/><input type=\"hidden\" name=\"_wpcf7_locale\" value=\"en_US\" \/><input type=\"hidden\" name=\"_wpcf7_unit_tag\" value=\"wpcf7-f2418-o1\" \/><input type=\"hidden\" name=\"_wpcf7_container_post\" value=\"0\" \/><input type=\"hidden\" name=\"_wpcf7_posted_data_hash\" value=\"\" \/><input type=\"hidden\" name=\"_wpcf7_recaptcha_response\" value=\"\" \/>\n<\/fieldset>\n<h3>Formulaire de Demande d\u2019\u00c9quipement<\/h3>\n<p>Veuillez remplir le formulaire ci-dessous pour recevoir un devis. Une fois termin\u00e9, vous serez contact\u00e9 par l'un de nos repr\u00e9sentants dans un d\u00e9lai d'un jour ouvrable.<\/p>\n<div class=\"column-group\">\n  <div class=\"all-50 small-50 tiny-100\">\n\t<div class=\"field-surround\">\n\t  <label class=\"label\" for=\"name_first\">Pr\u00e9nom*<\/label><span class=\"wpcf7-form-control-wrap\" data-name=\"name_first\"><input size=\"40\" maxlength=\"400\" class=\"wpcf7-form-control wpcf7-text wpcf7-validates-as-required all-100\" aria-required=\"true\" aria-invalid=\"false\" value=\"\" type=\"text\" name=\"name_first\" \/><\/span>\n\t<\/div>\n  <\/div>\n  <div class=\"all-50 small-50 tiny-100\">\n\t<div class=\"field-surround\">\n\t  <label class=\"label\" for=\"name_last\">Nom*<\/label><span class=\"wpcf7-form-control-wrap\" data-name=\"name_last\"><input size=\"40\" maxlength=\"400\" class=\"wpcf7-form-control wpcf7-text wpcf7-validates-as-required all-100\" aria-required=\"true\" aria-invalid=\"false\" value=\"\" type=\"text\" name=\"name_last\" \/><\/span>\n\t<\/div>\n  <\/div>\n  <div class=\"all-50 small-100 tiny-100\">\n\t<div class=\"field-surround\">\n\t  <label class=\"label\" for=\"email_addr\">Couriel*<\/label><span class=\"wpcf7-form-control-wrap\" data-name=\"email_addr\"><input size=\"40\" maxlength=\"400\" class=\"wpcf7-form-control wpcf7-email wpcf7-validates-as-required wpcf7-text wpcf7-validates-as-email all-100\" aria-required=\"true\" aria-invalid=\"false\" value=\"\" type=\"email\" name=\"email_addr\" \/><\/span>\n\t<\/div>\n  <\/div>\n  <div class=\"all-50 small-100 tiny-100\">\n\t<div class=\"field-surround\">\n\t  <label class=\"label\" for=\"tel_phone\">T\u00e9l\u00e9phone*<\/label><span class=\"wpcf7-form-control-wrap\" data-name=\"tel_phone\"><input size=\"40\" maxlength=\"400\" class=\"wpcf7-form-control wpcf7-tel wpcf7-validates-as-required wpcf7-text wpcf7-validates-as-tel all-100\" aria-required=\"true\" aria-invalid=\"false\" value=\"\" type=\"tel\" name=\"tel_phone\" \/><\/span>\n\t<\/div>\n  <\/div>\n\n  <div class=\"all-100\">\n\t<h5>Ramassage \/ Livraison*<\/h5>\n\t<div class=\"field-surround\">\n\t  <label class=\"label\" for=\"delivery\"><\/label><span class=\"wpcf7-form-control-wrap\" data-name=\"delivery\"><select class=\"wpcf7-form-control wpcf7-select wpcf7-validates-as-required all-100\" aria-required=\"true\" aria-invalid=\"false\" name=\"delivery\"><option value=\"Ramassage\">Ramassage<\/option><option value=\"Livraison\">Livraison<\/option><\/select><\/span>\n\t<\/div>\n  <\/div>\n\n  <div class=\"all-100\">\n\t<h5>Date de Ramassage*<\/h5>\n  <\/div>\n  <div class=\"all-33 small-40 tiny-40\">\n\t<div class=\"field-surround\">\n\t  <label class=\"label\" for=\"pickup_month\"><\/label><span class=\"wpcf7-form-control-wrap\" data-name=\"pickup_month\"><select class=\"wpcf7-form-control wpcf7-select wpcf7-validates-as-required all-100\" aria-required=\"true\" aria-invalid=\"false\" name=\"pickup_month\"><option value=\"janvier\">janvier<\/option><option value=\"f\u00e9vrier\">f\u00e9vrier<\/option><option value=\"mars\">mars<\/option><option value=\"avril\">avril<\/option><option value=\"mai\">mai<\/option><option value=\"juin\">juin<\/option><option value=\"julliet\">julliet<\/option><option value=\"ao\u00fbt\">ao\u00fbt<\/option><option value=\"septembre\">septembre<\/option><option value=\"octobre\">octobre<\/option><option value=\"novembre\">novembre<\/option><option value=\"d\u00e9cembre\">d\u00e9cembre<\/option><\/select><\/span>\n\t<\/div>\n  <\/div>\n  <div class=\"all-33 small-30 tiny-30\">\n\t<div class=\"field-surround\">\n\t  <label class=\"label\" for=\"pickup_day\">Jour<\/label><span class=\"wpcf7-form-control-wrap\" data-name=\"pickup_day\"><input size=\"40\" maxlength=\"400\" class=\"wpcf7-form-control wpcf7-text wpcf7-validates-as-required all-100\" aria-required=\"true\" aria-invalid=\"false\" value=\"\" type=\"text\" name=\"pickup_day\" \/><\/span>\n\t<\/div>\n  <\/div>\n  <div class=\"all-33 small-30 tiny-30\">\n\t<div class=\"field-surround\">\n\t  <label class=\"label\" for=\"pickup_year\">Ann\u00e9e<\/label><span class=\"wpcf7-form-control-wrap\" data-name=\"pickup_year\"><input size=\"40\" maxlength=\"400\" class=\"wpcf7-form-control wpcf7-text wpcf7-validates-as-required all-100\" aria-required=\"true\" aria-invalid=\"false\" value=\"\" type=\"text\" name=\"pickup_year\" \/><\/span>\n\t<\/div>\n  <\/div>\n  <div class=\"all-100\">\n\t<h5>Date Estim\u00e9e de Retour*<\/h5>\n  <\/div>\n  <div class=\"all-33 small-40 tiny-40\">\n\t<div class=\"field-surround\">\n\t  <label class=\"label\" for=\"return_month\"><\/label><span class=\"wpcf7-form-control-wrap\" data-name=\"return_month\"><select class=\"wpcf7-form-control wpcf7-select wpcf7-validates-as-required all-100\" aria-required=\"true\" aria-invalid=\"false\" name=\"return_month\"><option value=\"janvier\">janvier<\/option><option value=\"f\u00e9vrier\">f\u00e9vrier<\/option><option value=\"mars\">mars<\/option><option value=\"avril\">avril<\/option><option value=\"mai\">mai<\/option><option value=\"juin\">juin<\/option><option value=\"julliet\">julliet<\/option><option value=\"ao\u00fbt\">ao\u00fbt<\/option><option value=\"septembre\">septembre<\/option><option value=\"octobre\">octobre<\/option><option value=\"novembre\">novembre<\/option><option value=\"d\u00e9cembre\">d\u00e9cembre<\/option><\/select><\/span>\n\t<\/div>\n  <\/div>\n  <div class=\"all-33 small-30 tiny-30\">\n\t<div class=\"field-surround\">\n\t  <label class=\"label\" for=\"return_day\">Jour<\/label><span class=\"wpcf7-form-control-wrap\" data-name=\"return_day\"><input size=\"40\" maxlength=\"400\" class=\"wpcf7-form-control wpcf7-text wpcf7-validates-as-required all-100\" aria-required=\"true\" aria-invalid=\"false\" value=\"\" type=\"text\" name=\"return_day\" \/><\/span>\n\t<\/div>\n  <\/div>\n  <div class=\"all-33 small-30 tiny-30\">\n\t<div class=\"field-surround\">\n\t  <label class=\"label\" for=\"return_year\">Ann\u00e9e<\/label><span class=\"wpcf7-form-control-wrap\" data-name=\"return_year\"><input size=\"40\" maxlength=\"400\" class=\"wpcf7-form-control wpcf7-text wpcf7-validates-as-required all-100\" aria-required=\"true\" aria-invalid=\"false\" value=\"\" type=\"text\" name=\"return_year\" \/><\/span>\n\t<\/div>\n  <\/div>\n\n  <div class=\"all-100\">\n\t<h5>Veuillez indiquer le nombre de chaque item ci-dessous que vous souhaitez r\u00e9server*<\/h5>\n  <\/div>\n  <div class=\"all-100 xlarge-25 large-33 medium-50\"><div class=\"field-surround\">\n\t<label class=\"label\" for=\"rsv_moving_bin\">Bacs de d\u00e9m\u00e9nagement<\/label><span class=\"wpcf7-form-control-wrap\" data-name=\"rsv_moving_bin\"><input size=\"40\" maxlength=\"400\" class=\"wpcf7-form-control wpcf7-text all-100\" aria-invalid=\"false\" value=\"\" type=\"text\" name=\"rsv_moving_bin\" \/><\/span>\n  <\/div><\/div>\n  <div class=\"all-100 xlarge-25 large-33 medium-50\"><div class=\"field-surround\">\n\t <label class=\"label\" for=\"rsv_4w_dolly\">Plateaux-roulants<\/label><span class=\"wpcf7-form-control-wrap\" data-name=\"rsv_4w_dolly\"><input size=\"40\" maxlength=\"400\" class=\"wpcf7-form-control wpcf7-text all-100\" aria-invalid=\"false\" value=\"\" type=\"text\" name=\"rsv_4w_dolly\" \/><\/span>\n  <\/div><\/div>\n  <div class=\"all-100 xlarge-25 large-33 medium-50\"><div class=\"field-surround\">\n\t <label class=\"label\" for=\"rsv_strap_dolly\">Chariots \u00e0 bandouli\u00e8re<\/label><span class=\"wpcf7-form-control-wrap\" data-name=\"rsv_strap_dolly\"><input size=\"40\" maxlength=\"400\" class=\"wpcf7-form-control wpcf7-text all-100\" aria-invalid=\"false\" value=\"\" type=\"text\" name=\"rsv_strap_dolly\" \/><\/span>\n  <\/div><\/div>\n  <div class=\"all-100 xlarge-25 large-33 medium-50\"><div class=\"field-surround\">\n\t <label class=\"label\" for=\"rsv_screen_cart\">Chariot pour \u00e9crans<\/label><span class=\"wpcf7-form-control-wrap\" data-name=\"rsv_screen_cart\"><input size=\"40\" maxlength=\"400\" class=\"wpcf7-form-control wpcf7-text all-100\" aria-invalid=\"false\" value=\"\" type=\"text\" name=\"rsv_screen_cart\" \/><\/span>\n  <\/div><\/div>\n  <div class=\"all-100 xlarge-25 large-33 medium-50\"><div class=\"field-surround\">\n\t <label class=\"label\" for=\"rsv_comp_cart\">Chariot pour ordinateurs<\/label><span class=\"wpcf7-form-control-wrap\" data-name=\"rsv_comp_cart\"><input size=\"40\" maxlength=\"400\" class=\"wpcf7-form-control wpcf7-text all-100\" aria-invalid=\"false\" value=\"\" type=\"text\" name=\"rsv_comp_cart\" \/><\/span>\n  <\/div><\/div>\n  <div class=\"all-100 xlarge-25 large-33 medium-50\"><div class=\"field-surround\">\n\t <label class=\"label\" for=\"rsv_open_bin\">Bacs ouverts<\/label><span class=\"wpcf7-form-control-wrap\" data-name=\"rsv_open_bin\"><input size=\"40\" maxlength=\"400\" class=\"wpcf7-form-control wpcf7-text all-100\" aria-invalid=\"false\" value=\"\" type=\"text\" name=\"rsv_open_bin\" \/><\/span>\n  <\/div><\/div>\n  <div class=\"all-100 xlarge-25 large-33 medium-50\"><div class=\"field-surround\">\n\t <label class=\"label\" for=\"rsv_hand_truck\">Chariots<\/label><span class=\"wpcf7-form-control-wrap\" data-name=\"rsv_hand_truck\"><input size=\"40\" maxlength=\"400\" class=\"wpcf7-form-control wpcf7-text all-100\" aria-invalid=\"false\" value=\"\" type=\"text\" name=\"rsv_hand_truck\" \/><\/span>\n  <\/div><\/div>\n  <div class=\"all-100 xlarge-25 large-33 medium-50\"><div class=\"field-surround\">\n\t <label class=\"label\" for=\"rsv_fridge_truck\">Chariot pour r\u00e9frig\u00e9rateur<\/label><span class=\"wpcf7-form-control-wrap\" data-name=\"rsv_fridge_truck\"><input size=\"40\" maxlength=\"400\" class=\"wpcf7-form-control wpcf7-text all-100\" aria-invalid=\"false\" value=\"\" type=\"text\" name=\"rsv_fridge_truck\" \/><\/span>\n  <\/div><\/div>\n  <div class=\"all-100 xlarge-25 large-33 medium-50\"><div class=\"field-surround\">\n\t <label class=\"label\" for=\"rsv_pump_truck\">Chariot pompe<\/label><span class=\"wpcf7-form-control-wrap\" data-name=\"rsv_pump_truck\"><input size=\"40\" maxlength=\"400\" class=\"wpcf7-form-control wpcf7-text all-100\" aria-invalid=\"false\" value=\"\" type=\"text\" name=\"rsv_pump_truck\" \/><\/span>\n  <\/div><\/div>\n  <div class=\"all-100 xlarge-25 large-33 medium-50\"><div class=\"field-surround\">\n\t <label class=\"label\" for=\"rsv_flat_cart\">Chariot \u00e0 plateau<\/label><span class=\"wpcf7-form-control-wrap\" data-name=\"rsv_flat_cart\"><input size=\"40\" maxlength=\"400\" class=\"wpcf7-form-control wpcf7-text all-100\" aria-invalid=\"false\" value=\"\" type=\"text\" name=\"rsv_flat_cart\" \/><\/span>\n  <\/div><\/div>\n  <div class=\"all-100 xlarge-25 large-33 medium-50\"><div class=\"field-surround\">\n\t <label class=\"label\" for=\"rsv_piano_skid\">Palette pour piano<\/label><span class=\"wpcf7-form-control-wrap\" data-name=\"rsv_piano_skid\"><input size=\"40\" maxlength=\"400\" class=\"wpcf7-form-control wpcf7-text all-100\" aria-invalid=\"false\" value=\"\" type=\"text\" name=\"rsv_piano_skid\" \/><\/span>\n  <\/div><\/div>\n  <div class=\"all-100 xlarge-25 large-33 medium-50\"><div class=\"field-surround\">\n\t <label class=\"label\" for=\"rsv_piano_straps\">Bretelles pour piano<\/label><span class=\"wpcf7-form-control-wrap\" data-name=\"rsv_piano_straps\"><input size=\"40\" maxlength=\"400\" class=\"wpcf7-form-control wpcf7-text all-100\" aria-invalid=\"false\" value=\"\" type=\"text\" name=\"rsv_piano_straps\" \/><\/span>\n  <\/div><\/div>\n  <div class=\"all-100 xlarge-25 large-33 medium-50\"><div class=\"field-surround\">\n\t <label class=\"label\" for=\"rsv_johnson_bar\">Levier Johnson<\/label><span class=\"wpcf7-form-control-wrap\" data-name=\"rsv_johnson_bar\"><input size=\"40\" maxlength=\"400\" class=\"wpcf7-form-control wpcf7-text all-100\" aria-invalid=\"false\" value=\"\" type=\"text\" name=\"rsv_johnson_bar\" \/><\/span>\n  <\/div><\/div>\n  <div class=\"all-100 xlarge-25 large-33 medium-50\"><div class=\"field-surround\">\n\t <label class=\"label\" for=\"rsv_rolalift\">Rol-a-lift (ens. de 2)<\/label><span class=\"wpcf7-form-control-wrap\" data-name=\"rsv_rolalift\"><input size=\"40\" maxlength=\"400\" class=\"wpcf7-form-control wpcf7-text all-100\" aria-invalid=\"false\" value=\"\" type=\"text\" name=\"rsv_rolalift\" \/><\/span>\n  <\/div><\/div>\n  <div class=\"all-100 xlarge-25 large-33 medium-50\"><div class=\"field-surround\">\n\t <label class=\"label\" for=\"rsv_logistic_strap\">Sangle logistique avec crochet<\/label><span class=\"wpcf7-form-control-wrap\" data-name=\"rsv_logistic_strap\"><input size=\"40\" maxlength=\"400\" class=\"wpcf7-form-control wpcf7-text all-100\" aria-invalid=\"false\" value=\"\" type=\"text\" name=\"rsv_logistic_strap\" \/><\/span>\n  <\/div><\/div>\n  <div class=\"all-100 xlarge-25 large-33 medium-50\"><div class=\"field-surround\">\n\t <label class=\"label\" for=\"rsv_ratchet_strap\">Sangle \u00e0 cliquet<\/label><span class=\"wpcf7-form-control-wrap\" data-name=\"rsv_ratchet_strap\"><input size=\"40\" maxlength=\"400\" class=\"wpcf7-form-control wpcf7-text all-100\" aria-invalid=\"false\" value=\"\" type=\"text\" name=\"rsv_ratchet_strap\" \/><\/span>\n  <\/div><\/div>\n  <div class=\"all-100 xlarge-25 large-33 medium-50\"><div class=\"field-surround\">\n\t <label class=\"label\" for=\"rsv_steel_plates\">Plateau d\u2019acier<\/label><span class=\"wpcf7-form-control-wrap\" data-name=\"rsv_steel_plates\"><input size=\"40\" maxlength=\"400\" class=\"wpcf7-form-control wpcf7-text all-100\" aria-invalid=\"false\" value=\"\" type=\"text\" name=\"rsv_steel_plates\" \/><\/span>\n  <\/div><\/div>\n  <div class=\"all-100 xlarge-25 large-33 medium-50\"><div class=\"field-surround\">\n\t <label class=\"label\" for=\"rsv_tanks\">R\u00e9servoirs<\/label><span class=\"wpcf7-form-control-wrap\" data-name=\"rsv_tanks\"><input size=\"40\" maxlength=\"400\" class=\"wpcf7-form-control wpcf7-text all-100\" aria-invalid=\"false\" value=\"\" type=\"text\" name=\"rsv_tanks\" \/><\/span>\n  <\/div><\/div>\n  <div class=\"all-100 xlarge-25 large-33 medium-50\"><div class=\"field-surround\">\n\t <label class=\"label\" for=\"rsv_strap_machine\">Cercleuse<\/label><span class=\"wpcf7-form-control-wrap\" data-name=\"rsv_strap_machine\"><input size=\"40\" maxlength=\"400\" class=\"wpcf7-form-control wpcf7-text all-100\" aria-invalid=\"false\" value=\"\" type=\"text\" name=\"rsv_strap_machine\" \/><\/span>\n  <\/div><\/div>\n  <div class=\"all-100 xlarge-25 large-33 medium-50\"><div class=\"field-surround\">\n\t <label class=\"label\" for=\"rsv_forearm_forklift\">Chariots \u00e9l\u00e9vateurs<\/label><span class=\"wpcf7-form-control-wrap\" data-name=\"rsv_forearm_forklift\"><input size=\"40\" maxlength=\"400\" class=\"wpcf7-form-control wpcf7-text all-100\" aria-invalid=\"false\" value=\"\" type=\"text\" name=\"rsv_forearm_forklift\" \/><\/span>\n  <\/div><\/div>\n  <div class=\"all-100 xlarge-25 large-33 medium-50\"><div class=\"field-surround\">\n\t <label class=\"label\" for=\"rsv_floor_runner\">Tapis de couloir<\/label><span class=\"wpcf7-form-control-wrap\" data-name=\"rsv_floor_runner\"><input size=\"40\" maxlength=\"400\" class=\"wpcf7-form-control wpcf7-text all-100\" aria-invalid=\"false\" value=\"\" type=\"text\" name=\"rsv_floor_runner\" \/><\/span>\n  <\/div><\/div>\n  <div class=\"all-100 xlarge-25 large-33 medium-50\"><div class=\"field-surround\">\n\t <label class=\"label\" for=\"rsv_moving_blanket\">Couvertures de d\u00e9m\u00e9nagement<\/label><span class=\"wpcf7-form-control-wrap\" data-name=\"rsv_moving_blanket\"><input size=\"40\" maxlength=\"400\" class=\"wpcf7-form-control wpcf7-text all-100\" aria-invalid=\"false\" value=\"\" type=\"text\" name=\"rsv_moving_blanket\" \/><\/span>\n  <\/div><\/div>\n  <div class=\"all-100 xlarge-25 large-33 medium-50\"><div class=\"field-surround\">\n\t <label class=\"label\" for=\"rsv_walk_board\">Rampe (longueur de 14')<\/label><span class=\"wpcf7-form-control-wrap\" data-name=\"rsv_walk_board\"><input size=\"40\" maxlength=\"400\" class=\"wpcf7-form-control wpcf7-text all-100\" aria-invalid=\"false\" value=\"\" type=\"text\" name=\"rsv_walk_board\" \/><\/span>\n  <\/div><\/div>\n  <div class=\"all-100 xlarge-25 large-33 medium-50\"><div class=\"field-surround\">\n\t <label class=\"label\" for=\"rsv_walk_board_split\">Rampe<\/label><span class=\"wpcf7-form-control-wrap\" data-name=\"rsv_walk_board_split\"><input size=\"40\" maxlength=\"400\" class=\"wpcf7-form-control wpcf7-text all-100\" aria-invalid=\"false\" value=\"\" type=\"text\" name=\"rsv_walk_board_split\" \/><\/span>\n  <\/div><\/div>\n\n  <div class=\"all-100\">\n\t<div class=\"field-surround\">\n\t  <label class=\"label\" for=\"resv_other\">Autres :<\/label><span class=\"wpcf7-form-control-wrap\" data-name=\"resv_other\"><input size=\"40\" maxlength=\"400\" class=\"wpcf7-form-control wpcf7-text all-100\" aria-invalid=\"false\" value=\"\" type=\"text\" name=\"resv_other\" \/><\/span>\n\t<\/div>\n  <\/div>\n\n<br\/>\n  <div class=\"all-100\">\n\t<div class=\"field-surround\">\n\t  <label class=\"label\" for=\"message\">Additional Comments<\/label><span class=\"wpcf7-form-control-wrap\" data-name=\"message\"><textarea cols=\"40\" rows=\"10\" maxlength=\"2000\" class=\"wpcf7-form-control wpcf7-textarea all-100\" id=\"message\" aria-invalid=\"false\" name=\"message\"><\/textarea><\/span>\n\t<\/div>\n  <\/div>\n\n  <div class=\"all-100\">\n\t<h5>Comment avez-vous entendu parler de Boyd?<\/h5>\n  <\/div>\n  <div class=\"all-100\">\n\t<div class=\"field-surround\">\n\t  <span class=\"wpcf7-form-control-wrap\" data-name=\"referral\"><span class=\"wpcf7-form-control wpcf7-checkbox\"><span class=\"wpcf7-list-item first\"><label><input type=\"checkbox\" name=\"referral[]\" value=\"Client existant\" \/><span class=\"wpcf7-list-item-label\">Client existant<\/span><\/label><\/span><span class=\"wpcf7-list-item\"><label><input type=\"checkbox\" name=\"referral[]\" value=\"R\u00e9f\u00e9rence\" \/><span class=\"wpcf7-list-item-label\">R\u00e9f\u00e9rence<\/span><\/label><\/span><span class=\"wpcf7-list-item\"><label><input type=\"checkbox\" name=\"referral[]\" value=\"Recherche en-ligne\" \/><span class=\"wpcf7-list-item-label\">Recherche en-ligne<\/span><\/label><\/span><span class=\"wpcf7-list-item\"><label><input type=\"checkbox\" name=\"referral[]\" value=\"Facebook\" \/><span class=\"wpcf7-list-item-label\">Facebook<\/span><\/label><\/span><span class=\"wpcf7-list-item\"><label><input type=\"checkbox\" name=\"referral[]\" value=\"Annonce imprim\u00e9\" \/><span class=\"wpcf7-list-item-label\">Annonce imprim\u00e9<\/span><\/label><\/span><span class=\"wpcf7-list-item\"><label><input type=\"checkbox\" name=\"referral[]\" value=\"Accroche-porte\" \/><span class=\"wpcf7-list-item-label\">Accroche-porte<\/span><\/label><\/span><span class=\"wpcf7-list-item\"><label><input type=\"checkbox\" name=\"referral[]\" value=\"Envoi postal\" \/><span class=\"wpcf7-list-item-label\">Envoi postal<\/span><\/label><\/span><span class=\"wpcf7-list-item last\"><label><input type=\"checkbox\" name=\"referral[]\" value=\"Radio\" \/><span class=\"wpcf7-list-item-label\">Radio<\/span><\/label><\/span><\/span><\/span>\n\t<\/div>\n  <\/div>\n\t\n  <div class=\"all-100\">\n\t  <div class=\"anr_captcha_field\"><div id=\"anr_captcha_field_1\"><\/div><\/div><span class=\"wpcf7-form-control-wrap g-recaptcha-response\"><\/span>\n\t  <input class=\"wpcf7-form-control wpcf7-submit has-spinner\" type=\"submit\" value=\"R\u00e9serve\" \/><br\/>\n  <\/div>\n<\/div><div class=\"wpcf7-response-output\" aria-hidden=\"true\"><\/div>\n<\/form>\n<\/div>\n<\/div>\n","protected":false},"excerpt":{"rendered":"<p>Compl\u00e9tez notre formulaire d&rsquo;\u00e9quipement pour r\u00e9server ou demander un \u00e9quipement<\/p>\n","protected":false},"author":2,"featured_media":0,"parent":3937,"menu_order":1,"comment_status":"closed","ping_status":"closed","template":"page_service.php","meta":{"_acf_changed":false,"footnotes":""},"class_list":["post-2731","page","type-page","status-publish","hentry"],"acf":[],"_links":{"self":[{"href":"https:\/\/boydmoving.com\/fr\/wp-json\/wp\/v2\/pages\/2731","targetHints":{"allow":["GET"]}}],"collection":[{"href":"https:\/\/boydmoving.com\/fr\/wp-json\/wp\/v2\/pages"}],"about":[{"href":"https:\/\/boydmoving.com\/fr\/wp-json\/wp\/v2\/types\/page"}],"author":[{"embeddable":true,"href":"https:\/\/boydmoving.com\/fr\/wp-json\/wp\/v2\/users\/2"}],"replies":[{"embeddable":true,"href":"https:\/\/boydmoving.com\/fr\/wp-json\/wp\/v2\/comments?post=2731"}],"version-history":[{"count":0,"href":"https:\/\/boydmoving.com\/fr\/wp-json\/wp\/v2\/pages\/2731\/revisions"}],"up":[{"embeddable":true,"href":"https:\/\/boydmoving.com\/fr\/wp-json\/wp\/v2\/pages\/3937"}],"wp:attachment":[{"href":"https:\/\/boydmoving.com\/fr\/wp-json\/wp\/v2\/media?parent=2731"}],"curies":[{"name":"wp","href":"https:\/\/api.w.org\/{rel}","templated":true}]}}