{"id":264,"date":"2017-07-12T16:45:57","date_gmt":"2017-07-12T16:45:57","guid":{"rendered":"http:\/\/www.boydmoving.com\/?page_id=264"},"modified":"2023-02-08T20:09:11","modified_gmt":"2023-02-08T20:09:11","slug":"demenageurs-locaux-ottawa","status":"publish","type":"page","link":"https:\/\/boydmoving.com\/fr\/residentiels\/demenageurs-locaux-ottawa\/","title":{"rendered":"Les d\u00e9m\u00e9nageurs locaux d&rsquo;Ottawa"},"content":{"rendered":"<p>F\u00e9licitations ! D\u00e9m\u00e9nager dans une nouvelle maison vous donnera une toute nouvelle perspective sur la vie. Peut-\u00eatre d\u00e9gagerez-vous plus de place pour votre famille, ou peut-\u00eatre ferez-vous partie d&rsquo;un quartier plus passionnant. Peu importe o\u00f9 vous allez \u00e0 <a href=\"#service-area\">Ottawa ou dans les environs<\/a>, Boyd est l\u00e0 pour rendre votre parcours plus agr\u00e9able. Nous nous occupons des t\u00e2ches du d\u00e9m\u00e9nagement qui absorbent du temps, afin que vous puissiez vous concentrer sur les choses les plus importantes de la vie. Voici pourquoi nos clients nous recommandent sans cesse \u00e0 leurs amis et \u00e0 leur famille. Nous vous offrons:<\/p>\r\n<ul>\r\n<li><b>Conformit\u00e9 \u00e0 la norme de s\u00e9curit\u00e9 de la COVID-19.<\/b> Notre \u00e9quipe utilise des EPI et suit les recommandations de distanciation physique pour assurer la s\u00e9curit\u00e9 de chacun.<\/li>\r\n<li><b>Des d\u00e9m\u00e9nageurs de confiance.<\/b> Notre \u00e9quipe est hautement qualifi\u00e9e, cautionn\u00e9e et dispose d&rsquo;une habilitation de s\u00e9curit\u00e9. La plupart de nos d\u00e9m\u00e9nageurs sont avec nous depuis 10 ou m\u00eame 20 ans.<\/li>\r\n<li><b>Respect pour vous et votre domicile.<\/b> Nous pr\u00e9venons les dommages \u00e0 votre domicile gr\u00e2ce \u00e0 des tapis de sol et au rembourrage des rampes, et nous emballons vos biens avec soin.<\/li>\r\n<li><b>Un processus professionnel.<\/b> Votre consultant vous guidera dans les diff\u00e9rentes \u00e9tapes afin que vous sachiez exactement \u00e0 quoi vous attendre. Nous arrivons \u00e0 temps, \u00e0 chaque fois, pr\u00eats \u00e0 travailler.<\/li>\r\n<li><b>Tarification transparente.<\/b> Nous vous expliquons tous les co\u00fbts et les options, et vous recevez une facture d\u00e9taill\u00e9e qui ventile clairement les co\u00fbts.<\/li>\r\n<li><b>Estimations de prix garanties*.<\/b> Nous vous promettons que votre facture finale sera dans les 10 % \u00e0 l&rsquo;estimation initiale.<\/li>\r\n<li><b>Options d\u2019emballage et d\u2019entreposage flexibles.<\/b> Choisissez un emballage et un d\u00e9ballage complet ou partiel. Si vous avez besoin d&rsquo;un entreposage temporaire ou \u00e0 long terme, nous avons un entrep\u00f4t climatis\u00e9 qui vous attend.<\/li>\r\n<li><b>Excellente communication.<\/b> Nous sommes parfaitement bilingues et offrons un excellent service \u00e0 la client\u00e8le dans les deux langues officielles.<\/li>\r\n<\/ul>\r\n<p>Boyd offre des incroyables exp\u00e9riences de d\u00e9m\u00e9nagement depuis 1947. T\u00e9l\u00e9phonez au <a href=\"tel:6132444444\">613-244-4444<\/a> \u00e0 Ottawa ou sans frais au <a href=\"tel:18002681469\">1-800-268-1469<\/a>, ou lancez le processus en ligne.<\/p>\r\n<!-- \/wp:post-content -->\r\n\r\n<!-- wp:paragraph -->\r\n<p><a class=\"boyd-button blue-bg uppercase\" href=\"#sect_form\">Demandez votre estimation gratuite<\/a><\/p>\r\n<h2><b>Comment notre service de d\u00e9m\u00e9nagement local fonctionne <\/b><\/h2>\r\n<h3><b>Tarifs<\/b><\/h3>\r\n<p>Nos d\u00e9m\u00e9nagements locaux sont factur\u00e9s \u00e0 un taux horaire, en fonction de la quantit\u00e9 de choses \u00e0 d\u00e9m\u00e9nager. Le taux horaire d\u00e9pend du nombre de personnes dont nous avons besoin pour effectuer votre d\u00e9m\u00e9nagement en une journ\u00e9e ou moins. Les grandes quantit\u00e9s de biens n\u00e9cessitent plus de personnel pour les d\u00e9m\u00e9nager efficacement. \u00a0 Nous acceptons les paiements par Visa, MasterCard ou par traite bancaire. D\u00e9sol\u00e9, pour des raisons de s\u00e9curit\u00e9 en lien avec la COVID-19, nous ne sommes pas en mesure d\u2019accepter de l&rsquo;argent liquide. \u00a0<\/p>\r\n<h3><b>Notre processus<\/b><b> \u00a0<\/b><\/h3>\r\n<p>Le professionnalisme et la fiabilit\u00e9 d\u00e9finissent la mani\u00e8re dont nous abordons votre d\u00e9m\u00e9nagement. Voici comment fonctionne notre processus: \u00a0<\/p>\r\n<ol>\r\n<li>Tout commence par une consultation. Un de nos planificateurs se rendra \u00e0 votre domicile, discutera de vos besoins, r\u00e9pondra \u00e0 vos questions et examinera ce que vous souhaitez que nous d\u00e9m\u00e9nagions.<\/li>\r\n<li>Vous recevrez une estimation d\u00e9taill\u00e9e avec une ventilation compl\u00e8te des co\u00fbts.<\/li>\r\n<li>Vous nous donnez le feu vert pour r\u00e9server le d\u00e9m\u00e9nagement.<\/li>\r\n<li>La veille de votre d\u00e9m\u00e9nagement, nous vous donnons un coup de fil pour confirmer. Lors de cet appel, nous examinons les questions de s\u00e9curit\u00e9 en lien avec la COVID-19 et r\u00e9pondons \u00e0 toutes les questions que vous pourriez avoir.<\/li>\r\n<li>Le jour de votre d\u00e9m\u00e9nagement, nous arrivons \u00e0 l&rsquo;heure. Nous n&rsquo;avons pas rat\u00e9 un d\u00e9m\u00e9nagement depuis plus de 35 ans !<\/li>\r\n<li>Notre \u00e9quipe prot\u00e8gera votre maison \u00e0 l&rsquo;aide de tapis de sol et de rembourrage.<\/li>\r\n<li>Si vous nous avez demand\u00e9 des services d&#8217;emballage, nous emballons vos biens de la bonne fa\u00e7on, en utilisant des bo\u00eetes garde-robe, des bo\u00eetes pour la porcelaine et du plastique pour les meubles et les matelas.<\/li>\r\n<li>Notre camion transporte vos biens avec soin jusqu&rsquo;\u00e0 votre nouveau domicile.<\/li>\r\n<li>Nous disposons de rembourrages de protection, et nous y amenons vos bo\u00eetes et vos meubles.<\/li>\r\n<li>Si vous nous avez demand\u00e9 de d\u00e9baller pour vous, nous recyclons \u00e9galement vos bo\u00eetes.<\/li>\r\n<\/ol>\r\n<p>\u00a0 Vous avez des questions? <a class=\"boyd-blue-text\" href=\"https:\/\/boydmoving.com\/fr\/residentiels\/faq-sur-le-demenagement\/\"><strong>Consultez notre FAQ du d\u00e9m\u00e9nagement<\/strong><\/a><\/p>\r\n<h2><b>Notre zone de services de d\u00e9m\u00e9nagement local<\/b><\/h2>\r\n<p>Vous vous demandez si votre d\u00e9m\u00e9nagement sera un d\u00e9m\u00e9nagement local \u00e0 Ottawa ou un d\u00e9m\u00e9nagement longue distance ? Jetez un coup d\u2019\u0153il \u00e0 la carte ci-dessous: tout ce qui se trouve \u00e0 l\u2019int\u00e9rieur du cercle est un d\u00e9m\u00e9nagement local. \u00a0<\/p>\r\n<p><a href=\"https:\/\/boydmoving.com\/residential\/local-ottawa-movers\/our-local-moving-service-area\/\"><img decoding=\"async\" class=\"aligncenter wp-image-3872 size-full lazyload\" data-src=\"https:\/\/boydmoving.com\/wp-content\/uploads\/2020\/09\/Boyd_Local_Ottawa_Movers_Map.jpg\" alt=\"Boyd Local Service Area\" width=\"100%\" height=\"auto\" src=\"data:image\/svg+xml;base64,PHN2ZyB3aWR0aD0iMSIgaGVpZ2h0PSIxIiB4bWxucz0iaHR0cDovL3d3dy53My5vcmcvMjAwMC9zdmciPjwvc3ZnPg==\" style=\"--smush-placeholder-width: 1445px; --smush-placeholder-aspect-ratio: 1445\/651;\" data-srcset=\"https:\/\/boydmoving.com\/wp-content\/uploads\/2020\/09\/Boyd_Local_Ottawa_Movers_Map.jpg 1445w, https:\/\/boydmoving.com\/wp-content\/uploads\/2020\/09\/Boyd_Local_Ottawa_Movers_Map-300x135.jpg 300w, https:\/\/boydmoving.com\/wp-content\/uploads\/2020\/09\/Boyd_Local_Ottawa_Movers_Map-1200x541.jpg 1200w, https:\/\/boydmoving.com\/wp-content\/uploads\/2020\/09\/Boyd_Local_Ottawa_Movers_Map-768x346.jpg 768w\" data-sizes=\"auto\" data-original-sizes=\"(max-width: 1445px) 100vw, 1445px\" \/><\/a><\/p>\r\n<p>Nous offrons des services de d\u00e9m\u00e9nagement local dans toute la grande r\u00e9gion d\u2019Ottawa et au-del\u00e0 (dans un rayon d&rsquo;environ 2 heures de route). Si vous ne voyez pas votre zone sur la carte ou dans la liste ci-dessous, nous pouvons probablement quand m\u00eame vous fournir un service de d\u00e9m\u00e9nagement local.<\/p>\r\n<p>Veuillez nous contacter pour en savoir plus. \u00a0 Nous d\u00e9m\u00e9nageons les personnes dans ces communaut\u00e9s de l&rsquo;est de l&rsquo;Ontario et du Qu\u00e9bec: \u00a0<\/p>\r\n<!-- wp:group -->\r\n<div class=\"wp-block-group\">\r\n<div class=\"wp-block-group__inner-container\"><!-- wp:columns -->\r\n<div class=\"wp-block-columns\"><!-- wp:column -->\r\n<div class=\"wp-block-column\"><!-- wp:paragraph -->\r\n<p>Alexandria<\/p>\r\n<!-- \/wp:paragraph -->\r\n\r\n<!-- wp:paragraph -->\r\n<p>Apple Hill<\/p>\r\n<!-- \/wp:paragraph -->\r\n\r\n<!-- wp:paragraph -->\r\n<p>Arnprior<\/p>\r\n<!-- \/wp:paragraph -->\r\n\r\n<!-- wp:paragraph -->\r\n<p>Avonmore<\/p>\r\n<!-- \/wp:paragraph -->\r\n\r\n<!-- wp:paragraph -->\r\n<p>Bishops Mills<\/p>\r\n<!-- \/wp:paragraph -->\r\n\r\n<!-- wp:paragraph -->\r\n<p>Brinston<\/p>\r\n<!-- \/wp:paragraph -->\r\n\r\n<!-- wp:paragraph -->\r\n<p>Brockville<\/p>\r\n<!-- \/wp:paragraph -->\r\n\r\n<!-- wp:paragraph -->\r\n<p>Burnstown<\/p>\r\n<!-- \/wp:paragraph -->\r\n\r\n<!-- wp:paragraph -->\r\n<p>Calabogie<\/p>\r\n<!-- \/wp:paragraph -->\r\n\r\n<!-- wp:paragraph -->\r\n<p>Cannamore<\/p>\r\n<!-- \/wp:paragraph -->\r\n\r\n<!-- wp:paragraph -->\r\n<p>Carleton Place<\/p>\r\n<!-- \/wp:paragraph -->\r\n\r\n<!-- wp:paragraph -->\r\n<p>Casselman<\/p>\r\n<!-- \/wp:paragraph -->\r\n\r\n<!-- wp:paragraph -->\r\n<p>Chesterville<\/p>\r\n<!-- \/wp:paragraph -->\r\n\r\n<!-- wp:paragraph -->\r\n<p>Clarence Creek<\/p>\r\n<!-- \/wp:paragraph -->\r\n\r\n<!-- wp:paragraph -->\r\n<p>Clarence-Rockland<\/p>\r\n<!-- \/wp:paragraph -->\r\n\r\n<!-- wp:paragraph -->\r\n<p>Cobden<\/p>\r\n<!-- \/wp:paragraph -->\r\n\r\n<!-- wp:paragraph -->\r\n<p>Cornwall<\/p>\r\n<!-- \/wp:paragraph -->\r\n\r\n<!-- wp:paragraph -->\r\n<p>Crysler<\/p>\r\n<!-- \/wp:paragraph -->\r\n\r\n<!-- wp:paragraph -->\r\n<p>Dunrobin<\/p>\r\n<!-- \/wp:paragraph -->\r\n\r\n<!-- wp:paragraph -->\r\n<p>Dunvegan<\/p>\r\n<!-- \/wp:paragraph -->\r\n\r\n<!-- wp:paragraph -->\r\n<p>Eganville<\/p>\r\n<!-- \/wp:paragraph -->\r\n\r\n<!-- wp:paragraph -->\r\n<p>Embrun<\/p>\r\n<!-- \/wp:paragraph -->\r\n\r\n<!-- wp:paragraph -->\r\n<p>Ficko<\/p>\r\n<!-- \/wp:paragraph -->\r\n\r\n<!-- wp:paragraph -->\r\n<p>Hawkesbury<\/p>\r\n<!-- \/wp:paragraph -->\r\n\r\n<!-- wp:paragraph -->\r\n<p>Hallville<\/p>\r\n<!-- \/wp:paragraph -->\r\n\r\n<!-- wp:paragraph -->\r\n<p>Hanesville<\/p>\r\n<!-- \/wp:paragraph -->\r\n\r\n<!-- wp:paragraph -->\r\n<p>Ingleside<\/p>\r\n<!-- \/wp:paragraph -->\r\n\r\n<!-- wp:paragraph -->\r\n<p>Kemptville<\/p>\r\n<!-- \/wp:paragraph --><\/div>\r\n<!-- \/wp:column -->\r\n\r\n<!-- wp:column -->\r\n<div class=\"wp-block-column\"><!-- wp:paragraph -->\r\n<p>Kinburn<\/p>\r\n<!-- \/wp:paragraph -->\r\n\r\n<!-- wp:paragraph -->\r\n<p>Lanark<\/p>\r\n<!-- \/wp:paragraph -->\r\n\r\n<!-- wp:paragraph -->\r\n<p>Lancaster<\/p>\r\n<!-- \/wp:paragraph -->\r\n\r\n<!-- wp:paragraph -->\r\n<p>Limoges<\/p>\r\n<!-- \/wp:paragraph -->\r\n\r\n<!-- wp:paragraph -->\r\n<p>Marionville<\/p>\r\n<!-- \/wp:paragraph -->\r\n\r\n<!-- wp:paragraph -->\r\n<p>Maxville<\/p>\r\n<!-- \/wp:paragraph -->\r\n\r\n<!-- wp:paragraph -->\r\n<p>Merrickville<\/p>\r\n<!-- \/wp:paragraph -->\r\n\r\n<!-- wp:paragraph -->\r\n<p>Merrickville-Wolford<\/p>\r\n<!-- \/wp:paragraph -->\r\n\r\n<!-- wp:paragraph -->\r\n<p>Mississippi Mills<\/p>\r\n<!-- \/wp:paragraph -->\r\n\r\n<!-- wp:paragraph -->\r\n<p>Morrisburg<\/p>\r\n<!-- \/wp:paragraph -->\r\n\r\n<!-- wp:paragraph -->\r\n<p>Munster<\/p>\r\n<!-- \/wp:paragraph -->\r\n\r\n<!-- wp:paragraph -->\r\n<p>Oxford Mills<\/p>\r\n<!-- \/wp:paragraph -->\r\n\r\n<!-- wp:paragraph -->\r\n<p>Oxford Station<\/p>\r\n<!-- \/wp:paragraph -->\r\n\r\n<!-- wp:paragraph -->\r\n<p>Pakenham<\/p>\r\n<!-- \/wp:paragraph -->\r\n\r\n<!-- wp:paragraph -->\r\n<p>Pembroke<\/p>\r\n<!-- \/wp:paragraph -->\r\n\r\n<!-- wp:paragraph -->\r\n<p>Petawawa<\/p>\r\n<!-- \/wp:paragraph -->\r\n\r\n<!-- wp:paragraph -->\r\n<p>Perth<\/p>\r\n<!-- \/wp:paragraph -->\r\n\r\n<!-- wp:paragraph -->\r\n<p>Prescott<\/p>\r\n<!-- \/wp:paragraph -->\r\n\r\n<!-- wp:paragraph -->\r\n<p>Smiths Falls<\/p>\r\n<!-- \/wp:paragraph -->\r\n\r\n<!-- wp:paragraph -->\r\n<p>Spencerville<\/p>\r\n<!-- \/wp:paragraph -->\r\n\r\n<!-- wp:paragraph -->\r\n<p>St-Albert<\/p>\r\n<!-- \/wp:paragraph -->\r\n\r\n<!-- wp:paragraph -->\r\n<p>St-Bernardin<\/p>\r\n<!-- \/wp:paragraph -->\r\n\r\n<!-- wp:paragraph -->\r\n<p>Renfrew<\/p>\r\n<!-- \/wp:paragraph -->\r\n\r\n<!-- wp:paragraph -->\r\n<p>Rigaud<\/p>\r\n<!-- \/wp:paragraph -->\r\n\r\n<!-- wp:paragraph -->\r\n<p>Russell<\/p>\r\n<!-- \/wp:paragraph -->\r\n\r\n<!-- wp:paragraph -->\r\n<p>Vankleek Hill<\/p>\r\n<!-- \/wp:paragraph -->\r\n\r\n<!-- wp:paragraph -->\r\n<p>Winchester<\/p>\r\n<!-- \/wp:paragraph -->\r\n\r\n<!-- wp:paragraph -->\r\n<p>Winchester Springs<\/p>\r\n<!-- \/wp:paragraph --><\/div>\r\n<!-- \/wp:column --><\/div>\r\n<!-- \/wp:columns --><\/div>\r\n<\/div>\r\n<!-- \/wp:group -->\r\n\r\n<!-- wp:paragraph -->\r\n<p><strong>In Qu\u00e9bec:<\/strong><\/p>\r\n<!-- \/wp:paragraph -->\r\n\r\n<!-- wp:paragraph -->\r\n<p>Bristol<\/p>\r\n<!-- \/wp:paragraph -->\r\n\r\n<!-- wp:paragraph -->\r\n<p>Chelsea<\/p>\r\n<!-- \/wp:paragraph -->\r\n\r\n<!-- wp:paragraph -->\r\n<p>Gatineau<\/p>\r\n<!-- \/wp:paragraph -->\r\n\r\n<!-- wp:paragraph -->\r\n<p>Montebello<\/p>\r\n<!-- \/wp:paragraph -->\r\n\r\n<!-- wp:paragraph -->\r\n<p>Montr\u00e9al\u2019s west shore\u2014 including Lachute and Laval<\/p>\r\n<!-- \/wp:paragraph -->\r\n\r\n<!-- wp:paragraph -->\r\n<p>Plaisance<\/p>\r\n<!-- \/wp:paragraph -->\r\n\r\n<!-- wp:paragraph -->\r\n<p>Pontiac<\/p>\r\n<!-- \/wp:paragraph -->\r\n\r\n<!-- wp:paragraph -->\r\n<p>Quyon<\/p>\r\n<!-- \/wp:paragraph -->\r\n\r\n<!-- wp:paragraph -->\r\n<p>Shawville<\/p>\r\n<!-- \/wp:paragraph -->\r\n\r\n<!-- wp:paragraph -->\r\n<p>Thurso<\/p>\r\n<!-- \/wp:paragraph -->\r\n<h2><b>Une journ\u00e9e de d\u00e9m\u00e9nagement en toute qui\u00e9tude avec l&rsquo;aide de professionnels!<\/b><b> <\/b><\/h2>\r\n<p>Un nouveau d\u00e9part dans votre nouveau foyer commence par une exp\u00e9rience de d\u00e9m\u00e9nagement positive. L&rsquo;\u00e9quipe d&rsquo;experts de Boyd sait comment \u00e9viter les maux de t\u00eate qui peuvent accompagner un d\u00e9m\u00e9nagement, et s&rsquo;occupera de votre d\u00e9m\u00e9nagement de mani\u00e8re s\u00fbre et efficace. Dites adieu \u00e0 l&rsquo;inqui\u00e9tude de devoir planifier votre d\u00e9m\u00e9nagement, \u00e0 l&rsquo;\u00e9puisement qui vous attend \u00e0 emballer vos biens, aux maux de dos dus au fait de devoir soulever de lourdes bo\u00eetes toute la journ\u00e9e, aux \u00ab amis \u00bb qui ne se pr\u00e9sentent pas et \u00e0 essayer de conduire un camion peu familier. Passez plut\u00f4t votre temps \u00e0 profiter du parcours vers votre nouveau domicile. Pour commencer, t\u00e9l\u00e9phonez-nous au <a href=\"tel:6132444444\">613-244-4444<\/a> \u00e0 Ottawa ou sans frais au <a href=\"tel:18002681469\">1-800-268-1469<\/a> , ou lancez le processus en ligne. \u00a0<\/p>\r\n<p><a class=\"boyd-button blue-bg uppercase\" href=\"#sect_form\">Demandez votre estimation gratuite<\/a><\/p>\r\n<p><i>* Rien de plus vrai! Votre co\u00fbt final sera dans les 10 % \u00e0 l&rsquo;estimation initiale (\u00e0 condition, bien s\u00fbr, que vous n&rsquo;ajoutiez pas d&rsquo;\u00e9l\u00e9ments suppl\u00e9mentaires \u00e0 votre inventaire).<\/i><\/p>","protected":false},"excerpt":{"rendered":"<p>F\u00e9licitations ! D\u00e9m\u00e9nager dans une nouvelle maison vous donnera une toute nouvelle perspective sur la vie. Peut-\u00eatre d\u00e9gagerez-vous plus de place pour votre famille, ou peut-\u00eatre ferez-vous partie d&rsquo;un quartier plus passionnant. Peu importe o\u00f9 vous allez \u00e0 Ottawa ou dans les environs, Boyd est l\u00e0 pour rendre votre parcours plus agr\u00e9able. Nous nous occupons [&hellip;]<\/p>\n","protected":false},"author":2,"featured_media":4382,"parent":3958,"menu_order":5,"comment_status":"closed","ping_status":"closed","template":"page_service.php","meta":{"_acf_changed":false,"footnotes":""},"class_list":["post-264","page","type-page","status-publish","has-post-thumbnail","hentry"],"acf":[],"_links":{"self":[{"href":"https:\/\/boydmoving.com\/fr\/wp-json\/wp\/v2\/pages\/264","targetHints":{"allow":["GET"]}}],"collection":[{"href":"https:\/\/boydmoving.com\/fr\/wp-json\/wp\/v2\/pages"}],"about":[{"href":"https:\/\/boydmoving.com\/fr\/wp-json\/wp\/v2\/types\/page"}],"author":[{"embeddable":true,"href":"https:\/\/boydmoving.com\/fr\/wp-json\/wp\/v2\/users\/2"}],"replies":[{"embeddable":true,"href":"https:\/\/boydmoving.com\/fr\/wp-json\/wp\/v2\/comments?post=264"}],"version-history":[{"count":2,"href":"https:\/\/boydmoving.com\/fr\/wp-json\/wp\/v2\/pages\/264\/revisions"}],"predecessor-version":[{"id":7980,"href":"https:\/\/boydmoving.com\/fr\/wp-json\/wp\/v2\/pages\/264\/revisions\/7980"}],"up":[{"embeddable":true,"href":"https:\/\/boydmoving.com\/fr\/wp-json\/wp\/v2\/pages\/3958"}],"wp:featuredmedia":[{"embeddable":true,"href":"https:\/\/boydmoving.com\/fr\/wp-json\/wp\/v2\/media\/4382"}],"wp:attachment":[{"href":"https:\/\/boydmoving.com\/fr\/wp-json\/wp\/v2\/media?parent=264"}],"curies":[{"name":"wp","href":"https:\/\/api.w.org\/{rel}","templated":true}]}}