{"id":2377,"date":"2017-08-24T13:46:31","date_gmt":"2017-08-24T13:46:31","guid":{"rendered":"http:\/\/www.boydmoving.com\/?page_id=2377\/"},"modified":"2021-11-24T17:20:08","modified_gmt":"2021-11-24T17:20:08","slug":"politique-de-confidentialite","status":"publish","type":"page","link":"https:\/\/boydmoving.com\/fr\/politique-de-confidentialite\/","title":{"rendered":"Politique de confidentialit\u00e9"},"content":{"rendered":"<p>Merci de visiter notre site. En utilisant le site, vous acceptez les pratiques d\u00e9crites dans cette politique de confidentialit\u00e9. Ces pratiques peuvent \u00eatre modifi\u00e9es, mais tout changement sera affich\u00e9. Vous \u00eates encourag\u00e9 \u00e0 examiner la politique de confidentialit\u00e9 chaque fois que vous visitez le site pour vous assurer que vous comprenez comment les informations personnelles que vous fournissez seront utilis\u00e9es.<\/p>\n<h2>Collecte d\u2019information<\/h2>\n<p>Nous recueillons des informations personnelles identifiables, telles que les noms, les num\u00e9ros de t\u00e9l\u00e9phone, les adresses postales et les adresses \u00e9lectroniques lorsqu&rsquo;ils sont volontairement soumis par des visiteurs. Cette information est utilis\u00e9e uniquement pour r\u00e9pondre \u00e0 des demandes sp\u00e9cifiques, sauf si vous nous permettez de l&rsquo;utiliser d&rsquo;une autre mani\u00e8re, par exemple, pour vous ajouter \u00e0 l&rsquo;une de nos listes de diffusion.<\/p>\n<h2>Utilisation de cookies<\/h2>\n<p>Le site peut utiliser des cookies et une technologie de suivi en fonction des fonctionnalit\u00e9s propos\u00e9es. Les cookies et la technologie de suivi sont utiles pour recueillir des informations telles que le type de navigateur et le syst\u00e8me d&rsquo;exploitation, le suivi du nombre de visiteurs sur le site et la compr\u00e9hension de la fa\u00e7on dont les visiteurs utilisent le site. Les cookies peuvent \u00e9galement aider \u00e0 personnaliser le site pour les visiteurs. Les informations personnelles ne peuvent \u00eatre collect\u00e9es via des cookies et d&rsquo;autres technologies de suivi. Toutefois, si vous avez pr\u00e9c\u00e9demment fourni des informations personnelles identifiables, les cookies peuvent \u00eatre li\u00e9s \u00e0 ces informations. Les cookies cumul\u00e9s et les informations de suivi peuvent \u00eatre partag\u00e9s avec des tiers. Nous ne vendons ni ne n\u00e9gocions vos coordonn\u00e9es personnelles \u00e0 des tiers.<\/p>\n<h3>Renseignements d\u00e9mographiques anonymes<\/h3>\n<p>Dans le cadre de notre suivi anonyme, nous faisons la cueillette de renseignements sur votre genre, votre plage d\u2019\u00e2ge et vos int\u00e9r\u00eats g\u00e9n\u00e9raux (par exemple, \u00ab les voyages \u00bb ou \u00ab les nouvelles \u00bb). Ceci nous vient en aide pour que nous puissions mieux conna\u00eetre les utilisateurs de notre site web. Nous ne faisons PAS la cueillette de renseignements qui:<\/p>\n<ul>\n<li>Pourraient \u00eatre utilis\u00e9s pour vous identifier<\/li>\n<li>Refl\u00e8tent votre religion, votre patrimoine ethnique ou vos pr\u00e9f\u00e9rences sexuelles.<\/li>\n<\/ul>\n<p>Si le suivi anonyme vous pr\u00e9occupe, vous pouvez vous d\u00e9sinscrire des t\u00e9moins de suivi de Google par l\u2019entremise <a href=\"https:\/\/tools.google.com\/dlpage\/gaoptout?hl=fr\" target=\"_blank\" rel=\"noopener noreferrer\">de l&rsquo;information et des outils que vous trouverez sur cette page<\/a>.<\/p>\n<h2>Distribution d\u2019information<\/h2>\n<p>Nous pouvons partager des informations avec des organismes gouvernementaux ou d&rsquo;autres entreprises qui nous aident \u00e0 pr\u00e9venir ou \u00e0 enqu\u00eater sur la fraude. Nous pouvons le faire lorsque :<\/p>\n<ul>\n<li>Autoris\u00e9 ou requis par la lois;<\/li>\n<li>Essayer de prot\u00e9ger contre ou pr\u00e9venir des fraudes r\u00e9elles ou potentielles ou des transactions non autoris\u00e9es;<\/li>\n<li>Enqu\u00eate sur la fraude qui a d\u00e9j\u00e0 eu lieu.<\/li>\n<\/ul>\n<p>Ces informations ne sont pas fournies \u00e0 ces organisations \u00e0 des fins de marketing.<\/p>\n<h2>Engagement envers la s\u00e9curit\u00e9 des donn\u00e9es<\/h2>\n<p>Vos informations personnelles identifiables sont s\u00e9curis\u00e9es. Seuls les employ\u00e9s autoris\u00e9s, les agents et les entrepreneurs (qui ont accept\u00e9 de garder l&rsquo;information s\u00e9curis\u00e9e et confidentielle) ont acc\u00e8s \u00e0 ces informations. Tous les courriels et les bulletins d&rsquo;information de ce site vous permettent de retirer les envois postaux.<\/p>\n<h2>Informations de contact<\/h2>\n<p>Si vous avez des questions, pr\u00e9occupations ou commentaires sur notre politique de confidentialit\u00e9, vous pouvez nous contacter au <a href=\"tel:\/\/613-244-4444\"><strong>613-244-4444<\/strong> <\/a>ou par courriel \u00e0 <a href=\"mailto:sales@boyd.ca\"><strong>sales@boyd.ca<\/strong><\/a>. Vous pouvez \u00e9galement nous \u00e9crire \u00e0 l&rsquo;adresse suivante :<\/p>\n<p>1255 Humber Place<br \/>\nOttawa ON K1B 3W2<\/p>\n","protected":false},"excerpt":{"rendered":"<p>Merci de visiter notre site. En utilisant le site, vous acceptez les pratiques d\u00e9crites dans cette politique de confidentialit\u00e9. Ces pratiques peuvent \u00eatre modifi\u00e9es, mais tout changement sera affich\u00e9. Vous \u00eates encourag\u00e9 \u00e0 examiner la politique de confidentialit\u00e9 chaque fois que vous visitez le site pour vous assurer que vous comprenez comment les informations personnelles [&hellip;]<\/p>\n","protected":false},"author":2,"featured_media":0,"parent":0,"menu_order":12,"comment_status":"closed","ping_status":"closed","template":"","meta":{"_acf_changed":false,"footnotes":""},"class_list":["post-2377","page","type-page","status-publish","hentry"],"acf":[],"_links":{"self":[{"href":"https:\/\/boydmoving.com\/fr\/wp-json\/wp\/v2\/pages\/2377","targetHints":{"allow":["GET"]}}],"collection":[{"href":"https:\/\/boydmoving.com\/fr\/wp-json\/wp\/v2\/pages"}],"about":[{"href":"https:\/\/boydmoving.com\/fr\/wp-json\/wp\/v2\/types\/page"}],"author":[{"embeddable":true,"href":"https:\/\/boydmoving.com\/fr\/wp-json\/wp\/v2\/users\/2"}],"replies":[{"embeddable":true,"href":"https:\/\/boydmoving.com\/fr\/wp-json\/wp\/v2\/comments?post=2377"}],"version-history":[{"count":0,"href":"https:\/\/boydmoving.com\/fr\/wp-json\/wp\/v2\/pages\/2377\/revisions"}],"wp:attachment":[{"href":"https:\/\/boydmoving.com\/fr\/wp-json\/wp\/v2\/media?parent=2377"}],"curies":[{"name":"wp","href":"https:\/\/api.w.org\/{rel}","templated":true}]}}