{"id":2371,"date":"2017-07-12T16:44:12","date_gmt":"2017-07-12T16:44:12","guid":{"rendered":"http:\/\/www.boydmoving.com\/?page_id=2371\/"},"modified":"2021-11-23T22:02:43","modified_gmt":"2021-11-23T22:02:43","slug":"opportunites-de-carriere","status":"publish","type":"page","link":"https:\/\/boydmoving.com\/fr\/a-propos\/opportunites-de-carriere\/","title":{"rendered":"Opportunit\u00e9s de Carri\u00e8re"},"content":{"rendered":"<p>Merci de votre int\u00e9r\u00eat pour vous joindre \u00e0 notre \u00e9quipe! Nous nous engageons \u00e0 d\u00e9velopper les employ\u00e9s et \u00e0 offrir des salaires et des avantages concurrentiels. Surtout, nous nous effor\u00e7ons d&rsquo;\u00eatre un employeur de choix dans l&rsquo;industrie du d\u00e9m\u00e9nagement et de l\u2019entreposage \u00e0 Ottawa.<\/p>\n<p>Pour postuler, compl\u00e9tez notre formulaire de candidature ou faites-nous par courriel votre CV et lettre de pr\u00e9sentation \u00e0 <a href=\"mailto:JBG@boyd.ca\">JBG@boyd.ca<\/a>.<\/p>\n","protected":false},"excerpt":{"rendered":"<p>Merci de votre int\u00e9r\u00eat pour vous joindre \u00e0 notre \u00e9quipe! Nous nous engageons \u00e0 d\u00e9velopper les employ\u00e9s et \u00e0 offrir des salaires et des avantages concurrentiels. Surtout, nous nous effor\u00e7ons d&rsquo;\u00eatre un employeur de choix dans l&rsquo;industrie du d\u00e9m\u00e9nagement et de l\u2019entreposage \u00e0 Ottawa. Pour postuler, compl\u00e9tez notre formulaire de candidature ou faites-nous par courriel [&hellip;]<\/p>\n","protected":false},"author":2,"featured_media":2191,"parent":2354,"menu_order":4,"comment_status":"closed","ping_status":"closed","template":"page_career.php","meta":{"_acf_changed":false,"footnotes":""},"class_list":["post-2371","page","type-page","status-publish","has-post-thumbnail","hentry"],"acf":[],"_links":{"self":[{"href":"https:\/\/boydmoving.com\/fr\/wp-json\/wp\/v2\/pages\/2371","targetHints":{"allow":["GET"]}}],"collection":[{"href":"https:\/\/boydmoving.com\/fr\/wp-json\/wp\/v2\/pages"}],"about":[{"href":"https:\/\/boydmoving.com\/fr\/wp-json\/wp\/v2\/types\/page"}],"author":[{"embeddable":true,"href":"https:\/\/boydmoving.com\/fr\/wp-json\/wp\/v2\/users\/2"}],"replies":[{"embeddable":true,"href":"https:\/\/boydmoving.com\/fr\/wp-json\/wp\/v2\/comments?post=2371"}],"version-history":[{"count":0,"href":"https:\/\/boydmoving.com\/fr\/wp-json\/wp\/v2\/pages\/2371\/revisions"}],"up":[{"embeddable":true,"href":"https:\/\/boydmoving.com\/fr\/wp-json\/wp\/v2\/pages\/2354"}],"wp:featuredmedia":[{"embeddable":true,"href":"https:\/\/boydmoving.com\/fr\/wp-json\/wp\/v2\/media\/2191"}],"wp:attachment":[{"href":"https:\/\/boydmoving.com\/fr\/wp-json\/wp\/v2\/media?parent=2371"}],"curies":[{"name":"wp","href":"https:\/\/api.w.org\/{rel}","templated":true}]}}