{"id":2369,"date":"2017-09-01T15:34:11","date_gmt":"2017-09-01T15:34:11","guid":{"rendered":"http:\/\/www.boydmoving.com\/?page_id=2369\/"},"modified":"2021-11-23T15:15:35","modified_gmt":"2021-11-23T15:15:35","slug":"informations-de-contact","status":"publish","type":"page","link":"https:\/\/boydmoving.com\/fr\/informations-de-contact\/","title":{"rendered":"Informations de contact"},"content":{"rendered":"<p><strong>Le service dont vous avez besoin.\u00a0L&rsquo;exp\u00e9rience dans laquelle vous pouvez faire confiance.<\/strong><\/p>\n<p>Que vous recherchiez des conseils ou une soumission pour un d\u00e9m\u00e9nagement <a href=\"http:\/\/boydmoving.com\/fr\/residentiels\/residentiels\/\">r\u00e9sidentiel<\/a> ou <a href=\"http:\/\/boydmoving.com\/fr\/commerciaux\/\">commercial<\/a>, avez besoin d&rsquo;espace d\u2019entreposage ou de solutions de logistique ou d&rsquo;exp\u00e9dition, nous sommes l\u00e0 pour vous aider.<\/p>\n<p>Contactez-nous au <a href=\"tel:\/\/613-244-4444\"><strong>613-244-4444<\/strong> <\/a>(sans frais: <a href=\"tel:\/\/800-268-1469\">800-268-1469<\/a>), ou compl\u00e9tez notre formulaire de contact ci-dessous.<\/p>\n<p>&nbsp;<\/p>\n<p><iframe style=\"border: 0;\" data-src=\"https:\/\/www.google.com\/maps\/embed?pb=!1m18!1m12!1m3!1d2801.3294585055055!2d-75.61274118444462!3d45.40269557910029!2m3!1f0!2f0!3f0!3m2!1i1024!2i768!4f13.1!3m3!1m2!1s0x0%3A0x8a47c936031c6d50!2sBoyd+Moving+%26+Storage+Ltd!5e0!3m2!1sen!2sca!4v1564596490753!5m2!1sen!2sca\" width=\"100%\" height=\"450\" frameborder=\"0\" allowfullscreen=\"allowfullscreen\" src=\"data:image\/svg+xml;base64,PHN2ZyB3aWR0aD0iMSIgaGVpZ2h0PSIxIiB4bWxucz0iaHR0cDovL3d3dy53My5vcmcvMjAwMC9zdmciPjwvc3ZnPg==\" class=\"lazyload\" data-load-mode=\"1\"><\/iframe><\/p>\n","protected":false},"excerpt":{"rendered":"<p>Le service dont vous avez besoin.\u00a0L&rsquo;exp\u00e9rience dans laquelle vous pouvez faire confiance. Que vous recherchiez des conseils ou une soumission pour un d\u00e9m\u00e9nagement r\u00e9sidentiel ou commercial, avez besoin d&rsquo;espace d\u2019entreposage ou de solutions de logistique ou d&rsquo;exp\u00e9dition, nous sommes l\u00e0 pour vous aider. Contactez-nous au 613-244-4444 (sans frais: 800-268-1469), ou compl\u00e9tez notre formulaire de contact [&hellip;]<\/p>\n","protected":false},"author":2,"featured_media":4412,"parent":0,"menu_order":9,"comment_status":"closed","ping_status":"closed","template":"page_contact.php","meta":{"_acf_changed":false,"footnotes":""},"class_list":["post-2369","page","type-page","status-publish","has-post-thumbnail","hentry"],"acf":[],"_links":{"self":[{"href":"https:\/\/boydmoving.com\/fr\/wp-json\/wp\/v2\/pages\/2369","targetHints":{"allow":["GET"]}}],"collection":[{"href":"https:\/\/boydmoving.com\/fr\/wp-json\/wp\/v2\/pages"}],"about":[{"href":"https:\/\/boydmoving.com\/fr\/wp-json\/wp\/v2\/types\/page"}],"author":[{"embeddable":true,"href":"https:\/\/boydmoving.com\/fr\/wp-json\/wp\/v2\/users\/2"}],"replies":[{"embeddable":true,"href":"https:\/\/boydmoving.com\/fr\/wp-json\/wp\/v2\/comments?post=2369"}],"version-history":[{"count":0,"href":"https:\/\/boydmoving.com\/fr\/wp-json\/wp\/v2\/pages\/2369\/revisions"}],"wp:featuredmedia":[{"embeddable":true,"href":"https:\/\/boydmoving.com\/fr\/wp-json\/wp\/v2\/media\/4412"}],"wp:attachment":[{"href":"https:\/\/boydmoving.com\/fr\/wp-json\/wp\/v2\/media?parent=2369"}],"curies":[{"name":"wp","href":"https:\/\/api.w.org\/{rel}","templated":true}]}}