{"id":2364,"date":"2017-09-01T17:46:06","date_gmt":"2017-09-01T17:46:06","guid":{"rendered":"http:\/\/www.boydmoving.com\/?page_id=2364\/"},"modified":"2021-11-01T16:01:15","modified_gmt":"2021-11-01T16:01:15","slug":"residentiels","status":"publish","type":"page","link":"https:\/\/boydmoving.com\/fr\/residentiels\/residentiels\/","title":{"rendered":"Demandez une soumission"},"content":{"rendered":"<div class=\"light-blue-bg padding\">\n<div class=\"wpcf7 no-js\" id=\"wpcf7-f2382-o1\" lang=\"en-US\" dir=\"ltr\" data-wpcf7-id=\"2382\">\n<div class=\"screen-reader-response\"><p role=\"status\" aria-live=\"polite\" aria-atomic=\"true\"><\/p> <ul><\/ul><\/div>\n<form action=\"\/fr\/wp-json\/wp\/v2\/pages\/2364#wpcf7-f2382-o1\" method=\"post\" class=\"wpcf7-form init\" aria-label=\"Contact form\" novalidate=\"novalidate\" data-status=\"init\">\n<fieldset class=\"hidden-fields-container\"><input type=\"hidden\" name=\"_wpcf7\" value=\"2382\" \/><input type=\"hidden\" name=\"_wpcf7_version\" value=\"6.1.5\" \/><input type=\"hidden\" name=\"_wpcf7_locale\" value=\"en_US\" \/><input type=\"hidden\" name=\"_wpcf7_unit_tag\" value=\"wpcf7-f2382-o1\" \/><input type=\"hidden\" name=\"_wpcf7_container_post\" value=\"0\" \/><input type=\"hidden\" name=\"_wpcf7_posted_data_hash\" value=\"\" \/><input type=\"hidden\" name=\"_wpcf7_recaptcha_response\" value=\"\" \/>\n<\/fieldset>\n<h3>D\u00e9m\u00e9nagement r\u00e9sidentiel: Demandez une soumission<\/h3>\n<p>Veuillez compl\u00e9ter le formulaire ci-dessous. L'un de nos repr\u00e9sentants vous contactera dans un d\u00e9lai d'un jour ouvrable.<\/p>\n<div class=\"column-group\">\n  <div class=\"all-50 small-50 tiny-100\">\n\t<div class=\"field-surround\">\n\t  <label class=\"label\" for=\"name_first\">Pr\u00e9nom*<\/label><span class=\"wpcf7-form-control-wrap\" data-name=\"name_first\"><input size=\"40\" maxlength=\"400\" class=\"wpcf7-form-control wpcf7-text wpcf7-validates-as-required all-100\" aria-required=\"true\" aria-invalid=\"false\" value=\"\" type=\"text\" name=\"name_first\" \/><\/span>\n\t<\/div>\n  <\/div>\n  <div class=\"all-50 small-50 tiny-100\">\n\t<div class=\"field-surround\">\n\t  <label class=\"label\" for=\"name_last\">Nom*<\/label><span class=\"wpcf7-form-control-wrap\" data-name=\"name_last\"><input size=\"40\" maxlength=\"400\" class=\"wpcf7-form-control wpcf7-text wpcf7-validates-as-required all-100\" aria-required=\"true\" aria-invalid=\"false\" value=\"\" type=\"text\" name=\"name_last\" \/><\/span>\n\t<\/div>\n  <\/div>\n  <div class=\"all-50 small-100 tiny-100\">\n\t<div class=\"field-surround\">\n\t  <label class=\"label\" for=\"email_addr\">Courriel*<\/label><span class=\"wpcf7-form-control-wrap\" data-name=\"email_addr\"><input size=\"40\" maxlength=\"400\" class=\"wpcf7-form-control wpcf7-email wpcf7-validates-as-required wpcf7-text wpcf7-validates-as-email all-100\" aria-required=\"true\" aria-invalid=\"false\" value=\"\" type=\"email\" name=\"email_addr\" \/><\/span>\n\t<\/div>\n  <\/div>\n  <div class=\"all-50 small-100 tiny-100\">\n\t<div class=\"field-surround\">\n\t  <label class=\"label\" for=\"tel_phone\">T\u00e9l\u00e9phone*<\/label><span class=\"wpcf7-form-control-wrap\" data-name=\"tel_phone\"><input size=\"40\" maxlength=\"400\" class=\"wpcf7-form-control wpcf7-tel wpcf7-validates-as-required wpcf7-text wpcf7-validates-as-tel all-100\" aria-required=\"true\" aria-invalid=\"false\" value=\"\" type=\"tel\" name=\"tel_phone\" \/><\/span>\n\t<\/div>\n  <\/div>\n\n  <div class=\"all-100\">\n\t<h5>Adresse d\u2019origine*<\/h5>\n  <\/div>\n  <div class=\"all-50 small-100 tiny-100\">\n\t<div class=\"field-surround\">\n\t  <label class=\"label\" for=\"addr1_street\">Adresse*<\/label><span class=\"wpcf7-form-control-wrap\" data-name=\"addr1_street\"><input size=\"40\" maxlength=\"400\" class=\"wpcf7-form-control wpcf7-text wpcf7-validates-as-required all-100\" aria-required=\"true\" aria-invalid=\"false\" value=\"\" type=\"text\" name=\"addr1_street\" \/><\/span>\n\t<\/div>\n  <\/div>\n  <div class=\"all-50 small-50 tiny-100\">\n\t<div class=\"field-surround\">\n\t  <label class=\"label\" for=\"addr1_city\">Ville*<\/label><span class=\"wpcf7-form-control-wrap\" data-name=\"addr1_city\"><input size=\"40\" maxlength=\"400\" class=\"wpcf7-form-control wpcf7-text wpcf7-validates-as-required all-100\" aria-required=\"true\" aria-invalid=\"false\" value=\"\" type=\"text\" name=\"addr1_city\" \/><\/span>\n\t<\/div>\n  <\/div>\n  <div class=\"all-33 small-50 tiny-100\">\n\t<div class=\"field-surround\">\n\t  <label class=\"label\" for=\"addr1_city\">Province\/\u00c9tat*<\/label><span class=\"wpcf7-form-control-wrap\" data-name=\"addr1_prov\"><input size=\"40\" maxlength=\"400\" class=\"wpcf7-form-control wpcf7-text wpcf7-validates-as-required all-100\" aria-required=\"true\" aria-invalid=\"false\" value=\"\" type=\"text\" name=\"addr1_prov\" \/><\/span>\n\t<\/div>\n  <\/div>\n  <div class=\"all-33 small-50 tiny-100\">\n\t<div class=\"field-surround\">\n\t  <label class=\"label\" for=\"addr1_postal\">Code Postal*<\/label><span class=\"wpcf7-form-control-wrap\" data-name=\"addr1_postal\"><input size=\"40\" maxlength=\"400\" class=\"wpcf7-form-control wpcf7-text wpcf7-validates-as-required all-100\" aria-required=\"true\" aria-invalid=\"false\" value=\"\" type=\"text\" name=\"addr1_postal\" \/><\/span>\n\t<\/div>\n  <\/div>\n  <div class=\"all-33 small-50 tiny-100\">\n\t<div class=\"field-surround\">\n\t  <label class=\"label\" for=\"addr1_country\">Pays*<\/label><span class=\"wpcf7-form-control-wrap\" data-name=\"addr1_country\"><input size=\"40\" maxlength=\"400\" class=\"wpcf7-form-control wpcf7-text wpcf7-validates-as-required all-100\" aria-required=\"true\" aria-invalid=\"false\" value=\"\" type=\"text\" name=\"addr1_country\" \/><\/span>\n\t<\/div>\n  <\/div>\n  <div class=\"all-100\">\n\t<div class=\"field-surround\">\n\t  <label class=\"label\" for=\"addr1_type\"><\/label><span class=\"wpcf7-form-control-wrap\" data-name=\"addr1_type\"><select class=\"wpcf7-form-control wpcf7-select wpcf7-validates-as-required all-100\" aria-required=\"true\" aria-invalid=\"false\" name=\"addr1_type\"><option value=\"--Type de r\u00e9sidence--\">--Type de r\u00e9sidence--<\/option><option value=\"Maison d\u00e9tach\u00e9e\">Maison d\u00e9tach\u00e9e<\/option><option value=\"Maison jumel\u00e9e\">Maison jumel\u00e9e<\/option><option value=\"Maison de ville\">Maison de ville<\/option><option value=\"Appartement\/condo\">Appartement\/condo<\/option><option value=\"Autre\">Autre<\/option><\/select><\/span>\n\t<\/div>\n  <\/div>\n\n  <div class=\"all-100\">\n\t<h5>Adresse de Destination*<\/h5>\n  <\/div>\n  <div class=\"all-50 small-100 tiny-100\">\n\t<div class=\"field-surround\">\n\t  <label class=\"label\" for=\"addr2_street\">Adresse*<\/label><span class=\"wpcf7-form-control-wrap\" data-name=\"addr2_street\"><input size=\"40\" maxlength=\"400\" class=\"wpcf7-form-control wpcf7-text wpcf7-validates-as-required all-100\" aria-required=\"true\" aria-invalid=\"false\" value=\"\" type=\"text\" name=\"addr2_street\" \/><\/span>\n\t<\/div>\n  <\/div>\n  <div class=\"all-50 small-50 tiny-100\">\n\t<div class=\"field-surround\">\n\t  <label class=\"label\" for=\"addr2_city\">Ville*<\/label><span class=\"wpcf7-form-control-wrap\" data-name=\"addr2_city\"><input size=\"40\" maxlength=\"400\" class=\"wpcf7-form-control wpcf7-text wpcf7-validates-as-required all-100\" aria-required=\"true\" aria-invalid=\"false\" value=\"\" type=\"text\" name=\"addr2_city\" \/><\/span>\n\t<\/div>\n  <\/div>\n  <div class=\"all-33 small-50 tiny-100\">\n\t<div class=\"field-surround\">\n\t  <label class=\"label\" for=\"addr2_prov\">Province\/\u00c9tat*<\/label><span class=\"wpcf7-form-control-wrap\" data-name=\"addr2_prov\"><input size=\"40\" maxlength=\"400\" class=\"wpcf7-form-control wpcf7-text wpcf7-validates-as-required all-100\" aria-required=\"true\" aria-invalid=\"false\" value=\"\" type=\"text\" name=\"addr2_prov\" \/><\/span>\n\t<\/div>\n  <\/div>\n  <div class=\"all-33 small-50 tiny-100\">\n\t<div class=\"field-surround\">\n\t  <label class=\"label\" for=\"addr2_postal\">Code Postal*<\/label><span class=\"wpcf7-form-control-wrap\" data-name=\"addr2_postal\"><input size=\"40\" maxlength=\"400\" class=\"wpcf7-form-control wpcf7-text all-100\" aria-invalid=\"false\" value=\"\" type=\"text\" name=\"addr2_postal\" \/><\/span>\n\t<\/div>\n  <\/div>\n  <div class=\"all-33 small-50 tiny-100\">\n\t<div class=\"field-surround\">\n\t  <label class=\"label\" for=\"addr2_country\">Pays*<\/label><span class=\"wpcf7-form-control-wrap\" data-name=\"addr2_country\"><input size=\"40\" maxlength=\"400\" class=\"wpcf7-form-control wpcf7-text wpcf7-validates-as-required all-100\" aria-required=\"true\" aria-invalid=\"false\" value=\"\" type=\"text\" name=\"addr2_country\" \/><\/span>\n\t<\/div>\n  <\/div>\n  <div class=\"all-100\">\n\t<div class=\"field-surround\">\n\t  <label class=\"label\" for=\"addr2_type\"><\/label><span class=\"wpcf7-form-control-wrap\" data-name=\"addr2_type\"><select class=\"wpcf7-form-control wpcf7-select wpcf7-validates-as-required all-100\" aria-required=\"true\" aria-invalid=\"false\" name=\"addr2_type\"><option value=\"--Type de r\u00e9sidence--\">--Type de r\u00e9sidence--<\/option><option value=\"Maison d\u00e9tach\u00e9e\">Maison d\u00e9tach\u00e9e<\/option><option value=\"Maison jumel\u00e9e\">Maison jumel\u00e9e<\/option><option value=\"Maison de ville\">Maison de ville<\/option><option value=\"Appartement\/condo\">Appartement\/condo<\/option><option value=\"Autre\">Autre<\/option><\/select><\/span>\n\t<\/div>\n  <\/div>\n\n  <div class=\"all-100\">\n\t<h5>Pi\u00e8ces \u00e0 D\u00e9m\u00e9nager<\/h5>\n  <\/div>\n  <div class=\"all-33 small-50 tiny-100\">\n\t<div class=\"field-surround\">\n\t  <label class=\"label\" for=\"bedrooms\"><\/label><span class=\"wpcf7-form-control-wrap\" data-name=\"bedrooms\"><select class=\"wpcf7-form-control wpcf7-select wpcf7-validates-as-required all-100\" aria-required=\"true\" aria-invalid=\"false\" name=\"bedrooms\"><option value=\"--Chambre \u00e0 coucher--\">--Chambre \u00e0 coucher--<\/option><option value=\"1\">1<\/option><option value=\"2\">2<\/option><option value=\"3\">3<\/option><option value=\"4\">4<\/option><option value=\"5\">5<\/option><option value=\"6\">6<\/option><option value=\"7+\">7+<\/option><\/select><\/span>\n\t<\/div>\n  <\/div>\n  <div class=\"all-33 small-50 tiny-100\">\n\t<div class=\"field-surround\">\n\t  <label class=\"label\" for=\"bathrooms\"><\/label><span class=\"wpcf7-form-control-wrap\" data-name=\"bathrooms\"><select class=\"wpcf7-form-control wpcf7-select wpcf7-validates-as-required all-100\" aria-required=\"true\" aria-invalid=\"false\" name=\"bathrooms\"><option value=\"--Salles de bains--\">--Salles de bains--<\/option><option value=\"1\">1<\/option><option value=\"2\">2<\/option><option value=\"3\">3<\/option><option value=\"4\">4<\/option><option value=\"5+\">5+<\/option><\/select><\/span>\n\t<\/div>\n  <\/div>\n  <div class=\"all-33 small-100 tiny-100\">\n\t<div class=\"field-surround\">\n\t  <label class=\"label\" for=\"garage\"><\/label><span class=\"wpcf7-form-control-wrap\" data-name=\"garage\"><select class=\"wpcf7-form-control wpcf7-select wpcf7-validates-as-required all-100\" aria-required=\"true\" aria-invalid=\"false\" name=\"garage\"><option value=\"--Garage--\">--Garage--<\/option><option value=\"Aucun\">Aucun<\/option><option value=\"Simple\">Simple<\/option><option value=\"Double\">Double<\/option><option value=\"Triple\">Triple<\/option><option value=\"Autre\">Autre<\/option><\/select><\/span>\n\t<\/div>\n  <\/div>\n  <div class=\"all-100\">\n\t<div class=\"field-surround\">\n\t  <span class=\"wpcf7-form-control-wrap\" data-name=\"rooms\"><span class=\"wpcf7-form-control wpcf7-checkbox\"><span class=\"wpcf7-list-item first\"><label><input type=\"checkbox\" name=\"rooms[]\" value=\"Salon\" \/><span class=\"wpcf7-list-item-label\">Salon<\/span><\/label><\/span><span class=\"wpcf7-list-item\"><label><input type=\"checkbox\" name=\"rooms[]\" value=\"Salle \u00e0 diner\" \/><span class=\"wpcf7-list-item-label\">Salle \u00e0 diner<\/span><\/label><\/span><span class=\"wpcf7-list-item\"><label><input type=\"checkbox\" name=\"rooms[]\" value=\"Cuisine\" \/><span class=\"wpcf7-list-item-label\">Cuisine<\/span><\/label><\/span><span class=\"wpcf7-list-item\"><label><input type=\"checkbox\" name=\"rooms[]\" value=\"Pantry\" \/><span class=\"wpcf7-list-item-label\">Pantry<\/span><\/label><\/span><span class=\"wpcf7-list-item\"><label><input type=\"checkbox\" name=\"rooms[]\" value=\"Salle familiale\" \/><span class=\"wpcf7-list-item-label\">Salle familiale<\/span><\/label><\/span><span class=\"wpcf7-list-item\"><label><input type=\"checkbox\" name=\"rooms[]\" value=\"Bureau\/Den\" \/><span class=\"wpcf7-list-item-label\">Bureau\/Den<\/span><\/label><\/span><span class=\"wpcf7-list-item\"><label><input type=\"checkbox\" name=\"rooms[]\" value=\"Salle de lavage\" \/><span class=\"wpcf7-list-item-label\">Salle de lavage<\/span><\/label><\/span><span class=\"wpcf7-list-item\"><label><input type=\"checkbox\" name=\"rooms[]\" value=\"Salle de jeux\" \/><span class=\"wpcf7-list-item-label\">Salle de jeux<\/span><\/label><\/span><span class=\"wpcf7-list-item\"><label><input type=\"checkbox\" name=\"rooms[]\" value=\"Entreposage\" \/><span class=\"wpcf7-list-item-label\">Entreposage<\/span><\/label><\/span><span class=\"wpcf7-list-item\"><label><input type=\"checkbox\" name=\"rooms[]\" value=\"Terrasse\/Meubles\" \/><span class=\"wpcf7-list-item-label\">Terrasse\/Meubles<\/span><\/label><\/span><span class=\"wpcf7-list-item\"><label><input type=\"checkbox\" name=\"rooms[]\" value=\"Cabanon de jardin\" \/><span class=\"wpcf7-list-item-label\">Cabanon de jardin<\/span><\/label><\/span><span class=\"wpcf7-list-item last\"><label><input type=\"checkbox\" name=\"rooms[]\" value=\"Autre\" \/><span class=\"wpcf7-list-item-label\">Autre<\/span><\/label><\/span><\/span><\/span>\n\t<\/div>\n  <\/div>\n\n  <div class=\"all-100\">\n\t<h5>Items sp\u00e9ciaux \u00e0 d\u00e9m\u00e9nager<\/h5>\n  <\/div>\n  <div class=\"all-100\">\n\t<div class=\"field-surround\">\n\t  <span class=\"wpcf7-form-control-wrap\" data-name=\"special_items\"><span class=\"wpcf7-form-control wpcf7-checkbox\"><span class=\"wpcf7-list-item first\"><label><input type=\"checkbox\" name=\"special_items[]\" value=\"Automobile\" \/><span class=\"wpcf7-list-item-label\">Automobile<\/span><\/label><\/span><span class=\"wpcf7-list-item\"><label><input type=\"checkbox\" name=\"special_items[]\" value=\"Bateau\/cano\u00eb\" \/><span class=\"wpcf7-list-item-label\">Bateau\/cano\u00eb<\/span><\/label><\/span><span class=\"wpcf7-list-item\"><label><input type=\"checkbox\" name=\"special_items[]\" value=\"Grand t\u00e9l\u00e9viseur \u00e0 \u00e9cran plat\" \/><span class=\"wpcf7-list-item-label\">Grand t\u00e9l\u00e9viseur \u00e0 \u00e9cran plat<\/span><\/label><\/span><span class=\"wpcf7-list-item\"><label><input type=\"checkbox\" name=\"special_items[]\" value=\"Gros \u00e9lectrom\u00e9nagers\" \/><span class=\"wpcf7-list-item-label\">Gros \u00e9lectrom\u00e9nagers<\/span><\/label><\/span><span class=\"wpcf7-list-item\"><label><input type=\"checkbox\" name=\"special_items[]\" value=\"Piano\" \/><span class=\"wpcf7-list-item-label\">Piano<\/span><\/label><\/span><span class=\"wpcf7-list-item\"><label><input type=\"checkbox\" name=\"special_items[]\" value=\"Table de pool\" \/><span class=\"wpcf7-list-item-label\">Table de pool<\/span><\/label><\/span><span class=\"wpcf7-list-item\"><label><input type=\"checkbox\" name=\"special_items[]\" value=\"Table de ping pong\" \/><span class=\"wpcf7-list-item-label\">Table de ping pong<\/span><\/label><\/span><span class=\"wpcf7-list-item\"><label><input type=\"checkbox\" name=\"special_items[]\" value=\"\u00c9quipement d\u2019exercice\" \/><span class=\"wpcf7-list-item-label\">\u00c9quipement d\u2019exercice<\/span><\/label><\/span><span class=\"wpcf7-list-item\"><label><input type=\"checkbox\" name=\"special_items[]\" value=\"Structure de jeu\" \/><span class=\"wpcf7-list-item-label\">Structure de jeu<\/span><\/label><\/span><span class=\"wpcf7-list-item\"><label><input type=\"checkbox\" name=\"special_items[]\" value=\"Trampoline\" \/><span class=\"wpcf7-list-item-label\">Trampoline<\/span><\/label><\/span><span class=\"wpcf7-list-item\"><label><input type=\"checkbox\" name=\"special_items[]\" value=\"Bain \u00e0 remous\" \/><span class=\"wpcf7-list-item-label\">Bain \u00e0 remous<\/span><\/label><\/span><span class=\"wpcf7-list-item\"><label><input type=\"checkbox\" name=\"special_items[]\" value=\"Tondeuse \u00e0 gazon\" \/><span class=\"wpcf7-list-item-label\">Tondeuse \u00e0 gazon<\/span><\/label><\/span><span class=\"wpcf7-list-item\"><label><input type=\"checkbox\" name=\"special_items[]\" value=\"Tracteur \u00e0 gazon\" \/><span class=\"wpcf7-list-item-label\">Tracteur \u00e0 gazon<\/span><\/label><\/span><span class=\"wpcf7-list-item\"><label><input type=\"checkbox\" name=\"special_items[]\" value=\"Souffleuse \u00e0 neige\" \/><span class=\"wpcf7-list-item-label\">Souffleuse \u00e0 neige<\/span><\/label><\/span><span class=\"wpcf7-list-item\"><label><input type=\"checkbox\" name=\"special_items[]\" value=\"VTT\" \/><span class=\"wpcf7-list-item-label\">VTT<\/span><\/label><\/span><span class=\"wpcf7-list-item last\"><label><input type=\"checkbox\" name=\"special_items[]\" value=\"Autre\" \/><span class=\"wpcf7-list-item-label\">Autre<\/span><\/label><\/span><\/span><\/span>\n\t<\/div>\n  <\/div>\n\n  <div class=\"all-100\">\n\t<h5>Date d\u00e9sir\u00e9e du d\u00e9m\u00e9nagement*<\/h5>\n  <\/div>\n  <div class=\"all-33 small-40 tiny-40\">\n\t<div class=\"field-surround\">\n\t  <label class=\"label\" for=\"move1_month\"><\/label><span class=\"wpcf7-form-control-wrap\" data-name=\"move1_month\"><select class=\"wpcf7-form-control wpcf7-select wpcf7-validates-as-required all-100\" aria-required=\"true\" aria-invalid=\"false\" name=\"move1_month\"><option value=\"janvier\">janvier<\/option><option value=\"f\u00e9vrier\">f\u00e9vrier<\/option><option value=\"mars\">mars<\/option><option value=\"avril\">avril<\/option><option value=\"mai\">mai<\/option><option value=\"juin\">juin<\/option><option value=\"julliet\">julliet<\/option><option value=\"ao\u00fbt\">ao\u00fbt<\/option><option value=\"septembre\">septembre<\/option><option value=\"octobre\">octobre<\/option><option value=\"novembre\">novembre<\/option><option value=\"d\u00e9cembre\">d\u00e9cembre<\/option><\/select><\/span>\n\t<\/div>\n  <\/div>\n  <div class=\"all-33 small-30 tiny-30\">\n\t<div class=\"field-surround\">\n\t  <label class=\"label\" for=\"move1_day\">Jour<\/label><span class=\"wpcf7-form-control-wrap\" data-name=\"move1_day\"><input size=\"40\" maxlength=\"400\" class=\"wpcf7-form-control wpcf7-text wpcf7-validates-as-required all-100\" aria-required=\"true\" aria-invalid=\"false\" value=\"\" type=\"text\" name=\"move1_day\" \/><\/span>\n\t<\/div>\n  <\/div>\n  <div class=\"all-33 small-30 tiny-30\">\n\t<div class=\"field-surround\">\n\t  <label class=\"label\" for=\"move1_year\">Ann\u00e9e<\/label><span class=\"wpcf7-form-control-wrap\" data-name=\"move1_year\"><input size=\"40\" maxlength=\"400\" class=\"wpcf7-form-control wpcf7-text wpcf7-validates-as-required all-100\" aria-required=\"true\" aria-invalid=\"false\" value=\"\" type=\"text\" name=\"move1_year\" \/><\/span>\n\t<\/div>\n  <\/div>\n  <div class=\"all-33 small-40 tiny-40\">\n\t<div class=\"field-surround\">\n\t  <label class=\"label\" for=\"move2_month\"><\/label><span class=\"wpcf7-form-control-wrap\" data-name=\"move2_month\"><select class=\"wpcf7-form-control wpcf7-select wpcf7-validates-as-required all-100\" aria-required=\"true\" aria-invalid=\"false\" name=\"move2_month\"><option value=\"janvier\">janvier<\/option><option value=\"f\u00e9vrier\">f\u00e9vrier<\/option><option value=\"mars\">mars<\/option><option value=\"avril\">avril<\/option><option value=\"mai\">mai<\/option><option value=\"juin\">juin<\/option><option value=\"julliet\">julliet<\/option><option value=\"ao\u00fbt\">ao\u00fbt<\/option><option value=\"septembre\">septembre<\/option><option value=\"octobre\">octobre<\/option><option value=\"novembre\">novembre<\/option><option value=\"d\u00e9cembre\">d\u00e9cembre<\/option><\/select><\/span>\n\t<\/div>\n  <\/div>\n  <div class=\"all-33 small-30 tiny-30\">\n\t<div class=\"field-surround\">\n\t  <label class=\"label\" for=\"move2_day\">Jour<\/label><span class=\"wpcf7-form-control-wrap\" data-name=\"move2_day\"><input size=\"40\" maxlength=\"400\" class=\"wpcf7-form-control wpcf7-text wpcf7-validates-as-required all-100\" aria-required=\"true\" aria-invalid=\"false\" value=\"\" type=\"text\" name=\"move2_day\" \/><\/span>\n\t<\/div>\n  <\/div>\n  <div class=\"all-33 small-30 tiny-30\">\n\t<div class=\"field-surround\">\n\t  <label class=\"label\" for=\"move2_year\">Ann\u00e9e<\/label><span class=\"wpcf7-form-control-wrap\" data-name=\"move2_year\"><input size=\"40\" maxlength=\"400\" class=\"wpcf7-form-control wpcf7-text wpcf7-validates-as-required all-100\" aria-required=\"true\" aria-invalid=\"false\" value=\"\" type=\"text\" name=\"move2_year\" \/><\/span>\n\t<\/div>\n  <\/div>\n\n\n  <div class=\"all-100\">\n\t<h5>Avez-vous besoin de services d'emballage? *<\/h5>\n  <\/div>\n  <div class=\"all-100\">\n\t<div class=\"field-surround\">\n\t  <label class=\"label\" for=\"packing\"><\/label><span class=\"wpcf7-form-control-wrap\" data-name=\"packing\"><select class=\"wpcf7-form-control wpcf7-select all-100\" aria-invalid=\"false\" name=\"packing\"><option value=\"Non\">Non<\/option><option value=\"Yes\">Yes<\/option><\/select><\/span>\n\t<\/div>\n  <\/div>\n\n  <div class=\"all-100\">\n\t<div class=\"field-surround\">\n\t  <label class=\"label\" for=\"message\">Commentaires suppl\u00e9mentaires<\/label><span class=\"wpcf7-form-control-wrap\" data-name=\"message\"><textarea cols=\"40\" rows=\"10\" maxlength=\"2000\" class=\"wpcf7-form-control wpcf7-textarea all-100\" id=\"message\" aria-invalid=\"false\" name=\"message\"><\/textarea><\/span>\n\t<\/div>\n  <\/div>\n\n  <div class=\"all-100\">\n\t<h5>Comment avez-vous entendu parler de Boyd?<\/h5>\n  <\/div>\n  <div class=\"all-100\">\n\t<div class=\"field-surround\">\n\t  <span class=\"wpcf7-form-control-wrap\" data-name=\"referral\"><span class=\"wpcf7-form-control wpcf7-checkbox\"><span class=\"wpcf7-list-item first\"><label><input type=\"checkbox\" name=\"referral[]\" value=\"Client existant\" \/><span class=\"wpcf7-list-item-label\">Client existant<\/span><\/label><\/span><span class=\"wpcf7-list-item\"><label><input type=\"checkbox\" name=\"referral[]\" value=\"R\u00e9f\u00e9rence\" \/><span class=\"wpcf7-list-item-label\">R\u00e9f\u00e9rence<\/span><\/label><\/span><span class=\"wpcf7-list-item\"><label><input type=\"checkbox\" name=\"referral[]\" value=\"Recherche en-ligne\" \/><span class=\"wpcf7-list-item-label\">Recherche en-ligne<\/span><\/label><\/span><span class=\"wpcf7-list-item\"><label><input type=\"checkbox\" name=\"referral[]\" value=\"Facebook\" \/><span class=\"wpcf7-list-item-label\">Facebook<\/span><\/label><\/span><span class=\"wpcf7-list-item\"><label><input type=\"checkbox\" name=\"referral[]\" value=\"Annonce imprim\u00e9\" \/><span class=\"wpcf7-list-item-label\">Annonce imprim\u00e9<\/span><\/label><\/span><span class=\"wpcf7-list-item\"><label><input type=\"checkbox\" name=\"referral[]\" value=\"Accroche-porte\" \/><span class=\"wpcf7-list-item-label\">Accroche-porte<\/span><\/label><\/span><span class=\"wpcf7-list-item\"><label><input type=\"checkbox\" name=\"referral[]\" value=\"Envoi postal\" \/><span class=\"wpcf7-list-item-label\">Envoi postal<\/span><\/label><\/span><span class=\"wpcf7-list-item last\"><label><input type=\"checkbox\" name=\"referral[]\" value=\"Radio\" \/><span class=\"wpcf7-list-item-label\">Radio<\/span><\/label><\/span><\/span><\/span>\n\t<\/div>\n  <\/div>\n\t\n  <div class=\"all-100\">\n\t  <div class=\"anr_captcha_field\"><div id=\"anr_captcha_field_1\"><\/div><\/div><span class=\"wpcf7-form-control-wrap g-recaptcha-response\"><\/span>\n\t  <input class=\"wpcf7-form-control wpcf7-submit has-spinner\" type=\"submit\" value=\"Demandez une soumission\" \/><br\/>\n  <\/div>\n<\/div><div class=\"wpcf7-response-output\" aria-hidden=\"true\"><\/div>\n<\/form>\n<\/div>\n<\/div>\n","protected":false},"excerpt":{"rendered":"","protected":false},"author":2,"featured_media":0,"parent":3958,"menu_order":1,"comment_status":"closed","ping_status":"closed","template":"page_service.php","meta":{"_acf_changed":false,"footnotes":""},"class_list":["post-2364","page","type-page","status-publish","hentry"],"acf":[],"_links":{"self":[{"href":"https:\/\/boydmoving.com\/fr\/wp-json\/wp\/v2\/pages\/2364","targetHints":{"allow":["GET"]}}],"collection":[{"href":"https:\/\/boydmoving.com\/fr\/wp-json\/wp\/v2\/pages"}],"about":[{"href":"https:\/\/boydmoving.com\/fr\/wp-json\/wp\/v2\/types\/page"}],"author":[{"embeddable":true,"href":"https:\/\/boydmoving.com\/fr\/wp-json\/wp\/v2\/users\/2"}],"replies":[{"embeddable":true,"href":"https:\/\/boydmoving.com\/fr\/wp-json\/wp\/v2\/comments?post=2364"}],"version-history":[{"count":0,"href":"https:\/\/boydmoving.com\/fr\/wp-json\/wp\/v2\/pages\/2364\/revisions"}],"up":[{"embeddable":true,"href":"https:\/\/boydmoving.com\/fr\/wp-json\/wp\/v2\/pages\/3958"}],"wp:attachment":[{"href":"https:\/\/boydmoving.com\/fr\/wp-json\/wp\/v2\/media?parent=2364"}],"curies":[{"name":"wp","href":"https:\/\/api.w.org\/{rel}","templated":true}]}}