{"id":2354,"date":"2017-07-12T16:42:17","date_gmt":"2017-07-12T16:42:17","guid":{"rendered":"http:\/\/www.boydmoving.com\/?page_id=2354\/"},"modified":"2022-02-24T19:10:51","modified_gmt":"2022-02-24T19:10:51","slug":"a-propos","status":"publish","type":"page","link":"https:\/\/boydmoving.com\/fr\/a-propos\/","title":{"rendered":"Pourquoi choisir Boyd?"},"content":{"rendered":"<h2><b>D\u00e9di\u00e9 \u00e0 l\u2019excellence depuis 1947<\/b><b><br \/>\n<\/b><\/h2>\n<p>&nbsp;<\/p>\n<p>Boyd propose presque tous les services de d\u00e9m\u00e9nagement ou d&rsquo;entreposage que vous pouvez imaginer. Nous offrons un niveau de service que la plupart des entreprises n&rsquo;\u00e9galent tout simplement pas.<\/p>\n<p>&nbsp;<\/p>\n<ol>\n<li><b>Une exp\u00e9rience de d\u00e9m\u00e9nagement harmonieuse.<\/b> Gr\u00e2ce \u00e0 notre exp\u00e9rience in\u00e9gal\u00e9e de plus de 75 ans, nous disposons de m\u00e9thodes et de processus \u00e9prouv\u00e9s pour garantir le succ\u00e8s des d\u00e9m\u00e9nagements, quelle que soit la distance \u00e0 parcourir. Nos sp\u00e9cialistes internes de la relocalisation et de l&rsquo;exp\u00e9dition planifient votre d\u00e9m\u00e9nagement, et peuvent m\u00eame vous aider \u00e0 remplir les formalit\u00e9s administratives pour les d\u00e9m\u00e9nagements internationaux. Il y a toujours un point de contact unique \u00e0 l&rsquo;origine et \u00e0 la destination; de plus, notre syst\u00e8me informatis\u00e9 suit votre d\u00e9m\u00e9nagement en ligne \u00e0 chaque \u00e9tape.<\/li>\n<li><b>D\u00e9m\u00e9nagement local, national ou international.<\/b> Parce que nous sommes membres de la United Van Lines, nous pouvons offrir une exp\u00e9rience de d\u00e9m\u00e9nagement uniforme dans tout le Canada et les \u00c9tats-Unis. En tant que membres de United, nous avons notre mot \u00e0 dire sur le fonctionnement de leurs syst\u00e8mes, et gr\u00e2ce \u00e0 notre expertise et \u00e0 celle d&rsquo;autres grandes soci\u00e9t\u00e9s de d\u00e9m\u00e9nagement, elles ont \u00e9t\u00e9 d\u00e9sign\u00e9es comme l&rsquo;une des soci\u00e9t\u00e9s les mieux g\u00e9r\u00e9es au Canada. Nous avons les ressources n\u00e9cessaires pour coordonner votre d\u00e9m\u00e9nagement partout en Am\u00e9rique du Nord ou \u00e0 l&rsquo;\u00e9tranger. En prime, les d\u00e9m\u00e9nagements longue distance peuvent vous permettre d&rsquo;obtenir des milles de r\u00e9compense Air Miles\u00ae.<\/li>\n<li><b>Un personnel et un service formidable.<\/b> Nous avons le don d&rsquo;attirer et de retenir un personnel formidable, et cela se voit dans le type de service qu&rsquo;il fournit. Nos employ\u00e9s, dont beaucoup travaillent pour nous depuis 20 ans ou plus, sont fiers de fournir des services de d\u00e9m\u00e9nagement, d&rsquo;entreposage et d&rsquo;exp\u00e9dition fiables et de haute qualit\u00e9 \u00e0 chaque client et ceci, \u00e0 chaque fois. Des planificateurs de d\u00e9m\u00e9nagement aux \u00e9quipes de d\u00e9m\u00e9nagement, ce sont tous des professionnels de carri\u00e8re qualifi\u00e9s portant des uniformes et titulaires d&rsquo;une habilitation de s\u00e9curit\u00e9 et d&rsquo;une caution. Les ateliers de formation continue et les contr\u00f4les ponctuels effectu\u00e9s par notre \u00e9quipe de direction (y compris les propri\u00e9taires !) garantissent que chaque article de la liste est v\u00e9rifi\u00e9. Rencontrez notre \u00e9quipe de gestion &gt;<\/li>\n<li><b>Diverses possibilit\u00e9s d\u2019entreposage pour les propri\u00e9taires et les entreprises.<\/b> L&rsquo;entrep\u00f4t de Boyd est une installation de \u00ab classe A \u00bb, prot\u00e9g\u00e9e par des syst\u00e8mes d&rsquo;alarme et disposant d&rsquo;une cote de s\u00e9curit\u00e9 gouvernementale. Pour un entreposage s\u00e9curis\u00e9 directement dans vos locaux, nous proposons \u00e9galement des conteneurs d\u2019entreposage \u00ab faites-le par vous-m\u00eame (DIY) \u00bb qui peuvent \u00eatre install\u00e9s dans votre entr\u00e9e ou sur une aire de stationnement.<\/li>\n<li><b>Faites l\u2019achat de vos fournitures de d\u00e9m\u00e9nagement et d\u2019emballage \u00e0 la source<\/b>. C&rsquo;est un secret bien gard\u00e9 que toutes les entreprises de d\u00e9m\u00e9nagement et d\u2019entreposage nous ach\u00e8tent leurs fournitures, et bien s\u00fbr y ajoutent leur propre marge de profit. Vous trouverez des prix plus bas et la s\u00e9lection la plus compl\u00e8te de fournitures de d\u00e9m\u00e9nagement et de mat\u00e9riel de location ici.<\/li>\n<li><b>Excellents services d&rsquo;entreposage et d&rsquo;inventaire pour les entreprises.<\/b> Nous savons que les entreprises veulent se concentrer sur la vente de produits, et non sur les d\u00e9tails des stocks. Nous disposons d\u00e9j\u00e0 de l&rsquo;espace, de l&rsquo;\u00e9quipement et de l&rsquo;\u00e9quipe form\u00e9e pour g\u00e9rer l&rsquo;entreposage et les stocks; donc le travail en collaboration vous permet de r\u00e9duire vos co\u00fbts et vos risques.<\/li>\n<li><b>\u00c9quipe bilingue.<\/b> Nous serons heureux de vous servir en fran\u00e7ais ou en anglais.<\/li>\n<li><b>Tranquillit\u00e9 d\u2019esprit.<\/b> Nous sommes enti\u00e8rement assur\u00e9s pour votre protection.<\/li>\n<li><b>Nous redonnons \u00e0 la communaut\u00e9.<\/b> Nous avons d\u00e9m\u00e9nag\u00e9 de nombreuses organisations caritatives dans de nouveaux locaux. En savoir plus sur ce que nous faisons pour la communaut\u00e9 &gt;<\/li>\n<\/ol>\n<p>&nbsp;<\/p>\n<h2><b>Boyd Moving\u2014<\/b> <b>Un nom charg\u00e9 d&rsquo;histoire<\/b><b><br \/>\n<\/b><\/h2>\n<p>Depuis 1947, nous avons gagn\u00e9 la confiance de milliers de clients dans la r\u00e9gion d&rsquo;Ottawa-Gatineau et au-del\u00e0, notamment des locataires et des propri\u00e9taires, des petites entreprises, des grandes soci\u00e9t\u00e9s et des organismes gouvernementaux, des plus petits et aux plus grands.<\/p>\n<p>Des premiers ministres et gouverneurs g\u00e9n\u00e9raux \u00e0 la famille d&rsquo;\u00e0 c\u00f4t\u00e9, des agences gouvernementales et des entreprises canadiennes aux entreprises familiales ind\u00e9pendantes, Boyd Moving and Storage est le choix num\u00e9ro un de la r\u00e9gion d&rsquo;Ottawa pour fournir des services de relocalisation de qualit\u00e9 et plus encore!<\/p>\n<p>&nbsp;<\/p>\n<h2><b>D\u00e9m\u00e9nagez en toute confiance<\/b><b><br \/>\n<\/b><\/h2>\n<p>Gros ou petits d\u00e9m\u00e9nagements, d\u2019\u00e0 quelques pas ou dans le monde entier, laissez-nous vous y transporter en toute s\u00e9curit\u00e9 et avec efficacit\u00e9. Demandez une estimation ou t\u00e9l\u00e9phonez-nous d\u00e8s aujourd&rsquo;hui au <a href=\"tel:6132444444\">613-244-4444<\/a> \u00e0 Ottawa ou sans frais au <a href=\"tel:18002681469\">1-800-268-1469<\/a>, ou contactez-nous en ligne.<\/p>\n<p>&nbsp;<\/p>\n<p><a class=\"boyd-button blue-bg uppercase\" href=\"#sect_form\">Demandez votre estimation de d\u00e9m\u00e9nagement gratuite<\/a><\/p>\n","protected":false},"excerpt":{"rendered":"<p>D\u00e9di\u00e9 \u00e0 l\u2019excellence depuis 1947 &nbsp; Boyd propose presque tous les services de d\u00e9m\u00e9nagement ou d&rsquo;entreposage que vous pouvez imaginer. Nous offrons un niveau de service que la plupart des entreprises n&rsquo;\u00e9galent tout simplement pas. &nbsp; Une exp\u00e9rience de d\u00e9m\u00e9nagement harmonieuse. Gr\u00e2ce \u00e0 notre exp\u00e9rience in\u00e9gal\u00e9e de plus de 75 ans, nous disposons de m\u00e9thodes [&hellip;]<\/p>\n","protected":false},"author":2,"featured_media":3295,"parent":0,"menu_order":10,"comment_status":"closed","ping_status":"closed","template":"","meta":{"_acf_changed":false,"footnotes":""},"class_list":["post-2354","page","type-page","status-publish","has-post-thumbnail","hentry"],"acf":[],"_links":{"self":[{"href":"https:\/\/boydmoving.com\/fr\/wp-json\/wp\/v2\/pages\/2354","targetHints":{"allow":["GET"]}}],"collection":[{"href":"https:\/\/boydmoving.com\/fr\/wp-json\/wp\/v2\/pages"}],"about":[{"href":"https:\/\/boydmoving.com\/fr\/wp-json\/wp\/v2\/types\/page"}],"author":[{"embeddable":true,"href":"https:\/\/boydmoving.com\/fr\/wp-json\/wp\/v2\/users\/2"}],"replies":[{"embeddable":true,"href":"https:\/\/boydmoving.com\/fr\/wp-json\/wp\/v2\/comments?post=2354"}],"version-history":[{"count":1,"href":"https:\/\/boydmoving.com\/fr\/wp-json\/wp\/v2\/pages\/2354\/revisions"}],"predecessor-version":[{"id":5792,"href":"https:\/\/boydmoving.com\/fr\/wp-json\/wp\/v2\/pages\/2354\/revisions\/5792"}],"wp:featuredmedia":[{"embeddable":true,"href":"https:\/\/boydmoving.com\/fr\/wp-json\/wp\/v2\/media\/3295"}],"wp:attachment":[{"href":"https:\/\/boydmoving.com\/fr\/wp-json\/wp\/v2\/media?parent=2354"}],"curies":[{"name":"wp","href":"https:\/\/api.w.org\/{rel}","templated":true}]}}