{"id":2348,"date":"2017-07-12T16:41:57","date_gmt":"2017-07-12T16:41:57","guid":{"rendered":"http:\/\/www.boydmoving.com\/?page_id=2348\/"},"modified":"2020-12-18T14:28:34","modified_gmt":"2020-12-18T14:28:34","slug":"entreposage-de-vehicules","status":"publish","type":"page","link":"https:\/\/boydmoving.com\/fr\/entreposage-residentiel-ou-commercial\/entreposage-de-vehicules\/","title":{"rendered":"Entreposage de V\u00e9hicules"},"content":{"rendered":"<p>Boyd exploite la plus grande installation d\u2019entreposage de v\u00e9hicules int\u00e9rieure au Canada, qui dispose plus de 100 000 pieds carr\u00e9s d&rsquo;espace pour les voitures et motocyclettes.<\/p>\n<p><strong>Pourquoi choisir Boyd ?<\/strong><\/p>\n<ul>\n<li>Installation int\u00e9rieure \u00e0 atmosph\u00e8re contr\u00f4l\u00e9e;<\/li>\n<li>Enti\u00e8rement informatis\u00e9 avec un personnel interne et exp\u00e9riment\u00e9;<\/li>\n<li>Cautionnement douanier, habilitation de s\u00e9curit\u00e9 et enti\u00e8rement assur\u00e9;<\/li>\n<li>Service dans les deux langues officielles;<\/li>\n<li><span style=\"line-height: inherit;\">Taux \u00e9conomiques \u00e0 court terme et \u00e0 long terme.<\/span><\/li>\n<\/ul>\n<p><img decoding=\"async\" class=\"all-50 small-100 tiny-100 alignright lazyload\" data-src=\"http:\/\/boydmoving.com\/wp-content\/uploads\/2017\/07\/BOYD-216-1200x800.jpg\" alt=\"\" src=\"data:image\/svg+xml;base64,PHN2ZyB3aWR0aD0iMSIgaGVpZ2h0PSIxIiB4bWxucz0iaHR0cDovL3d3dy53My5vcmcvMjAwMC9zdmciPjwvc3ZnPg==\" style=\"--smush-placeholder-width: 1200px; --smush-placeholder-aspect-ratio: 1200\/800;\" \/><\/p>\n<p>Les services incluent le d\u00e9branchement de votre batterie et la surveillance de la pression de vos pneus pendant que votre v\u00e9hicule est entrepos\u00e9. Des housses de voiture et d&rsquo;autres services sp\u00e9cialis\u00e9s sont \u00e9galement disponibles. L&rsquo;entreposage des v\u00e9hicules est ouvert du lundi au vendredi de 8h00 \u00e0 16h00.<\/p>\n<h4>Prot\u00e9g\u00e9 votre investissement<\/h4>\n<p>Profitez de la tranquillit\u00e9 d&rsquo;esprit qui vient en sachant que les professionnels qualifi\u00e9s prennent bien soin de votre v\u00e9hicule. Demandez une soumission ou appelez-nous au <strong>613-244-4444<\/strong> (sans frais: 800-268-1469).<\/p>\n","protected":false},"excerpt":{"rendered":"<p>Boyd exploite la plus grande installation d\u2019entreposage de v\u00e9hicules int\u00e9rieure au Canada, qui dispose plus de 100 000 pieds carr\u00e9s d&rsquo;espace pour les voitures et motocyclettes. Pourquoi choisir Boyd ? Installation int\u00e9rieure \u00e0 atmosph\u00e8re contr\u00f4l\u00e9e; Enti\u00e8rement informatis\u00e9 avec un personnel interne et exp\u00e9riment\u00e9; Cautionnement douanier, habilitation de s\u00e9curit\u00e9 et enti\u00e8rement assur\u00e9; Service dans les deux [&hellip;]<\/p>\n","protected":false},"author":2,"featured_media":2257,"parent":4006,"menu_order":1,"comment_status":"closed","ping_status":"closed","template":"page_service.php","meta":{"_acf_changed":false,"footnotes":""},"class_list":["post-2348","page","type-page","status-publish","has-post-thumbnail","hentry"],"acf":[],"_links":{"self":[{"href":"https:\/\/boydmoving.com\/fr\/wp-json\/wp\/v2\/pages\/2348","targetHints":{"allow":["GET"]}}],"collection":[{"href":"https:\/\/boydmoving.com\/fr\/wp-json\/wp\/v2\/pages"}],"about":[{"href":"https:\/\/boydmoving.com\/fr\/wp-json\/wp\/v2\/types\/page"}],"author":[{"embeddable":true,"href":"https:\/\/boydmoving.com\/fr\/wp-json\/wp\/v2\/users\/2"}],"replies":[{"embeddable":true,"href":"https:\/\/boydmoving.com\/fr\/wp-json\/wp\/v2\/comments?post=2348"}],"version-history":[{"count":0,"href":"https:\/\/boydmoving.com\/fr\/wp-json\/wp\/v2\/pages\/2348\/revisions"}],"up":[{"embeddable":true,"href":"https:\/\/boydmoving.com\/fr\/wp-json\/wp\/v2\/pages\/4006"}],"wp:featuredmedia":[{"embeddable":true,"href":"https:\/\/boydmoving.com\/fr\/wp-json\/wp\/v2\/media\/2257"}],"wp:attachment":[{"href":"https:\/\/boydmoving.com\/fr\/wp-json\/wp\/v2\/media?parent=2348"}],"curies":[{"name":"wp","href":"https:\/\/api.w.org\/{rel}","templated":true}]}}