{"id":2346,"date":"2017-07-12T16:52:57","date_gmt":"2017-07-12T16:52:57","guid":{"rendered":"http:\/\/www.boydmoving.com\/?page_id=2346\/"},"modified":"2021-11-04T19:39:24","modified_gmt":"2021-11-04T19:39:24","slug":"entreposage-stockage","status":"publish","type":"page","link":"https:\/\/boydmoving.com\/fr\/commerciaux\/entreposage-stockage\/","title":{"rendered":"Solutions d\u2019entreposage et de distribution \u00e0 Ottawa"},"content":{"rendered":"<p>Pour les d\u00e9taillants du commerce \u00e9lectronique et les d\u00e9taillants du commerce traditionnel de la r\u00e9gion d&rsquo;Ottawa, Boyd fournit tous les services d&rsquo;entreposage et de distribution dont vous avez besoin. Nous disposons de milliers de pieds carr\u00e9s d&rsquo;aire d&rsquo;entreposage, comprenant \u00e0 la fois de l&rsquo;espace en vrac et des \u00e9tag\u00e8res pour l\u2019entreposage \u00e0 court ou \u00e0 long terme. Notre personnel qualifi\u00e9 peut fournir des services <a href=\"https:\/\/boydmoving.com\/fr\/commerciaux\/gestion-dinventaire\/\">de gestion des stocks sans faille<\/a> pour votre entreprise.<\/p>\n<p>Si vos besoins \u00e9voluent, nous vous aiderons \u00e0 trouver les solutions qui vous conviennent le mieux.<\/p>\n<h2>Pourquoi Scooteretti utilise Boyd Warehousing<\/h2>\n<p>Comment l&rsquo;entreposage commercial peut-il vous faire \u00e9conomiser de l&rsquo;argent? Notre client, Will Leishman, propri\u00e9taire de l&rsquo;hypermarch\u00e9 de v\u00e9los \u00e9lectriques Scooteretti, explique dans cette vid\u00e9o. Il explique \u00e9galement comment nos services d&rsquo;entreposage ont optimis\u00e9 l&rsquo;efficacit\u00e9 et le service client de son entreprise.<\/p>\n<div class=\"youtube-wrap\"><lite-youtube params=\"modestbranding=1&#038;rel=0&#038;autoplay=1&#038;loop=1&#038;enablejsapi=1\" videoid=\"UxmOwlHv0j0\"><\/lite-youtube><\/div>\n<h2><b>Les avantages d\u2019entreposer \u00e0 Ottawa<\/b><b><br \/>\n<\/b><\/h2>\n<ul>\n<li>R\u00e9duisez les co\u00fbts d\u2019entreposage en regroupant vos stocks en un seul endroit.<\/li>\n<li>Am\u00e9liorez les processus de r\u00e9ception\/d\u2019exp\u00e9dition gr\u00e2ce \u00e0 notre service de r\u00e9ception et d&rsquo;exp\u00e9dition du lendemain.<\/li>\n<li>R\u00e9duisez les co\u00fbts de main-d&rsquo;\u0153uvre et prot\u00e9gez vos actifs (nos travailleurs certifi\u00e9s sur chariots \u00e9l\u00e9vateurs \u00e0 fourche sont qualifi\u00e9s pour manipuler avec soin les stocks de nos clients).<\/li>\n<li>Renforcez la s\u00e9curit\u00e9 gr\u00e2ce \u00e0 nos installations de \u00ab classe A \u00bb enti\u00e8rement cautionn\u00e9es et assur\u00e9es, qui sont dot\u00e9es d&rsquo;une habilitation de s\u00e9curit\u00e9 gouvernementale et prot\u00e9g\u00e9es par des syst\u00e8mes d&rsquo;alarme.<\/li>\n<\/ul>\n<p>\u00ab L&rsquo;entreposage commercial de Boyd est quelque chose que nous recommandons sans h\u00e9sitation \u2013 ils ont vraiment optimis\u00e9 nos \u00e9conomies du point de vue de l&rsquo;entreposage. L&rsquo;avantage est qu&rsquo;ils ont leur propre main-d&rsquo;\u0153uvre, leurs propres capacit\u00e9s d&rsquo;entreposage, leurs propres chariots \u00e9l\u00e9vateurs, toutes des choses que nous n&rsquo;avons pas \u00e0 g\u00e9rer nous-m\u00eames, ni \u00e0 entretenir ou \u00e0 assurer&#8230; \u00bb<\/p>\n<p>&#8211; Will Leishman, propri\u00e9taire, Scooteretti<\/p>\n<h2><b>Exp\u00e9dition de marchandises &#8211; local, national, international<br \/>\n<\/b><\/h2>\n<p>Si vous pr\u00e9f\u00e9rez ne pas g\u00e9rer vos propres livraisons internationales, nos experts sont qualifi\u00e9s pour traiter tous les types d&rsquo;envois internationaux entrants et sortants, et notre r\u00e9seau mondial assure l&rsquo;exp\u00e9dition et la manutention de vos marchandises en toute s\u00e9curit\u00e9.<\/p>\n<ul>\n<li>Un service mondial porte-\u00e0-porte<\/li>\n<li>R\u00e9seau mondial d&rsquo;agents travaillant pour vous<\/li>\n<li>Services sp\u00e9cialis\u00e9s d&#8217;emballage et de mise en caisse<\/li>\n<\/ul>\n<p>Nous offrons des conseils d&rsquo;experts sur la r\u00e9glementation d\u2019exp\u00e9dition, les exigences douani\u00e8res et les restrictions concernant l&rsquo;exp\u00e9dition de vos marchandises commerciales.<\/p>\n<h3><b>Livraison du dernier droit<\/b><b><br \/>\n<\/b><\/h3>\n<p>Boyd peut s&rsquo;occuper de la livraison du dernier droit dans la r\u00e9gion d&rsquo;Ottawa.<\/p>\n<h3><b>Exp\u00e9dition par voie terrestre<\/b><b><br \/>\n<\/b><\/h3>\n<p>Lorsque vous exp\u00e9diez des marchandises en Am\u00e9rique du Nord et qu&rsquo;il est important de respecter les d\u00e9lais de livraison, notre vaste r\u00e9seau de transporteurs et d&rsquo;agents r\u00e9partis sur le continent offre un service transfrontalier fiable et rentable au Canada, aux \u00c9tats-Unis et au Mexique.<\/p>\n<h3><b>Transport a\u00e9rien et maritime<\/b><b><br \/>\n<\/b><\/h3>\n<p>Boyd poss\u00e8de une exp\u00e9rience et une expertise consid\u00e9rables dans le domaine du transport maritime et a\u00e9rien, ce qui lui permet de vous offrir une solution \u00e0 source unique, comprenant l&#8217;emballage ou la mise en caisse sur mesure, la pr\u00e9paration des documents, l&rsquo;assurance des marchandises et bien d&rsquo;autres choses encore. Quels que soient vos besoins, notre \u00e9quipe veillera \u00e0 ce que votre envoi r\u00e9ponde \u00e0 toutes les normes internationales.<\/p>\n<h2><b>Nous aidons les petites et moyennes entreprises \u00e0 se d\u00e9velopper<\/b><b><br \/>\n<\/b><\/h2>\n<p>R\u00e9duisez vos frais g\u00e9n\u00e9raux et gagnez du temps et \u00e9conomisez de l&rsquo;argent gr\u00e2ce aux solutions \u00e9prouv\u00e9es d&rsquo;entreposage et de distribution de Boyd. Pour savoir comment nous pouvons vous aider, t\u00e9l\u00e9phonez-nous d\u00e8s aujourd\u2019hui au <a href=\"tel:6132444444\">613-244-4444 <\/a>(sans frais: <a href=\"tel:18002681469\">1-800-268-1469<\/a>).<\/p>\n","protected":false},"excerpt":{"rendered":"<p>Pour les d\u00e9taillants du commerce \u00e9lectronique et les d\u00e9taillants du commerce traditionnel de la r\u00e9gion d&rsquo;Ottawa, Boyd fournit tous les services d&rsquo;entreposage et de distribution dont vous avez besoin. Nous disposons de milliers de pieds carr\u00e9s d&rsquo;aire d&rsquo;entreposage, comprenant \u00e0 la fois de l&rsquo;espace en vrac et des \u00e9tag\u00e8res pour l\u2019entreposage \u00e0 court ou \u00e0 [&hellip;]<\/p>\n","protected":false},"author":2,"featured_media":4394,"parent":3990,"menu_order":2,"comment_status":"closed","ping_status":"closed","template":"page_service.php","meta":{"_acf_changed":false,"footnotes":""},"class_list":["post-2346","page","type-page","status-publish","has-post-thumbnail","hentry"],"acf":[],"_links":{"self":[{"href":"https:\/\/boydmoving.com\/fr\/wp-json\/wp\/v2\/pages\/2346","targetHints":{"allow":["GET"]}}],"collection":[{"href":"https:\/\/boydmoving.com\/fr\/wp-json\/wp\/v2\/pages"}],"about":[{"href":"https:\/\/boydmoving.com\/fr\/wp-json\/wp\/v2\/types\/page"}],"author":[{"embeddable":true,"href":"https:\/\/boydmoving.com\/fr\/wp-json\/wp\/v2\/users\/2"}],"replies":[{"embeddable":true,"href":"https:\/\/boydmoving.com\/fr\/wp-json\/wp\/v2\/comments?post=2346"}],"version-history":[{"count":0,"href":"https:\/\/boydmoving.com\/fr\/wp-json\/wp\/v2\/pages\/2346\/revisions"}],"up":[{"embeddable":true,"href":"https:\/\/boydmoving.com\/fr\/wp-json\/wp\/v2\/pages\/3990"}],"wp:featuredmedia":[{"embeddable":true,"href":"https:\/\/boydmoving.com\/fr\/wp-json\/wp\/v2\/media\/4394"}],"wp:attachment":[{"href":"https:\/\/boydmoving.com\/fr\/wp-json\/wp\/v2\/media?parent=2346"}],"curies":[{"name":"wp","href":"https:\/\/api.w.org\/{rel}","templated":true}]}}