{"id":2331,"date":"2017-08-31T20:02:42","date_gmt":"2017-08-31T20:02:42","guid":{"rendered":"http:\/\/www.boydmoving.com\/?page_id=2331\/"},"modified":"2021-11-24T17:18:15","modified_gmt":"2021-11-24T17:18:15","slug":"gestion-dinventaire","status":"publish","type":"page","link":"https:\/\/boydmoving.com\/fr\/commerciaux\/gestion-dinventaire\/","title":{"rendered":"Gestion d\u2019Inventaire"},"content":{"rendered":"<p>En fonction de vos objectifs, comme une plus grande souplesse, une livraison pour le lendemain ou fid\u00e9lit\u00e9, les services de gestion d&rsquo;inventaire de Boyd peuvent aider votre entreprise \u00e0 am\u00e9liorer la gestion des produits, ce qui augmente l&rsquo;efficacit\u00e9 et la rentabilit\u00e9.<\/p>\n<p>Nos services de gestion d&rsquo;inventaire incluent le contr\u00f4le de l\u2019inventaire \u00e0 distance, Choisir et emballer, la Mise en Trousse et le Transbordement.<\/p>\n<h3>Contr\u00f4le de l\u2019Inventaire \u00e0 Distance<\/h3>\n<p>Fatigu\u00e9 de vous demander si un article sp\u00e9cifique requis par un client est en stock? Besoin d&rsquo;un meilleur contr\u00f4le sur les niveaux d&rsquo;inventaire pour \u00e9viter les commandes arri\u00e8res, les stocks et les ventes perdues?<\/p>\n<p>Notre logiciel de logistique \u00e0 la fine pointe de la technologie rend votre inventaire, bas\u00e9 sur Boyd, enti\u00e8rement accessible et visible \u00e0 chaque fois que vous le souhaitez, jour et nuit, 365 jours par ann\u00e9e. En vous connectant \u00e0 notre syst\u00e8me avec vos informations d&rsquo;identification s\u00e9curis\u00e9es, vous pouvez v\u00e9rifier l&rsquo;inventaire, cr\u00e9er des commandes et g\u00e9n\u00e9rer des rapports o\u00f9 que ce soit dans le monde \u00e0 l&rsquo;aide de votre ordinateur portable, tablette, iPhone ou appareil Android.<\/p>\n<p>Ne perdez jamais un client parce que vous ne saviez pas que votre inventaire avait chut\u00e9 \u00e0 des niveaux critiques.<\/p>\n<p>Laissez les installations et la technologie de l\u2019entrep\u00f4t de Boyd vous aider \u00e0 augmenter votre niveau de satisfaction et \u00e0 un nouveau niveau. Contactez-nous d\u00e8s aujourd&rsquo;hui pour savoir comment Boyd peut vous aider \u00e0 rationaliser et \u00e0 mieux contr\u00f4ler votre entreprise.<\/p>\n<h4>Choisir et emballer<\/h4>\n<p>Choisir et emballer est l&rsquo;un des services les plus inestimables de Boyd.<\/p>\n<p><strong>Comment ceci fonctionne :<\/strong> les clients nous livrent des articles qui doivent \u00eatre s\u00e9par\u00e9s pour des envois individuels \u00e0 leurs clients. Lorsque nous recevons les palettes de produits, nous divisons les articles et pr\u00e9parons le produit dans des cartons pour les envois individuels. Si plusieurs exp\u00e9ditions sont livr\u00e9es avec le m\u00eame produit, nous nous effor\u00e7ons de nous assurer qu&rsquo;elles sont toutes re\u00e7ues dans la m\u00eame zone afin de faciliter leur acc\u00e8s et leur pr\u00e9paration.<\/p>\n<p>Nous stockons les articles jusqu&rsquo;\u00e0 ce que le client nous envoie les commandes de leurs clients pour les diff\u00e9rents produits que nous pr\u00e9parons (Choisir et Emballer) pour l&rsquo;exp\u00e9dition au nom du client. La pr\u00e9paration de la commande comprend les documents d&#8217;emballage et d&rsquo;exp\u00e9dition appropri\u00e9s, l\u2019avis au messager ou chauffeur qu&rsquo;il y a une commande pr\u00eate \u00e0 \u00eatre exp\u00e9di\u00e9e. Habituellement, nous avons la commande pr\u00e9par\u00e9e et pr\u00eate pour livraison dans les 24 heures.<\/p>\n<h4>Mise en Trousse<\/h4>\n<p>La mise en trousse consiste \u00e0 mettre un nombre pr\u00e9cis d&rsquo;articles sp\u00e9cifiques demand\u00e9s par notre client, qui sont ensuite emball\u00e9s dans des cartons et pellicule r\u00e9tractable pour la garde et l&rsquo;exp\u00e9dition. Les commandes de mise en trousse sont pr\u00e9par\u00e9es dans notre entrep\u00f4t pour un maximum d&rsquo;efficacit\u00e9 et ensuite exp\u00e9di\u00e9es vers la (les) destination(s) requise(s).<\/p>\n<h4>Transbordement<\/h4>\n<p>Le transbordement facilite le processus entre le fabricant et le fournisseur\/vendeur, et sauve tant sur les frais de stockage et main-d&rsquo;\u0153uvre.<\/p>\n<p>C&rsquo;est un service id\u00e9al lorsqu&rsquo;une entreprise n&rsquo;a pas acc\u00e8s \u00e0 un quai de chargement qui peut g\u00e9rer une remorque de 53 pieds. Boyd peut d\u00e9charger votre inventaire via l&rsquo;un de nos nombreux quais de chargement et le placer dans la zone de rassemblement. Nous vous informerons ensuite que votre envoi est arriv\u00e9 et est pr\u00eat \u00e0 \u00eatre r\u00e9cup\u00e9r\u00e9.<\/p>\n<p>Le transbordement est \u00e9galement utile si votre entreprise ne tient pas d&rsquo;inventaire car vos produits sont faits sur mesure. Dans ce cas, vous pouvez demander que le produit nous soit exp\u00e9di\u00e9 et, une fois qu&rsquo;il arrive \u00e0 notre entrep\u00f4t, vous pouvez le remettre \u00e0 votre client ou faire en sorte que nous le distribuerons pour vous.<\/p>\n\n<h4>Votre Partenaire Commercial<\/h4>\n<p>Simplifier les processus, am\u00e9liorer le service et r\u00e9duire les frais g\u00e9n\u00e9raux avec les Solutions d&rsquo;Inventaire et de Logistique fiables de Boyd. Demandez une consultation ou appelez-nous au <a href=\"tel:\/\/613-244-4444\"><strong>613-244-4444<\/strong><\/a><br \/>\n(sans frais: <a href=\"tel:\/\/1-800-268-1469\"><strong>1-800-268-1469<\/strong><\/a>).<\/p>\n","protected":false},"excerpt":{"rendered":"<p>En fonction de vos objectifs, comme une plus grande souplesse, une livraison pour le lendemain ou fid\u00e9lit\u00e9, les services de gestion d&rsquo;inventaire de Boyd peuvent aider votre entreprise \u00e0 am\u00e9liorer la gestion des produits, ce qui augmente l&rsquo;efficacit\u00e9 et la rentabilit\u00e9. Nos services de gestion d&rsquo;inventaire incluent le contr\u00f4le de l\u2019inventaire \u00e0 distance, Choisir et [&hellip;]<\/p>\n","protected":false},"author":2,"featured_media":4378,"parent":3990,"menu_order":3,"comment_status":"closed","ping_status":"closed","template":"page_service.php","meta":{"_acf_changed":false,"footnotes":""},"class_list":["post-2331","page","type-page","status-publish","has-post-thumbnail","hentry"],"acf":[],"_links":{"self":[{"href":"https:\/\/boydmoving.com\/fr\/wp-json\/wp\/v2\/pages\/2331","targetHints":{"allow":["GET"]}}],"collection":[{"href":"https:\/\/boydmoving.com\/fr\/wp-json\/wp\/v2\/pages"}],"about":[{"href":"https:\/\/boydmoving.com\/fr\/wp-json\/wp\/v2\/types\/page"}],"author":[{"embeddable":true,"href":"https:\/\/boydmoving.com\/fr\/wp-json\/wp\/v2\/users\/2"}],"replies":[{"embeddable":true,"href":"https:\/\/boydmoving.com\/fr\/wp-json\/wp\/v2\/comments?post=2331"}],"version-history":[{"count":0,"href":"https:\/\/boydmoving.com\/fr\/wp-json\/wp\/v2\/pages\/2331\/revisions"}],"up":[{"embeddable":true,"href":"https:\/\/boydmoving.com\/fr\/wp-json\/wp\/v2\/pages\/3990"}],"wp:featuredmedia":[{"embeddable":true,"href":"https:\/\/boydmoving.com\/fr\/wp-json\/wp\/v2\/media\/4378"}],"wp:attachment":[{"href":"https:\/\/boydmoving.com\/fr\/wp-json\/wp\/v2\/media?parent=2331"}],"curies":[{"name":"wp","href":"https:\/\/api.w.org\/{rel}","templated":true}]}}