{"id":2328,"date":"2017-08-31T21:10:36","date_gmt":"2017-08-31T21:10:36","guid":{"rendered":"http:\/\/www.boydmoving.com\/?page_id=2328\/"},"modified":"2020-12-18T15:05:24","modified_gmt":"2020-12-18T15:05:24","slug":"balance-de-pesage","status":"publish","type":"page","link":"https:\/\/boydmoving.com\/fr\/commerciaux\/balance-de-pesage\/","title":{"rendered":"Balance de pes\u00e9e publique"},"content":{"rendered":"<p>La plate-forme de pesage souterraine chauff\u00e9e de 80 pieds de Boyd est disponible pour une utilisation priv\u00e9e et commerciale par les entreprises de d\u00e9m\u00e9nagement, les soci\u00e9t\u00e9s de fret et d&rsquo;autres utilisateurs qui ont besoin d&rsquo;un pesage pr\u00e9cis des v\u00e9hicules et du fret.<\/p>\n<p>Des comptes commerciaux sont disponibles. Le conducteur conduit sur la pes\u00e9e, red\u00e9marre, puis re\u00e7oit son bordereau de pes\u00e9e imprim\u00e9 et sign\u00e9.<\/p>\n<ul>\n<li>Balance de pes\u00e9e approuv\u00e9e par le gouvernement<\/li>\n<li>Contr\u00f4l\u00e9e chaque ann\u00e9e pour en assurer l&rsquo;exactitude<\/li>\n<li>Chauff\u00e9 pour \u00e9viter que les charges de neige n&rsquo;affectent le poids du chargement<\/li>\n<\/ul>\n<p>Nos ma\u00eetres peseurs certifi\u00e9s peuvent vous aider avec vos poids d&rsquo;essieux et le certificat de poids du minist\u00e8re des transports de l&rsquo;Ontario (MTO).<\/p>\n<p>Pour de plus amples informations, envoyez-nous un courriel ou t\u00e9l\u00e9phonez-nous d\u00e8s aujourd\u2019hui au <a href=\"tel:6132444444\">613-244-4444<\/a> (sans frais: <a href=\"tel:18002681469\">1-800-268-1469<\/a>).<\/p>\n","protected":false},"excerpt":{"rendered":"<p>La plate-forme de pesage souterraine chauff\u00e9e de 80 pieds de Boyd est disponible pour une utilisation priv\u00e9e et commerciale par les entreprises de d\u00e9m\u00e9nagement, les soci\u00e9t\u00e9s de fret et d&rsquo;autres utilisateurs qui ont besoin d&rsquo;un pesage pr\u00e9cis des v\u00e9hicules et du fret. Des comptes commerciaux sont disponibles. Le conducteur conduit sur la pes\u00e9e, red\u00e9marre, puis [&hellip;]<\/p>\n","protected":false},"author":2,"featured_media":4390,"parent":3990,"menu_order":4,"comment_status":"closed","ping_status":"closed","template":"page_service.php","meta":{"_acf_changed":false,"footnotes":""},"class_list":["post-2328","page","type-page","status-publish","has-post-thumbnail","hentry"],"acf":[],"_links":{"self":[{"href":"https:\/\/boydmoving.com\/fr\/wp-json\/wp\/v2\/pages\/2328","targetHints":{"allow":["GET"]}}],"collection":[{"href":"https:\/\/boydmoving.com\/fr\/wp-json\/wp\/v2\/pages"}],"about":[{"href":"https:\/\/boydmoving.com\/fr\/wp-json\/wp\/v2\/types\/page"}],"author":[{"embeddable":true,"href":"https:\/\/boydmoving.com\/fr\/wp-json\/wp\/v2\/users\/2"}],"replies":[{"embeddable":true,"href":"https:\/\/boydmoving.com\/fr\/wp-json\/wp\/v2\/comments?post=2328"}],"version-history":[{"count":0,"href":"https:\/\/boydmoving.com\/fr\/wp-json\/wp\/v2\/pages\/2328\/revisions"}],"up":[{"embeddable":true,"href":"https:\/\/boydmoving.com\/fr\/wp-json\/wp\/v2\/pages\/3990"}],"wp:featuredmedia":[{"embeddable":true,"href":"https:\/\/boydmoving.com\/fr\/wp-json\/wp\/v2\/media\/4390"}],"wp:attachment":[{"href":"https:\/\/boydmoving.com\/fr\/wp-json\/wp\/v2\/media?parent=2328"}],"curies":[{"name":"wp","href":"https:\/\/api.w.org\/{rel}","templated":true}]}}