{"id":2323,"date":"2017-08-31T21:07:41","date_gmt":"2017-08-31T21:07:41","guid":{"rendered":"http:\/\/www.boydmoving.com\/?page_id=2323\/"},"modified":"2021-11-24T17:15:09","modified_gmt":"2021-11-24T17:15:09","slug":"international","status":"publish","type":"page","link":"https:\/\/boydmoving.com\/fr\/residentiels\/international\/","title":{"rendered":"D\u00e9m\u00e9nagements internationaux"},"content":{"rendered":"<p>Nous d\u00e9m\u00e9nageons Ottawa, et certains d\u00e9m\u00e9nagements vont plus loin que d&rsquo;autres. Si vous d\u00e9m\u00e9nagez \u00e0 l&rsquo;\u00e9tranger, vous aurez besoin d&rsquo;aide pour g\u00e9rer les processus complexes et la paperasse, avant m\u00eame que l&#8217;emballage ne commence!<\/p>\n<p>Heureusement, les experts de Boyd sont pr\u00eats \u00e0 vous aider. Nous avons des dizaines d&rsquo;ann\u00e9es d&rsquo;exp\u00e9rience dans le domaine du d\u00e9m\u00e9nagement de familles dans les pays du monde entier, et nous pouvons vous aider \u00e0 pr\u00e9parer le voyage qui vous attend. Nous vous proposons ce qui suit:<\/p>\n<p>&nbsp;<\/p>\n<ul>\n<li>Service porte-\u00e0-porte vers un plus grand nombre de sites internationaux.<\/li>\n<li>Des r\u00e9ponses en quelques heures, et non en quelques jours, gr\u00e2ce \u00e0 notre r\u00e9seau mondial d&rsquo;agents.<\/li>\n<li>Des prix tr\u00e8s comp\u00e9titifs.<\/li>\n<li>Des services d&#8217;emballage et de mise en caisse sp\u00e9cialis\u00e9s pour assurer la s\u00e9curit\u00e9 de vos biens.<\/li>\n<li>Des conseils d&rsquo;experts sur la r\u00e9glementation maritime, les exigences douani\u00e8res et les restrictions. Oui, nous nous occupons de tous les d\u00e9douanements pour vous.<\/li>\n<li>Des factures d\u00e9taill\u00e9es qui ventilent tous les co\u00fbts.<\/li>\n<li>Des estimations de prix pr\u00e9cises, garanties dans les 10 % de la facture finale du d\u00e9m\u00e9nagement*.<\/li>\n<li>Un planificateur de d\u00e9m\u00e9nagement d\u00e9di\u00e9 vous aide \u00e0 organiser votre d\u00e9m\u00e9nagement du d\u00e9but \u00e0 la fin.<\/li>\n<li>Des entrep\u00f4ts s\u00e9curis\u00e9s et climatis\u00e9s pour un entreposage \u00e0 court ou long terme.<\/li>\n<\/ul>\n<p>&nbsp;<\/p>\n<p>Nous proposons \u00e9galement des services de d\u00e9m\u00e9nagement ex\u00e9cutifs dans de nombreux pays.<\/p>\n<p>T\u00e9l\u00e9phonez au <a href=\"tel:6132444444\">613-244-4444<\/a> \u00e0 Ottawa ou sans frais au <a href=\"tel:18002681469\">1-800-268-1469<\/a> , ou contactez-nous en ligne.<\/p>\n<p>&nbsp;<\/p>\n<p><a class=\"boyd-button blue-bg uppercase\" href=\"#sect_form\">Demandez votre estimation de d\u00e9m\u00e9nagement gratuite<\/a><\/p>\n<h2><\/h2>\n<h2><b>Nous exp\u00e9dions par voie terrestre, a\u00e9rienne et maritime<\/b> <b><br \/>\n<\/b><\/h2>\n<p>Nos experts vous aideront \u00e0 d\u00e9terminer la m\u00e9thode la plus rentable pour votre d\u00e9m\u00e9nagement.<\/p>\n<p>&nbsp;<\/p>\n<h3><b>Transport terrestre<\/b><b><br \/>\n<\/b><\/h3>\n<p>Si vous d\u00e9m\u00e9nagez aux \u00c9tats-Unis ou au Canada, vous trouverez toutes les informations n\u00e9cessaires dans notre page consacr\u00e9e aux d\u00e9m\u00e9nagements longue distance.<\/p>\n<p>&nbsp;<\/p>\n<h3><b>Fret a\u00e9rien <\/b><b><br \/>\n<\/b><\/h3>\n<p>Pour la plupart des personnes qui partent \u00e0 l&rsquo;\u00e9tranger, le fret a\u00e9rien est utilis\u00e9 pour exp\u00e9dier le strict n\u00e9cessaire vers leur nouveau domicile. Cela vous aidera \u00e0 pouvoir fonctionner pendant les huit semaines pr\u00e9c\u00e9dant l&rsquo;arriv\u00e9e de votre fret maritime.<\/p>\n<p>&nbsp;<\/p>\n<h3><b>Fret maritime<\/b><b><br \/>\n<\/b><\/h3>\n<p>Contrairement \u00e0 la plupart des entreprises, Boyd propose des services de transport maritime en conteneurs complets et en conteneurs partiels, ce qui vous permet d&rsquo;obtenir de meilleurs prix. Nos conteneurs s\u00e9curis\u00e9s sont \u00e0 l&rsquo;\u00e9preuve de l&rsquo;humidit\u00e9 et de la vermine.<\/p>\n<p>&nbsp;<\/p>\n<p>Nous \u00e9liminons les \u00e9l\u00e9ments de doute sur les tarifs d&rsquo;exp\u00e9dition par voie maritime, car nous vous fournissons plus rapidement des informations plus pr\u00e9cises. Nous disposons d&rsquo;un r\u00e9seau extr\u00eamement bien d\u00e9velopp\u00e9 de partenaires internationaux par l&rsquo;interm\u00e9diaire de Mover One International et de United Van Lines, qui peut fournir des r\u00e9ponses en quelques heures seulement, et d&rsquo;autres options pour maintenir des prix comp\u00e9titifs.<\/p>\n<h2><\/h2>\n<h2><b>D\u00e9m\u00e9nagements internationaux : nos prix et nos processus<\/b><b><br \/>\n<\/b><\/h2>\n<p>En r\u00e8gle g\u00e9n\u00e9rale, notre tarification pour les d\u00e9m\u00e9nagements internationaux est d\u00e9termin\u00e9e par le volume de vos articles, multipli\u00e9 par la distance qu&rsquo;ils doivent parcourir. Nous utilisons le volume, car la quasi-totalit\u00e9 de nos d\u00e9m\u00e9nagements internationaux est envoy\u00e9e par fret maritime dans des conteneurs maritimes. Par exemple, votre chargement peut prendre 1 000 pieds cubes dans le conteneur, qu&rsquo;il p\u00e8se 80 livres ou 800 livres.<\/p>\n<p>&nbsp;<\/p>\n<p>Voici comment fonctionne notre processus:<\/p>\n<p>&nbsp;<\/p>\n<ol>\n<li>Votre employeur vous fournit votre visa de travail et d&rsquo;autres documents.<\/li>\n<li>Vous nous appelez pour organiser une consultation de d\u00e9m\u00e9nagement.<\/li>\n<li>\u00c0 votre domicile, vous discutez avec votre conseiller de ce que vous voulez que nous d\u00e9m\u00e9nagions et\/ou entreposions &#8211; nous discutons \u00e9galement de toute condition sp\u00e9ciale concernant votre pays de destination.<\/li>\n<li>Nous vous fournissons \u00e0 l&rsquo;avance une facture ventil\u00e9e, avec des lignes s\u00e9par\u00e9es chaque co\u00fbt.<\/li>\n<li>Apr\u00e8s approbation, nous vous fournissons les documents douaniers internationaux pour votre pays de destination, ainsi que les d\u00e9tails du d\u00e9m\u00e9nagement.<\/li>\n<li>Notre \u00e9quipe d&rsquo;experts en d\u00e9m\u00e9nagement arrive chez vous le jour du d\u00e9m\u00e9nagement et emballe vos effets.<\/li>\n<li>A votre nouveau domicile, notre entreprise partenaire vous livre vos biens et, si vous le souhaitez, les d\u00e9ballent pour vous.<\/li>\n<\/ol>\n<p>&nbsp;<\/p>\n<p>Nous vous recommandons vivement de nous laisser faire l&#8217;emballage pour tout d\u00e9m\u00e9nagement international, car nous sommes form\u00e9s pour prot\u00e9ger vos objets des conditions difficiles auxquelles les conteneurs maritimes seront confront\u00e9s. Notre \u00e9quipe utilise \u00e9galement des fournitures d&#8217;emballage sp\u00e9ciales, comme un type sp\u00e9cial d&#8217;emballage maritime, pour vous aider \u00e0 garder vos affaires bien rembourr\u00e9es et les emp\u00eacher de se d\u00e9placer. En outre, certains pays n&rsquo;autorisent pas les propri\u00e9taires \u00e0 exp\u00e9dier les conteneurs qu&rsquo;ils ont eux-m\u00eames emball\u00e9s (souvent parce que cela peut avoir une incidence sur le type de compensation financi\u00e8re disponible).<\/p>\n<p>&nbsp;<\/p>\n<h2><b>Le d\u00e9m\u00e9nagement expert de vos biens<\/b><\/h2>\n<p>&nbsp;<\/p>\n<p>Depuis 1947, l&rsquo;\u00e9quipe de Boyd traite tous les types d&rsquo;envois internationaux entrants et sortants de mani\u00e8re s\u00fbre et efficace. Nous disposons d&rsquo;un entrep\u00f4t enti\u00e8rement cautionn\u00e9 et assur\u00e9, dot\u00e9 d&rsquo;une \u00e9quipe d&rsquo;experts pr\u00eats \u00e0 exp\u00e9dier et \u00e0 recevoir vos marchandises, quelle que soit leur destination.<\/p>\n<p>Tout au long du processus, votre conseiller en d\u00e9m\u00e9nagement est pr\u00eat \u00e0 r\u00e9pondre aux questions et \u00e0 veiller \u00e0 ce que tous les d\u00e9tails soient g\u00e9r\u00e9s. Tout ce que vous et votre famille devez faire, c&rsquo;est profiter de l&rsquo;exp\u00e9rience d&rsquo;un d\u00e9m\u00e9nagement international.<\/p>\n<p>T\u00e9l\u00e9phonez au <a href=\"tel:6132444444\">613-244-4444<\/a> \u00e0 Ottawa ou sans frais au <a href=\"tel:18002681469\">1-800-268-1469<\/a> , ou contactez-nous en ligne.<\/p>\n<p><a class=\"boyd-button blue-bg uppercase\" href=\"#sect_form\">Demandez votre estimation de d\u00e9m\u00e9nagement gratuite<\/a><\/p>\n<p>&nbsp;<\/p>\n<p><i>* Nous sommes fiers de nos estimations de prix pr\u00e9cises. Nous vous garantissons que votre facture finale sera dans les 10 % de l&rsquo;estimation initiale, \u00e0 condition qu&rsquo;aucun article suppl\u00e9mentaire ne soit ajout\u00e9 \u00e0 l&rsquo;inventaire le jour du d\u00e9m\u00e9nagement.<\/i><\/p>\n<p>____________________________________________________<\/p>\n","protected":false},"excerpt":{"rendered":"<p>Nous d\u00e9m\u00e9nageons Ottawa, et certains d\u00e9m\u00e9nagements vont plus loin que d&rsquo;autres. Si vous d\u00e9m\u00e9nagez \u00e0 l&rsquo;\u00e9tranger, vous aurez besoin d&rsquo;aide pour g\u00e9rer les processus complexes et la paperasse, avant m\u00eame que l&#8217;emballage ne commence! Heureusement, les experts de Boyd sont pr\u00eats \u00e0 vous aider. Nous avons des dizaines d&rsquo;ann\u00e9es d&rsquo;exp\u00e9rience dans le domaine du d\u00e9m\u00e9nagement [&hellip;]<\/p>\n","protected":false},"author":2,"featured_media":2258,"parent":3958,"menu_order":3,"comment_status":"closed","ping_status":"closed","template":"page_service.php","meta":{"_acf_changed":false,"footnotes":""},"class_list":["post-2323","page","type-page","status-publish","has-post-thumbnail","hentry"],"acf":[],"_links":{"self":[{"href":"https:\/\/boydmoving.com\/fr\/wp-json\/wp\/v2\/pages\/2323","targetHints":{"allow":["GET"]}}],"collection":[{"href":"https:\/\/boydmoving.com\/fr\/wp-json\/wp\/v2\/pages"}],"about":[{"href":"https:\/\/boydmoving.com\/fr\/wp-json\/wp\/v2\/types\/page"}],"author":[{"embeddable":true,"href":"https:\/\/boydmoving.com\/fr\/wp-json\/wp\/v2\/users\/2"}],"replies":[{"embeddable":true,"href":"https:\/\/boydmoving.com\/fr\/wp-json\/wp\/v2\/comments?post=2323"}],"version-history":[{"count":0,"href":"https:\/\/boydmoving.com\/fr\/wp-json\/wp\/v2\/pages\/2323\/revisions"}],"up":[{"embeddable":true,"href":"https:\/\/boydmoving.com\/fr\/wp-json\/wp\/v2\/pages\/3958"}],"wp:featuredmedia":[{"embeddable":true,"href":"https:\/\/boydmoving.com\/fr\/wp-json\/wp\/v2\/media\/2258"}],"wp:attachment":[{"href":"https:\/\/boydmoving.com\/fr\/wp-json\/wp\/v2\/media?parent=2323"}],"curies":[{"name":"wp","href":"https:\/\/api.w.org\/{rel}","templated":true}]}}