{"id":2313,"date":"2017-07-12T16:49:57","date_gmt":"2017-07-12T16:49:57","guid":{"rendered":"http:\/\/www.boydmoving.com\/?page_id=2313\/"},"modified":"2021-11-04T19:38:45","modified_gmt":"2021-11-04T19:38:45","slug":"emballage-mise-en-caisse","status":"publish","type":"page","link":"https:\/\/boydmoving.com\/fr\/residentiels\/emballage-mise-en-caisse\/","title":{"rendered":"Services d\u2019emballage professionnel"},"content":{"rendered":"<h2><b>Chef de file en mati\u00e8re d\u2019emballage <\/b><b><br \/>\n<\/b><\/h2>\n<p>L&#8217;emballage de vos biens peut \u00eatre la partie la plus longue d&rsquo;un d\u00e9m\u00e9nagement. Pourquoi ne pas demander aux experts de Boyd de s&rsquo;en occuper pour vous ? Vous serez surpris de la rapidit\u00e9 et de la qualit\u00e9 de notre travail.<\/p>\n<p>Les \u00e9quipes de d\u00e9m\u00e9nagement de Boyd sont hautement qualifi\u00e9es dans l&rsquo;art d&#8217;emballer les objets de mani\u00e8re efficace et s\u00fbre. Dans nos ateliers d\u2019\u00e9quipe r\u00e9guli\u00e8res, nous passons en revue les meilleures pratiques pour l\u2019emballage de tout, c.-\u00e0-d. de la vaisselle et de la verrerie aux objets lourds comme les livres. Nous vous offrons ce qui suit:<\/p>\n<ul>\n<li><b>Flexibilit\u00e9 totale:<\/b> nous pouvons emballer et d\u00e9baller autant que vous en avez besoin.<\/li>\n<li><b>La bonne solution d&#8217;emballage pour tout ce que vous poss\u00e9dez.<\/b> Nous avons la plus grande vari\u00e9t\u00e9 de bo\u00eetes de d\u00e9m\u00e9nagement et de fournitures d&#8217;emballage \u00e0 Ottawa &#8211; en fait, nous fournissons des fournitures de d\u00e9m\u00e9nagement \u00e0 la plupart des entreprises de d\u00e9m\u00e9nagement de la r\u00e9gion d&rsquo;Ottawa.<\/li>\n<li><b>Une protection suppl\u00e9mentaire pour vos objets de valeur fragiles:<\/b> en savoir plus sur nos services de mise en caisse sur mesure.<\/li>\n<\/ul>\n<p>Profitez de la tranquillit\u00e9 d&rsquo;esprit que procure le fait de savoir que des professionnels qualifi\u00e9s prennent soin de vos objets de valeur. T\u00e9l\u00e9phonez-nous au <a href=\"tel:6132444444\">613-244-4444<\/a> \u00e0 Ottawa ou sans frais au <a href=\"tel:18002681469\">1-800-268-1469<\/a>, ou contactez-nous en ligne pour obtenir votre estimation.<\/p>\n<p><a class=\"boyd-button blue-bg uppercase\" href=\"#sect_form\">Demandez une estimation gratuite<\/a><\/p>\n<p>&nbsp;<\/p>\n<div class=\"youtube-wrap\"><lite-youtube params=\"modestbranding=1&#038;rel=0&#038;autoplay=1&#038;loop=1&#038;enablejsapi=1\" videoid=\"KMWU1h73xVw\"><\/lite-youtube><\/div>\n<h2><b>Nos options de service d&#8217;emballage professionnel<br \/>\n<\/b><\/h2>\n<p>&nbsp;<\/p>\n<p>Nous sommes l\u00e0 pour vous aider \u00e0 r\u00e9ussir votre d\u00e9m\u00e9nagement, et pour vous aider autant ou aussi peu que vous en avez besoin. Si vous n&rsquo;avez pas du tout besoin d&#8217;emballage, notre \u00e9quipe de d\u00e9m\u00e9nagement peut se charger de l&rsquo;essentiel. Les co\u00fbts d\u00e9pendront de votre type de d\u00e9m\u00e9nagement et de la quantit\u00e9 d&#8217;emballage n\u00e9cessaire, mais ils sont toujours <b>ventil\u00e9s en lignes distinctes sur votre estimation initiale<\/b>.<\/p>\n<h3><b>Emballage complet<\/b><\/h3>\n<p>C&rsquo;est le service parfait pour les personnes ayant un emploi du temps charg\u00e9. Nous nous chargeons d&#8217;emballer tout ce que vous \u00eates l\u00e9galement autoris\u00e9 \u00e0 mettre dans un camion de d\u00e9m\u00e9nagement. Nous pouvons m\u00eame d\u00e9monter pour vous des articles tels que des tables, des \u00e9tag\u00e8res et des lits.<\/p>\n<p>Veuillez noter que les d\u00e9m\u00e9nagements internationaux n\u00e9cessitent notre service professionnel d&#8217;emballage complet &#8211; vous seriez \u00e9tonn\u00e9 de voir les conditions difficiles auxquelles les conteneurs maritimes font face lors de leur voyage autour du monde.<\/p>\n<h3><b>Emballage partiel<\/b><b><\/b><\/h3>\n<p>Vous d\u00e9signez certains articles que vous voulez emballer vous-m\u00eame, et nous nous occupons du reste.<\/p>\n<h3><b>D\u00e9ballage<br \/>\n<\/b><\/h3>\n<p>Imaginez que vos casseroles, assiettes et verres apparaissent comme par magie dans les armoires de votre nouvelle cuisine. Certaines personnes vivent avec des bo\u00eetes non d\u00e9ball\u00e9es pendant des ann\u00e9es; cependant, vous n&rsquo;aurez pas \u00e0 composer avec ce probl\u00e8me. Nous pouvons \u00e9galement emporter les bo\u00eetes pour les recycler.<\/p>\n<p>Comme pour l&#8217;emballage, nous pouvons d\u00e9baller autant ou aussi peu que vous en avez besoin. Certains de nos clients optent pour notre service de <a href=\"https:\/\/boydmoving.com\/fr\/residentiels\/relogement-executifs\/\">relocalisation ex\u00e9cutif,<\/a> o\u00f9 nous g\u00e9rons les changements de d\u00e9cor et l&rsquo;installation de l&rsquo;\u00e9lectronique dans votre nouveau domicile.<\/p>\n<h2><b>Notre m\u00e9thode d\u2019emballage: de meilleures bo\u00eetes pour une meilleure protection<\/b><b><\/b><\/h2>\n<p>A part la formation que re\u00e7oivent les membres de notre \u00e9quipe, le secret de notre succ\u00e8s r\u00e9side dans l&rsquo;utilisation du bon type de bo\u00eetes et autres fournitures de d\u00e9m\u00e9nagement. Nous utilisons des cartons sp\u00e9cialis\u00e9s, du papier journal propre, du papier bulle, des feuilles de micro-mousse et du film plastique.<\/p>\n<ul>\n<li>La vaisselle et la verrerie vont dans des cartons pour la porcelaine, qui ont un carton \u00e0 double r\u00e9sistance et des coins renforc\u00e9s. Alors que la plupart des gens emballent les assiettes \u00e0 plat, nous les emballons sur le c\u00f4t\u00e9 pour \u00e9viter qu&rsquo;elles ne se cassent<\/li>\n<li>Nous utilisons des bo\u00eetes garde-robe pour les v\u00eatements sur cintre. Tout reste aussi propre et infroissable que dans votre garde-robe<\/li>\n<li>Nous utilisons des sacs en plastique neufs pour vos matelas<\/li>\n<li>Les meubles rembourr\u00e9s sont prot\u00e9g\u00e9s par un film plastique. C&rsquo;est une version r\u00e9sistante de l&#8217;emballage que vous utilisez dans votre propre cuisine<\/li>\n<li>Pour certains objets fragiles, le papier bulle ou la micro-mousse constituent la solution id\u00e9ale<\/li>\n<\/ul>\n<p>Afin d\u2019assurer la s\u00e9curit\u00e9 en raison de la crise de la COVID-19, nous n&rsquo;utilisons que des bo\u00eetes et du mat\u00e9riel neufs* pour chaque d\u00e9m\u00e9nagement.<\/p>\n<p>* Avant la pand\u00e9mie, nous fournissions \u00e0 nos clients des produits optionnels usag\u00e9s.<\/p>\n<h2>Bien emballer pour bien se d\u00e9placer <b><br \/>\n<\/b><\/h2>\n<p>&nbsp;<\/p>\n<p>Ne laissez pas le fardeau de l&#8217;emballage ralentir votre d\u00e9m\u00e9nagement. Pour en savoir plus sur le fonctionnement de nos services d&#8217;emballage et de d\u00e9m\u00e9nagement, t\u00e9l\u00e9phonez-nous au <a href=\"tel:6132444444\">613-244-4444<\/a> \u00e0 Ottawa ou sans frais au <a href=\"tel:18002681469\">1-800-268-1469<\/a>.<\/p>\n<p><a class=\"boyd-button blue-bg uppercase\" href=\"#sect_form\">Demandez une estimation gratuite<\/a><\/p>\n","protected":false},"excerpt":{"rendered":"<p>Chef de file en mati\u00e8re d\u2019emballage L&#8217;emballage de vos biens peut \u00eatre la partie la plus longue d&rsquo;un d\u00e9m\u00e9nagement. Pourquoi ne pas demander aux experts de Boyd de s&rsquo;en occuper pour vous ? Vous serez surpris de la rapidit\u00e9 et de la qualit\u00e9 de notre travail. Les \u00e9quipes de d\u00e9m\u00e9nagement de Boyd sont hautement qualifi\u00e9es [&hellip;]<\/p>\n","protected":false},"author":2,"featured_media":4388,"parent":3958,"menu_order":0,"comment_status":"closed","ping_status":"closed","template":"page_service.php","meta":{"_acf_changed":false,"footnotes":""},"class_list":["post-2313","page","type-page","status-publish","has-post-thumbnail","hentry"],"acf":[],"_links":{"self":[{"href":"https:\/\/boydmoving.com\/fr\/wp-json\/wp\/v2\/pages\/2313","targetHints":{"allow":["GET"]}}],"collection":[{"href":"https:\/\/boydmoving.com\/fr\/wp-json\/wp\/v2\/pages"}],"about":[{"href":"https:\/\/boydmoving.com\/fr\/wp-json\/wp\/v2\/types\/page"}],"author":[{"embeddable":true,"href":"https:\/\/boydmoving.com\/fr\/wp-json\/wp\/v2\/users\/2"}],"replies":[{"embeddable":true,"href":"https:\/\/boydmoving.com\/fr\/wp-json\/wp\/v2\/comments?post=2313"}],"version-history":[{"count":0,"href":"https:\/\/boydmoving.com\/fr\/wp-json\/wp\/v2\/pages\/2313\/revisions"}],"up":[{"embeddable":true,"href":"https:\/\/boydmoving.com\/fr\/wp-json\/wp\/v2\/pages\/3958"}],"wp:featuredmedia":[{"embeddable":true,"href":"https:\/\/boydmoving.com\/fr\/wp-json\/wp\/v2\/media\/4388"}],"wp:attachment":[{"href":"https:\/\/boydmoving.com\/fr\/wp-json\/wp\/v2\/media?parent=2313"}],"curies":[{"name":"wp","href":"https:\/\/api.w.org\/{rel}","templated":true}]}}