{"id":2290,"date":"2017-07-12T15:12:09","date_gmt":"2017-07-12T15:12:09","guid":{"rendered":"http:\/\/www.boydmoving.com\/?page_id=2290"},"modified":"2023-02-08T20:05:40","modified_gmt":"2023-02-08T20:05:40","slug":"accueil","status":"publish","type":"page","link":"https:\/\/boydmoving.com\/fr\/","title":{"rendered":"NOUS D\u00c9M\u00c9NAGEONS OTTAWA"},"content":{"rendered":"<p>Que vous d\u00e9m\u00e9nagiez dans une nouvelle maison ou que vous fassiez passer votre entreprise \u00e0 un niveau sup\u00e9rieur, vous m\u00e9ritez de pouvoir profiter du moment. Gr\u00e2ce aux services experts de Boyd en mati\u00e8re de d\u00e9m\u00e9nagement, de stockage et d&rsquo;entreposage commercial, vous pouvez vous d\u00e9tendre et vous concentrer sur les choses qui comptent le plus.<\/p>\n<div id=\"button-group\"><a class=\"hero-buttons\" href=\"https:\/\/boydmoving.com\/fr\/residentiels\/\">Estimation de d\u00e9m\u00e9nagement d\u2019un m\u00e9nage<\/a> <a class=\"hero-buttons\" href=\"https:\/\/boydmoving.com\/fr\/commerciaux\/commerciaux\/\">Estimation de d\u00e9m\u00e9nagement commercial<\/a> <a class=\"hero-buttons\" href=\"https:\/\/boydmoving.com\/fr\/equipements-fournitures\/location-dequipement\/\">Location de mat\u00e9riel de d\u00e9m\u00e9nagement<\/a><\/div>\n<div class=\"youtube-wrap\"><lite-youtube params=\"modestbranding=1&#038;rel=0&#038;autoplay=1&#038;loop=1&#038;enablejsapi=1\" videoid=\"Hi8-iq9tmU8\"><\/lite-youtube><\/div>\n<p>&nbsp;<\/p>\n","protected":false},"excerpt":{"rendered":"<p>Que vous d\u00e9m\u00e9nagiez dans une nouvelle maison ou que vous fassiez passer votre entreprise \u00e0 un niveau sup\u00e9rieur, vous m\u00e9ritez de pouvoir profiter du moment. Gr\u00e2ce aux services experts de Boyd en mati\u00e8re de d\u00e9m\u00e9nagement, de stockage et d&rsquo;entreposage commercial, vous pouvez vous d\u00e9tendre et vous concentrer sur les choses qui comptent le plus. Estimation [&hellip;]<\/p>\n","protected":false},"author":2,"featured_media":7917,"parent":0,"menu_order":1,"comment_status":"closed","ping_status":"closed","template":"page_home.php","meta":{"_acf_changed":false,"footnotes":""},"class_list":["post-2290","page","type-page","status-publish","has-post-thumbnail","hentry"],"acf":[],"_links":{"self":[{"href":"https:\/\/boydmoving.com\/fr\/wp-json\/wp\/v2\/pages\/2290","targetHints":{"allow":["GET"]}}],"collection":[{"href":"https:\/\/boydmoving.com\/fr\/wp-json\/wp\/v2\/pages"}],"about":[{"href":"https:\/\/boydmoving.com\/fr\/wp-json\/wp\/v2\/types\/page"}],"author":[{"embeddable":true,"href":"https:\/\/boydmoving.com\/fr\/wp-json\/wp\/v2\/users\/2"}],"replies":[{"embeddable":true,"href":"https:\/\/boydmoving.com\/fr\/wp-json\/wp\/v2\/comments?post=2290"}],"version-history":[{"count":1,"href":"https:\/\/boydmoving.com\/fr\/wp-json\/wp\/v2\/pages\/2290\/revisions"}],"predecessor-version":[{"id":7976,"href":"https:\/\/boydmoving.com\/fr\/wp-json\/wp\/v2\/pages\/2290\/revisions\/7976"}],"wp:featuredmedia":[{"embeddable":true,"href":"https:\/\/boydmoving.com\/fr\/wp-json\/wp\/v2\/media\/7917"}],"wp:attachment":[{"href":"https:\/\/boydmoving.com\/fr\/wp-json\/wp\/v2\/media?parent=2290"}],"curies":[{"name":"wp","href":"https:\/\/api.w.org\/{rel}","templated":true}]}}